{"id":1002,"date":"2022-12-26T16:50:56","date_gmt":"2022-12-26T16:50:56","guid":{"rendered":"https:\/\/todoparamascotas.co\/?post_type=product&#038;p=1002"},"modified":"2025-05-23T17:32:55","modified_gmt":"2025-05-23T17:32:55","slug":"shampoo-para-perros-insecticida-1-litro","status":"publish","type":"product","link":"https:\/\/www.todoparamascotas.co\/?product=shampoo-para-perros-insecticida-1-litro","title":{"rendered":"Shampoo para Perros Insecticida 1 Litro"},"content":{"rendered":"<div class=\"wpb-content-wrapper\"><p>[vc_row][vc_column][vc_column_text]<\/p>\n<h3><span style=\"font-size: 16px;\">\u00bfQu\u00e9 es <strong>Shampoo Insecticida Can Amor<\/strong>?<\/span><\/h3>\n<p>Can Amor Insecticida es un shampoo dise\u00f1ado para perros ideal en el tratamiento y eliminaci\u00f3n de par\u00e1sitos externos como pulgas, garrapatas y piojos. F\u00f3rmula con D-Fenotrina y de PH neutro.<\/p>\n<h3><span style=\"font-size: 16px;\">\u00bfPara qu\u00e9 sirve <strong>Shampoo Insecticida Can Amor<\/strong>?<\/span><\/h3>\n<p>F\u00f3rmula efectiva contra pulgas, garrapatas y piojos<\/p>\n<p>Es ideal para el tratamiento y control de par\u00e1sitos externos, efectivo en todas las razas de perro.<\/p>\n<h3><span style=\"font-size: 16px;\">\u00bfC\u00f3mo se usa el <strong>Shampoo Insecticida Can Amor<\/strong>?<\/span><\/h3>\n<p>Humedecer totalmente el pelaje de tu perro.<\/p>\n<p>Aplicar una generosa cantidad de shampoo sobre el perro.<\/p>\n<p>Usa tus manos para restregar y esparcir por todo el cuerpo hasta hacer espuma.<\/p>\n<p>Deja que el shampoo act\u00fae durante 5 minutos.<\/p>\n<p>Luego enjuagar con abundante agua hasta retirar el producto.<\/p>\n<p><strong>IMPORTANTE:<\/strong><\/p>\n<p>La informaci\u00f3n y los contenidos presentados tienen un car\u00e1cter meramente informativo y educativo, y no deben utilizarse como base para el uso de los productos. Los datos y recomendaciones provienen del fabricante o importador, y no nos hacemos responsables por errores u omisiones en el contenido ni por las decisiones tomadas por el usuario basadas en esta informaci\u00f3n.[\/vc_column_text][\/vc_column][\/vc_row]<\/p>\n<\/div>","protected":false},"excerpt":{"rendered":"<p>Shampoo insecticida ideal para el tratamiento y eliminaci\u00f3n de par\u00e1sitos externos como pulgas, garrapatas y piojos<\/p>\n","protected":false},"featured_media":1003,"comment_status":"open","ping_status":"closed","template":"","meta":[],"product_brand":[],"product_cat":[78],"product_tag":[],"class_list":{"0":"post-1002","1":"product","2":"type-product","3":"status-publish","4":"has-post-thumbnail","6":"product_cat-shampoo","8":"first","9":"outofstock","10":"shipping-taxable","11":"purchasable","12":"product-type-simple"},"jetpack_sharing_enabled":true,"_links":{"self":[{"href":"https:\/\/www.todoparamascotas.co\/index.php?rest_route=\/wp\/v2\/product\/1002","targetHints":{"allow":["GET"]}}],"collection":[{"href":"https:\/\/www.todoparamascotas.co\/index.php?rest_route=\/wp\/v2\/product"}],"about":[{"href":"https:\/\/www.todoparamascotas.co\/index.php?rest_route=\/wp\/v2\/types\/product"}],"replies":[{"embeddable":true,"href":"https:\/\/www.todoparamascotas.co\/index.php?rest_route=%2Fwp%2Fv2%2Fcomments&post=1002"}],"wp:featuredmedia":[{"embeddable":true,"href":"https:\/\/www.todoparamascotas.co\/index.php?rest_route=\/wp\/v2\/media\/1003"}],"wp:attachment":[{"href":"https:\/\/www.todoparamascotas.co\/index.php?rest_route=%2Fwp%2Fv2%2Fmedia&parent=1002"}],"wp:term":[{"taxonomy":"product_brand","embeddable":true,"href":"https:\/\/www.todoparamascotas.co\/index.php?rest_route=%2Fwp%2Fv2%2Fproduct_brand&post=1002"},{"taxonomy":"product_cat","embeddable":true,"href":"https:\/\/www.todoparamascotas.co\/index.php?rest_route=%2Fwp%2Fv2%2Fproduct_cat&post=1002"},{"taxonomy":"product_tag","embeddable":true,"href":"https:\/\/www.todoparamascotas.co\/index.php?rest_route=%2Fwp%2Fv2%2Fproduct_tag&post=1002"}],"curies":[{"name":"wp","href":"https:\/\/api.w.org\/{rel}","templated":true}]}}