{"id":1046,"date":"2023-09-15T17:19:46","date_gmt":"2023-09-15T17:19:46","guid":{"rendered":"https:\/\/todoparamascotas.co\/?post_type=product&#038;p=1046"},"modified":"2024-10-14T23:44:21","modified_gmt":"2024-10-14T23:44:21","slug":"renalforz-nutraforz-suplemento-para-gatos-60-bocados","status":"publish","type":"product","link":"https:\/\/www.todoparamascotas.co\/?product=renalforz-nutraforz-suplemento-para-gatos-60-bocados","title":{"rendered":"RenalForz NutraForz Suplemento para Gatos 60 Bocados"},"content":{"rendered":"<div class=\"wpb-content-wrapper\"><p>[vc_row][vc_column][vc_column_text]<\/p>\n<h3><span style=\"font-size: 16px;\">\u00bfQu\u00e9 es <strong>Renalforz<\/strong>?<\/span><\/h3>\n<p>Renalforz es un suplemento alimenticio para el cuidado de la funci\u00f3n renal en gatos de todas las edades y razas.<\/p>\n<h3><span style=\"font-size: 16px;\">\u00bfPara qu\u00e9 sirve <strong>Renalforz<\/strong>?<\/span><\/h3>\n<p>Favorece la circulaci\u00f3n renal \u00f3ptima, refuerza el sistema inmunol\u00f3gico, mantiene el equilibrio saludable de la homociste\u00edna y respalda la eliminaci\u00f3n natural de toxinas en los ri\u00f1ones. Estos deliciosos bocados est\u00e1n cuidadosamente formulados con una combinaci\u00f3n equilibrada de componentes naturales y vitaminas, dise\u00f1ada para fomentar el bienestar renal de los gatos.<\/p>\n<h3><span style=\"font-size: 16px;\">\u00bfC\u00f3mo suministrar <strong>Renalforz<\/strong>?<\/span><\/h3>\n<p>Cantidad diaria a suministrar:<\/p>\n<ul>\n<li>Peso menor a 2 Kg: 2 masticables<\/li>\n<li>Peso entre 2 Kg a 4 Kg: 3 masticables<\/li>\n<li>Peso entre 4 Kg a 7 Kg: 4 masticables<\/li>\n<\/ul>\n<p><strong>IMPORTANTE:<\/strong><\/p>\n<p>La informaci\u00f3n y los contenidos presentados tienen un car\u00e1cter meramente informativo y educativo, y no deben utilizarse como base para el uso de los productos. Los datos y recomendaciones provienen del fabricante o importador, y no nos hacemos responsables por errores u omisiones en el contenido ni por las decisiones tomadas por el usuario basadas en esta informaci\u00f3n.[\/vc_column_text][\/vc_column][\/vc_row]<\/p>\n<\/div>","protected":false},"excerpt":{"rendered":"<p>Cuida los ri\u00f1ones de tu gato con Nutraforz Renalforz, un suplemento delicioso con sabor a pollo, repleto de nutrientes naturales y vitaminas esenciales para el \u00f3ptimo funcionamiento renal felino<\/p>\n","protected":false},"featured_media":1047,"comment_status":"open","ping_status":"closed","template":"","meta":[],"product_brand":[],"product_cat":[72],"product_tag":[],"class_list":{"0":"post-1046","1":"product","2":"type-product","3":"status-publish","4":"has-post-thumbnail","6":"product_cat-suplementos","8":"first","9":"outofstock","10":"shipping-taxable","11":"purchasable","12":"product-type-simple"},"jetpack_sharing_enabled":true,"_links":{"self":[{"href":"https:\/\/www.todoparamascotas.co\/index.php?rest_route=\/wp\/v2\/product\/1046","targetHints":{"allow":["GET"]}}],"collection":[{"href":"https:\/\/www.todoparamascotas.co\/index.php?rest_route=\/wp\/v2\/product"}],"about":[{"href":"https:\/\/www.todoparamascotas.co\/index.php?rest_route=\/wp\/v2\/types\/product"}],"replies":[{"embeddable":true,"href":"https:\/\/www.todoparamascotas.co\/index.php?rest_route=%2Fwp%2Fv2%2Fcomments&post=1046"}],"wp:featuredmedia":[{"embeddable":true,"href":"https:\/\/www.todoparamascotas.co\/index.php?rest_route=\/wp\/v2\/media\/1047"}],"wp:attachment":[{"href":"https:\/\/www.todoparamascotas.co\/index.php?rest_route=%2Fwp%2Fv2%2Fmedia&parent=1046"}],"wp:term":[{"taxonomy":"product_brand","embeddable":true,"href":"https:\/\/www.todoparamascotas.co\/index.php?rest_route=%2Fwp%2Fv2%2Fproduct_brand&post=1046"},{"taxonomy":"product_cat","embeddable":true,"href":"https:\/\/www.todoparamascotas.co\/index.php?rest_route=%2Fwp%2Fv2%2Fproduct_cat&post=1046"},{"taxonomy":"product_tag","embeddable":true,"href":"https:\/\/www.todoparamascotas.co\/index.php?rest_route=%2Fwp%2Fv2%2Fproduct_tag&post=1046"}],"curies":[{"name":"wp","href":"https:\/\/api.w.org\/{rel}","templated":true}]}}