{"id":1054,"date":"2023-09-28T16:45:08","date_gmt":"2023-09-28T16:45:08","guid":{"rendered":"https:\/\/todoparamascotas.co\/?post_type=product&#038;p=1054"},"modified":"2024-10-14T23:34:29","modified_gmt":"2024-10-14T23:34:29","slug":"acederm-solucion-x-20-ml","status":"publish","type":"product","link":"https:\/\/www.todoparamascotas.co\/?product=acederm-solucion-x-20-ml","title":{"rendered":"Acederm Soluci\u00f3n x 20 ml"},"content":{"rendered":"<div class=\"wpb-content-wrapper\"><p>[vc_row][vc_column][vc_column_text]<\/p>\n<h3><span style=\"font-size: 16px;\">\u00bfQu\u00e9 es <strong>Acederm<\/strong>?<\/span><\/h3>\n<p>Es una soluci\u00f3n para uso en perros con aceponato de hidrocortisona de administraci\u00f3n t\u00f3pica con acci\u00f3n antipruriginosa y antiinflamatorio. Acederm se encuentra formulado a base de aceponato de hidrocortisona: un corticoide de la familia de los di\u00e9steres que se caracteriza por lograr una r\u00e1pida penetraci\u00f3n a trav\u00e9s del estrato c\u00f3rneo de la piel para luego ser metabolizado en las estructuras d\u00e9rmicas. Esta cin\u00e9tica en particular, su metabolismo a nivel dermal, permite generar un potente efecto antiinflamatorio que minimiza los efectos secundarios locales y sist\u00e9micos.<\/p>\n<h3><span style=\"font-size: 16px;\">\u00bfPara qu\u00e9 sirve <strong>Acederm<\/strong>?<\/span><\/h3>\n<p>Acederm est\u00e1 indicado en el tratamiento sintom\u00e1tico de las dermatitis inflamatorias y prur\u00edticas del perro.<\/p>\n<h3><span style=\"font-size: 16px;\">\u00bfC\u00f3mo se usa <strong>Acederm<\/strong>?<br \/>\n<\/span><\/h3>\n<p>El producto se administra sobre la piel y no requiere de masajes tras su aplicaci\u00f3n. La aspersi\u00f3n se debe realizar a una distancia de 10 cm de la zona a tratar. La dosis recomendada por d\u00eda es de 1,52 \u03bcg de hidrocortisona aceponato por cada cm\u00b2 de piel afectada. Esta dosis puede obtenerse con dos pulsaciones del pulverizador sobre la superficie a tratar equivalente a un cuadrado de 10 cm x 10 cm.<\/p>\n<p>Se recomienda la administraci\u00f3n diaria durante un per\u00edodo de 7 d\u00edas. De acuerdo al origen de la dermatitis -inflamatoria o prur\u00edtica- el tratamiento podr\u00e1 continuarse bajo criterio del m\u00e9dico veterinario actuante.<\/p>\n<p>Si el animal se encontrara mojado, deber\u00e1 secarse bien \u2013tanto la piel como el pelo- antes del tratamiento.<\/p>\n<p>Evitar el contacto con la boca y ojos del animal.<\/p>\n<p><strong>IMPORTANTE:<\/strong><\/p>\n<p>La informaci\u00f3n y los contenidos presentados tienen un car\u00e1cter meramente informativo y educativo, y no deben utilizarse como base para el uso de los productos. Los datos y recomendaciones provienen del fabricante o importador, y no nos hacemos responsables por errores u omisiones en el contenido ni por las decisiones tomadas por el usuario basadas en esta informaci\u00f3n.[\/vc_column_text][\/vc_column][\/vc_row]<\/p>\n<\/div>","protected":false},"excerpt":{"rendered":"<p>Soluci\u00f3n de aceponato de hidrocortisona de administraci\u00f3n t\u00f3pica. Antipruriginoso, antiinflamatorio para perros.<\/p>\n","protected":false},"featured_media":1055,"comment_status":"open","ping_status":"closed","template":"","meta":[],"product_brand":[],"product_cat":[96],"product_tag":[],"class_list":{"0":"post-1054","1":"product","2":"type-product","3":"status-publish","4":"has-post-thumbnail","6":"product_cat-dermatologicos","8":"first","9":"outofstock","10":"shipping-taxable","11":"purchasable","12":"product-type-simple"},"jetpack_sharing_enabled":true,"_links":{"self":[{"href":"https:\/\/www.todoparamascotas.co\/index.php?rest_route=\/wp\/v2\/product\/1054","targetHints":{"allow":["GET"]}}],"collection":[{"href":"https:\/\/www.todoparamascotas.co\/index.php?rest_route=\/wp\/v2\/product"}],"about":[{"href":"https:\/\/www.todoparamascotas.co\/index.php?rest_route=\/wp\/v2\/types\/product"}],"replies":[{"embeddable":true,"href":"https:\/\/www.todoparamascotas.co\/index.php?rest_route=%2Fwp%2Fv2%2Fcomments&post=1054"}],"wp:featuredmedia":[{"embeddable":true,"href":"https:\/\/www.todoparamascotas.co\/index.php?rest_route=\/wp\/v2\/media\/1055"}],"wp:attachment":[{"href":"https:\/\/www.todoparamascotas.co\/index.php?rest_route=%2Fwp%2Fv2%2Fmedia&parent=1054"}],"wp:term":[{"taxonomy":"product_brand","embeddable":true,"href":"https:\/\/www.todoparamascotas.co\/index.php?rest_route=%2Fwp%2Fv2%2Fproduct_brand&post=1054"},{"taxonomy":"product_cat","embeddable":true,"href":"https:\/\/www.todoparamascotas.co\/index.php?rest_route=%2Fwp%2Fv2%2Fproduct_cat&post=1054"},{"taxonomy":"product_tag","embeddable":true,"href":"https:\/\/www.todoparamascotas.co\/index.php?rest_route=%2Fwp%2Fv2%2Fproduct_tag&post=1054"}],"curies":[{"name":"wp","href":"https:\/\/api.w.org\/{rel}","templated":true}]}}