{"id":1065,"date":"2023-11-07T16:40:15","date_gmt":"2023-11-07T16:40:15","guid":{"rendered":"https:\/\/todoparamascotas.co\/?post_type=product&#038;p=1065"},"modified":"2026-05-02T19:32:10","modified_gmt":"2026-05-02T19:32:10","slug":"algilis-unguento-topico-antiflogistico","status":"publish","type":"product","link":"https:\/\/www.todoparamascotas.co\/?product=algilis-unguento-topico-antiflogistico","title":{"rendered":"Algilis Ung\u00fcento T\u00f3pico Antiflog\u00edstico"},"content":{"rendered":"<div class=\"wpb-content-wrapper\"><p>[vc_row][vc_column][vc_column_text]<\/p>\n<h3><span style=\"font-size: 16px;\">\u00bfQu\u00e9 es <strong>Algilis<\/strong>?<\/span><\/h3>\n<p>Algilis es un ung\u00fcento especializado con propiedades antiflogi\u0301sticas, antiinflamatorias y analge\u0301sicas. Este ung\u00fcento de uso t\u00f3pico est\u00e1 dise\u00f1ado para tratar lesiones musculares, problemas osteoarticulares, inflamaci\u00f3n y reducci\u00f3n del dolor en tejidos blandos y procesos tendinosos en una variedad de especies.<\/p>\n<h3><span style=\"font-size: 16px;\">\u00bfPara qu\u00e9 sirve <strong>Algilis<\/strong>?<\/span><\/h3>\n<p>Como antiflog\u00edstico, antiinflamatorio y analg\u00e9sico de uso t\u00f3pico en procesos musculares, osteoarticulares y tendinosos que cursen con inflamaci\u00f3n de car\u00e1cter no infeccioso causadas por golpes y contusiones. Act\u00faa como coadyuvante en el tratamiento de mastitis y edema de la ubre postparto.<\/p>\n<h3><span style=\"font-size: 16px;\">\u00bfC\u00f3mo se usa <strong>Algilis<\/strong>?<\/span><\/h3>\n<p>Aplicar sobre la zona afectada, realizando un masaje suave y prolongado. Repetir la aplicaci\u00f3n 2 a 3 veces al d\u00eda hasta que el dolor y la inflamaci\u00f3n desaparezca. En aplicaciones a nivel de la ubre, realizar la misma despu\u00e9s de cada orde\u00f1o.<\/p>\n<p><strong>IMPORTANTE:<\/strong><\/p>\n<p>La informaci\u00f3n y los contenidos presentados tienen un car\u00e1cter meramente informativo y educativo, y no deben utilizarse como base para el uso de los productos. Los datos y recomendaciones provienen del fabricante o importador, y no nos hacemos responsables por errores u omisiones en el contenido ni por las decisiones tomadas por el usuario basadas en esta informaci\u00f3n.[\/vc_column_text][\/vc_column][\/vc_row]<\/p>\n<\/div>","protected":false},"excerpt":{"rendered":"<p>[vc_row][vc_column][vc_column_text] \u00bfQu\u00e9 es Algilis? Algilis es un ung\u00fcento especializado con propiedades antiflogi\u0301sticas, antiinflamatorias y analge\u0301sicas. Este ung\u00fcento de uso t\u00f3pico est\u00e1 dise\u00f1ado para tratar lesiones musculares, problemas osteoarticulares, inflamaci\u00f3n y reducci\u00f3n del dolor en tejidos blandos y procesos tendinosos en una variedad de especies. \u00bfPara qu\u00e9 sirve Algilis? Como antiflog\u00edstico, antiinflamatorio y analg\u00e9sico de uso [&hellip;]<\/p>\n","protected":false},"featured_media":1066,"comment_status":"open","ping_status":"closed","template":"","meta":[],"product_brand":[],"product_cat":[71],"product_tag":[],"class_list":{"0":"post-1065","1":"product","2":"type-product","3":"status-publish","4":"has-post-thumbnail","6":"product_cat-antiinflamatorios","8":"first","9":"outofstock","10":"shipping-taxable","11":"purchasable","12":"product-type-variable"},"jetpack_sharing_enabled":true,"_links":{"self":[{"href":"https:\/\/www.todoparamascotas.co\/index.php?rest_route=\/wp\/v2\/product\/1065","targetHints":{"allow":["GET"]}}],"collection":[{"href":"https:\/\/www.todoparamascotas.co\/index.php?rest_route=\/wp\/v2\/product"}],"about":[{"href":"https:\/\/www.todoparamascotas.co\/index.php?rest_route=\/wp\/v2\/types\/product"}],"replies":[{"embeddable":true,"href":"https:\/\/www.todoparamascotas.co\/index.php?rest_route=%2Fwp%2Fv2%2Fcomments&post=1065"}],"wp:featuredmedia":[{"embeddable":true,"href":"https:\/\/www.todoparamascotas.co\/index.php?rest_route=\/wp\/v2\/media\/1066"}],"wp:attachment":[{"href":"https:\/\/www.todoparamascotas.co\/index.php?rest_route=%2Fwp%2Fv2%2Fmedia&parent=1065"}],"wp:term":[{"taxonomy":"product_brand","embeddable":true,"href":"https:\/\/www.todoparamascotas.co\/index.php?rest_route=%2Fwp%2Fv2%2Fproduct_brand&post=1065"},{"taxonomy":"product_cat","embeddable":true,"href":"https:\/\/www.todoparamascotas.co\/index.php?rest_route=%2Fwp%2Fv2%2Fproduct_cat&post=1065"},{"taxonomy":"product_tag","embeddable":true,"href":"https:\/\/www.todoparamascotas.co\/index.php?rest_route=%2Fwp%2Fv2%2Fproduct_tag&post=1065"}],"curies":[{"name":"wp","href":"https:\/\/api.w.org\/{rel}","templated":true}]}}