{"id":1067,"date":"2023-11-09T16:59:25","date_gmt":"2023-11-09T16:59:25","guid":{"rendered":"https:\/\/todoparamascotas.co\/?post_type=product&#038;p=1067"},"modified":"2025-04-14T18:42:40","modified_gmt":"2025-04-14T18:42:40","slug":"edupet-repelente-granulado-600-g","status":"publish","type":"product","link":"https:\/\/www.todoparamascotas.co\/?product=edupet-repelente-granulado-600-g","title":{"rendered":"Edupet Repelente Granulado 600 g"},"content":{"rendered":"<div class=\"wpb-content-wrapper\"><p>[vc_row][vc_column][vc_column_text]<\/p>\n<h3><span style=\"font-size: 16px;\">\u00bfQu\u00e9 es <strong>Edupet Granulado<\/strong>?<\/span><\/h3>\n<p>El repelente para perros y gatos Edupet Granulado basa su acci\u00f3n en sus propiedades arom\u00e1ticas y aprovecha los sentidos qu\u00edmicos del animal y sus h\u00e1bitos de demarcaci\u00f3n territorial para actuar en los lugares precisos a fin de evitar la deposici\u00f3n repetitiva y obligando al canino o felino correspondiente a buscar otras zonas de deposici\u00f3n.<\/p>\n<h3><span style=\"font-size: 16px;\">\u00bfPara qu\u00e9 sirve <strong>Edupet Granulado<\/strong>?<\/span><\/h3>\n<p>Edupet Granulado sirve como repelente ambiental para perros y gatos. Su funci\u00f3n principal es evitar la deposici\u00f3n repetitiva de estos animales en \u00e1reas espec\u00edficas. Su mecanismo de acci\u00f3n se basa en sus propiedades arom\u00e1ticas, que bloquean el reconocimiento de la zona de demarcaci\u00f3n por parte del animal. Adem\u00e1s, el aroma desagradable para el animal, pero no para el olfato humano, provoca un rechazo que lleva al perro o gato a buscar otras zonas para realizar sus necesidades. Este producto es resistente al agua y puede colocarse sobre la tierra sin perder sus propiedades repelentes.<\/p>\n<h3><span style=\"font-size: 16px;\">\u00bfC\u00f3mo se usa <strong>Edupet Granulado<\/strong>?<\/span><\/h3>\n<ol>\n<li>Limpiar las zonas donde perros y gatos hacen sus deposiciones.<\/li>\n<li>Utilizando la cuchara provista, esparcir abundantemente el producto en dichas zonas, hasta formar una fina capa de granulado, haci\u00e9ndolo: las primeras aplicaciones una vez cada 7 d\u00edas hasta no observar m\u00e1s deposiciones.<\/li>\n<li>Luego se efect\u00faa un mantenimiento que consiste en una aplicaci\u00f3n cada 10 o 15 d\u00edas.<\/li>\n<\/ol>\n<p><strong>IMPORTANTE:<\/strong><\/p>\n<p>La informaci\u00f3n y los contenidos presentados tienen un car\u00e1cter meramente informativo y educativo, y no deben utilizarse como base para el uso de los productos. Los datos y recomendaciones provienen del fabricante o importador, y no nos hacemos responsables por errores u omisiones en el contenido ni por las decisiones tomadas por el usuario basadas en esta informaci\u00f3n.[\/vc_column_text][\/vc_column][\/vc_row]<\/p>\n<\/div>","protected":false},"excerpt":{"rendered":"<p>Edupet Granulado funciona como un Modificador de h\u00e1bitos y conductas para perros y gatos. Este repelente ambiental utiliza propiedades arom\u00e1ticas y un aroma desagradable para bloquear la demarcaci\u00f3n territorial, evitando la deposici\u00f3n repetitiva y fomentando la b\u00fasqueda de otras zonas.<\/p>\n","protected":false},"featured_media":1333,"comment_status":"open","ping_status":"closed","template":"","meta":[],"product_brand":[],"product_cat":[98],"product_tag":[],"class_list":{"0":"post-1067","1":"product","2":"type-product","3":"status-publish","4":"has-post-thumbnail","6":"product_cat-limpieza-y-orina","8":"first","9":"outofstock","10":"shipping-taxable","11":"purchasable","12":"product-type-simple"},"jetpack_sharing_enabled":true,"_links":{"self":[{"href":"https:\/\/www.todoparamascotas.co\/index.php?rest_route=\/wp\/v2\/product\/1067","targetHints":{"allow":["GET"]}}],"collection":[{"href":"https:\/\/www.todoparamascotas.co\/index.php?rest_route=\/wp\/v2\/product"}],"about":[{"href":"https:\/\/www.todoparamascotas.co\/index.php?rest_route=\/wp\/v2\/types\/product"}],"replies":[{"embeddable":true,"href":"https:\/\/www.todoparamascotas.co\/index.php?rest_route=%2Fwp%2Fv2%2Fcomments&post=1067"}],"wp:featuredmedia":[{"embeddable":true,"href":"https:\/\/www.todoparamascotas.co\/index.php?rest_route=\/wp\/v2\/media\/1333"}],"wp:attachment":[{"href":"https:\/\/www.todoparamascotas.co\/index.php?rest_route=%2Fwp%2Fv2%2Fmedia&parent=1067"}],"wp:term":[{"taxonomy":"product_brand","embeddable":true,"href":"https:\/\/www.todoparamascotas.co\/index.php?rest_route=%2Fwp%2Fv2%2Fproduct_brand&post=1067"},{"taxonomy":"product_cat","embeddable":true,"href":"https:\/\/www.todoparamascotas.co\/index.php?rest_route=%2Fwp%2Fv2%2Fproduct_cat&post=1067"},{"taxonomy":"product_tag","embeddable":true,"href":"https:\/\/www.todoparamascotas.co\/index.php?rest_route=%2Fwp%2Fv2%2Fproduct_tag&post=1067"}],"curies":[{"name":"wp","href":"https:\/\/api.w.org\/{rel}","templated":true}]}}