{"id":1070,"date":"2023-11-13T19:27:00","date_gmt":"2023-11-13T19:27:00","guid":{"rendered":"https:\/\/todoparamascotas.co\/?post_type=product&#038;p=1070"},"modified":"2024-10-14T23:15:56","modified_gmt":"2024-10-14T23:15:56","slug":"bloqueador-solar-para-mascotas-sunny-pet-fps-50","status":"publish","type":"product","link":"https:\/\/www.todoparamascotas.co\/?product=bloqueador-solar-para-mascotas-sunny-pet-fps-50","title":{"rendered":"Bloqueador Solar para Mascotas Sunny Pet FPS 50+"},"content":{"rendered":"<div class=\"wpb-content-wrapper\"><p>[vc_row][vc_column][vc_column_text]<\/p>\n<h3><span style=\"font-size: 16px;\">\u00bfQu\u00e9 es <strong>Sunny Pet<\/strong>?<\/span><\/h3>\n<p>Sunny Pet es un bloqueador solar de amplio espectro con un factor de protecci\u00f3n solar (FPS) superior a 50, dise\u00f1ado espec\u00edficamente para perros de pelo blanco y claro, as\u00ed como para aquellos con pelaje corto y delgado, piel blanca, rosada o sensible al sol. Este producto es ideal para todas las mascotas expuestas de manera excesiva al sol, ya que ayuda a prevenir los efectos da\u00f1inos de los rayos UVA y UVB en la piel, incluso a trav\u00e9s de su pelaje.<\/p>\n<h3><span style=\"font-size: 16px;\">\u00bfPara qu\u00e9 sirve <strong>Sunny Pet<\/strong>?<\/span><\/h3>\n<p>Sunny Pet es un bloqueador solar de amplio espectro (FPS 50+) para mascotas que est\u00e1 indicado en perros de pelo blanco y claro, de pelaje corto y delgado, de piel blanca, rosada o sensible al sol y todas las mascotas sometidas a una exposici\u00f3n excesiva al sol, para ayudar a prevenir los efectos da\u00f1inos de los rayos del sol UVA y UVB en la piel, incluso a trav\u00e9s de su manto de pelo, lo que se logra gracias a sus activos y sus excipientes.<\/p>\n<h3><span style=\"font-size: 16px;\">\u00bfC\u00f3mo se usa <strong>Sunny Pet<\/strong>?<\/span><\/h3>\n<p>Aplicar una cantidad generosa de Sunny Pet sobre la palma de su mano y realizar masaje sobre el pelaje de su mascota, verificando que el producto quede totalmente esparcido. Al aplicar sobre la zona de la cara, prestar atenci\u00f3n de no aplicar alrededor de la zona ocular, trufa y pliegues de las orejas. Aplicar 30 minutos antes de exponer su mascota al sol. Aplicar otra cantidad cada 2 horas durante la exposici\u00f3n al sol.<\/p>\n<p><strong>IMPORTANTE:<\/strong><\/p>\n<p>La informaci\u00f3n y los contenidos presentados tienen un car\u00e1cter meramente informativo y educativo, y no deben utilizarse como base para el uso de los productos. Los datos y recomendaciones provienen del fabricante o importador, y no nos hacemos responsables por errores u omisiones en el contenido ni por las decisiones tomadas por el usuario basadas en esta informaci\u00f3n.[\/vc_column_text][\/vc_column][\/vc_row]<\/p>\n<\/div>","protected":false},"excerpt":{"rendered":"<p>Bloqueador solar (FPS 50+) para perros de piel clara y pelaje fino. F\u00f3rmula con aceites naturales, sin qu\u00edmicos agresivos ni preservantes artificiales. Protege contra rayos UVA y UVB, suave y no pegajoso, garantizando seguridad y comodidad para tu mascota<\/p>\n","protected":false},"featured_media":1072,"comment_status":"open","ping_status":"closed","template":"","meta":[],"product_brand":[],"product_cat":[15],"product_tag":[],"class_list":{"0":"post-1070","1":"product","2":"type-product","3":"status-publish","4":"has-post-thumbnail","6":"product_cat-uncategorized","8":"first","9":"outofstock","10":"shipping-taxable","11":"purchasable","12":"product-type-simple"},"jetpack_sharing_enabled":true,"_links":{"self":[{"href":"https:\/\/www.todoparamascotas.co\/index.php?rest_route=\/wp\/v2\/product\/1070","targetHints":{"allow":["GET"]}}],"collection":[{"href":"https:\/\/www.todoparamascotas.co\/index.php?rest_route=\/wp\/v2\/product"}],"about":[{"href":"https:\/\/www.todoparamascotas.co\/index.php?rest_route=\/wp\/v2\/types\/product"}],"replies":[{"embeddable":true,"href":"https:\/\/www.todoparamascotas.co\/index.php?rest_route=%2Fwp%2Fv2%2Fcomments&post=1070"}],"wp:featuredmedia":[{"embeddable":true,"href":"https:\/\/www.todoparamascotas.co\/index.php?rest_route=\/wp\/v2\/media\/1072"}],"wp:attachment":[{"href":"https:\/\/www.todoparamascotas.co\/index.php?rest_route=%2Fwp%2Fv2%2Fmedia&parent=1070"}],"wp:term":[{"taxonomy":"product_brand","embeddable":true,"href":"https:\/\/www.todoparamascotas.co\/index.php?rest_route=%2Fwp%2Fv2%2Fproduct_brand&post=1070"},{"taxonomy":"product_cat","embeddable":true,"href":"https:\/\/www.todoparamascotas.co\/index.php?rest_route=%2Fwp%2Fv2%2Fproduct_cat&post=1070"},{"taxonomy":"product_tag","embeddable":true,"href":"https:\/\/www.todoparamascotas.co\/index.php?rest_route=%2Fwp%2Fv2%2Fproduct_tag&post=1070"}],"curies":[{"name":"wp","href":"https:\/\/api.w.org\/{rel}","templated":true}]}}