{"id":1075,"date":"2023-11-19T18:24:21","date_gmt":"2023-11-19T18:24:21","guid":{"rendered":"https:\/\/todoparamascotas.co\/?post_type=product&#038;p=1075"},"modified":"2025-08-20T17:27:35","modified_gmt":"2025-08-20T17:27:35","slug":"curagan-nl-en-aerosol-375-ml-larvicida-antiseptico-y-repelente","status":"publish","type":"product","link":"https:\/\/www.todoparamascotas.co\/?product=curagan-nl-en-aerosol-375-ml-larvicida-antiseptico-y-repelente","title":{"rendered":"Curagan NL en Aerosol 375 ml Larvicida Antis\u00e9ptico y Repelente"},"content":{"rendered":"<div class=\"wpb-content-wrapper\"><p>[vc_row][vc_column][vc_column_text]<\/p>\n<h3><span style=\"font-size: 16px;\">\u00bfQu\u00e9 es <strong>Curagan NL<\/strong>?<\/span><\/h3>\n<p>Curagan NL es un eficiente larvicida, antis\u00e9ptico y repelente en aerosol con Cipermetrina y Violeta de Genciana. F\u00f3rmula ecoamigable con propelente sin impacto en la capa de ozono. Garantiza un control efectivo sin comprometer el medio ambiente.<\/p>\n<h3><span style=\"font-size: 16px;\">\u00bfPara qu\u00e9 sirve <strong>Curagan NL<\/strong>?<\/span><\/h3>\n<p>Ideal para controlar miasis y tratar heridas en animales dom\u00e9sticos. Sus usos incluyen el control de infestaciones de moscas, tratamiento de heridas quir\u00fargicas, y manejo de diversas afecciones cut\u00e1neas. Apto para bovinos, equinos, porcinos, perros y m\u00e1s, sin tiempo de retiro en leche. Curagan NL una soluci\u00f3n efectiva y segura para la salud de tus animales.<\/p>\n<p>Usos:<\/p>\n<ul>\n<li>Efecto antis\u00e9ptico en heridas quir\u00fargicas como castraciones, cortes de cola.<\/li>\n<li>Tratamiento en heridas de la piel, de pezu\u00f1as, cascos, pezones, curaciones de ombligo, onfalitis.<\/li>\n<li>Infecciones bacterianas secundarias en lesiones vesiculares, pododermatitis.<\/li>\n<li>Escoriaciones y \u00falceras de la piel.<\/li>\n<\/ul>\n<h3><span style=\"font-size: 16px;\">\u00bfC\u00f3mo se usa <strong>Curagan NL<\/strong>?<\/span><\/h3>\n<p>Dirija la v\u00e1lvula hacia el sitio afectado aproximadamente 20 cm de distancia y presi\u00f3nela rociando el producto hasta cubrir totalmente el \u00e1rea de piel o mucosa afectada.<\/p>\n<p><strong>IMPORTANTE:<\/strong><\/p>\n<p>La informaci\u00f3n y los contenidos presentados tienen un car\u00e1cter meramente informativo y educativo, y no deben utilizarse como base para el uso de los productos. Los datos y recomendaciones provienen del fabricante o importador, y no nos hacemos responsables por errores u omisiones en el contenido ni por las decisiones tomadas por el usuario basadas en esta informaci\u00f3n.[\/vc_column_text][\/vc_column][\/vc_row]<\/p>\n<\/div>","protected":false},"excerpt":{"rendered":"<p>CURAGAN NL en aerosol es un poderoso larvicida, antis\u00e9ptico y repelente dise\u00f1ado con Cipermetrina y Violeta de Genciana. Su f\u00f3rmula incluye un propelente que respeta la capa de ozono. Ideal para controlar miasis y infestaciones de moscas, tambi\u00e9n ofrece propiedades antis\u00e9pticas para heridas quir\u00fargicas en animales dom\u00e9sticos.<\/p>\n","protected":false},"featured_media":1076,"comment_status":"open","ping_status":"closed","template":"","meta":[],"product_brand":[],"product_cat":[15],"product_tag":[],"class_list":{"0":"post-1075","1":"product","2":"type-product","3":"status-publish","4":"has-post-thumbnail","6":"product_cat-uncategorized","8":"first","9":"outofstock","10":"shipping-taxable","11":"purchasable","12":"product-type-simple"},"jetpack_sharing_enabled":true,"_links":{"self":[{"href":"https:\/\/www.todoparamascotas.co\/index.php?rest_route=\/wp\/v2\/product\/1075","targetHints":{"allow":["GET"]}}],"collection":[{"href":"https:\/\/www.todoparamascotas.co\/index.php?rest_route=\/wp\/v2\/product"}],"about":[{"href":"https:\/\/www.todoparamascotas.co\/index.php?rest_route=\/wp\/v2\/types\/product"}],"replies":[{"embeddable":true,"href":"https:\/\/www.todoparamascotas.co\/index.php?rest_route=%2Fwp%2Fv2%2Fcomments&post=1075"}],"wp:featuredmedia":[{"embeddable":true,"href":"https:\/\/www.todoparamascotas.co\/index.php?rest_route=\/wp\/v2\/media\/1076"}],"wp:attachment":[{"href":"https:\/\/www.todoparamascotas.co\/index.php?rest_route=%2Fwp%2Fv2%2Fmedia&parent=1075"}],"wp:term":[{"taxonomy":"product_brand","embeddable":true,"href":"https:\/\/www.todoparamascotas.co\/index.php?rest_route=%2Fwp%2Fv2%2Fproduct_brand&post=1075"},{"taxonomy":"product_cat","embeddable":true,"href":"https:\/\/www.todoparamascotas.co\/index.php?rest_route=%2Fwp%2Fv2%2Fproduct_cat&post=1075"},{"taxonomy":"product_tag","embeddable":true,"href":"https:\/\/www.todoparamascotas.co\/index.php?rest_route=%2Fwp%2Fv2%2Fproduct_tag&post=1075"}],"curies":[{"name":"wp","href":"https:\/\/api.w.org\/{rel}","templated":true}]}}