{"id":1098,"date":"2023-12-13T16:03:31","date_gmt":"2023-12-13T16:03:31","guid":{"rendered":"https:\/\/todoparamascotas.co\/?post_type=product&#038;p=1098"},"modified":"2024-10-14T22:51:07","modified_gmt":"2024-10-14T22:51:07","slug":"suplemento-vitaminico-glicopan-pet-para-mascotas-gotas-x-30-ml","status":"publish","type":"product","link":"https:\/\/www.todoparamascotas.co\/?product=suplemento-vitaminico-glicopan-pet-para-mascotas-gotas-x-30-ml","title":{"rendered":"Suplemento Vitam\u00ednico Glicopan Pet para Mascotas Gotas x 30 ml"},"content":{"rendered":"<div class=\"wpb-content-wrapper\"><p>[vc_row][vc_column][vc_column_text]<\/p>\n<h3><span style=\"font-size: 16px;\">\u00bfQu\u00e9 es <strong>Glicopan Pet<\/strong>?<\/span><\/h3>\n<p>Glicopan Pet es un suplemento nutricional para animales, formulado con una combinaci\u00f3n \u00fanica de amino\u00e1cidos, vitaminas del complejo B y glucosa esencial. Dise\u00f1ado para estimular el apetito, mejorar la condici\u00f3n corporal y promover la salud gastrointestinal, este producto tambi\u00e9n contribuye a reducir el estr\u00e9s en los animales.<\/p>\n<h3><span style=\"font-size: 16px;\">\u00bfPara qu\u00e9 sirve <strong>Glicopan Pet<\/strong>?<\/span><\/h3>\n<p>Sirve como un auxiliar para mejorar el estado general de la salud de tu mascota. Este suplemento es especialmente \u00fatil para estimular el apetito y proporcionar energ\u00eda adicional. Est\u00e1 indicado tanto en la preparaci\u00f3n de animales para exposiciones como para aquellos en entrenamiento. Cuando la nutrici\u00f3n ha sido insuficiente o inadecuada, Glicopan Pet ofrece una combinaci\u00f3n equilibrada de amino\u00e1cidos y vitaminas del complejo B para mejorar la vitalidad y el bienestar de perros, gatos, aves, reptiles y roedores.<\/p>\n<h3><span style=\"font-size: 16px;\">\u00bfC\u00f3mo se usa <strong>Glicopan Pet<\/strong>?<\/span><\/h3>\n<p>Para ser usado v\u00eda oral puro, a\u00f1adido al alimento o al agua de bebida.<\/p>\n<p><strong>Para perros, gatos y reptiles<\/strong>: 0,5 mL por kg de peso corporal o 7 gotas por kg de peso corporal, dos veces al d\u00eda. (Cantidad m\u00e1xima diaria: 40 mL).<\/p>\n<p>Para aves ornamentales, roedores y conejos: 1 mL o 15 gotas, diluido en 100 mL de agua de bebida (10 mL por litro de agua de bebida), o 3 a 4 gotas, una vez al d\u00eda, directamente en la boca.<\/p>\n<p><strong>IMPORTANTE:<\/strong><\/p>\n<p>La informaci\u00f3n y los contenidos presentados tienen un car\u00e1cter meramente informativo y educativo, y no deben utilizarse como base para el uso de los productos. Los datos y recomendaciones provienen del fabricante o importador, y no nos hacemos responsables por errores u omisiones en el contenido ni por las decisiones tomadas por el usuario basadas en esta informaci\u00f3n.[\/vc_column_text][\/vc_column][\/vc_row]<\/p>\n<\/div>","protected":false},"excerpt":{"rendered":"<p>Suplemento nutricional para mascotas, estimula el apetito, proporciona energ\u00eda y mejora la salud general. Ideal para preparar animales en exposiciones y entrenamientos, este suplemento ofrece una combinaci\u00f3n \u00fanica de amino\u00e1cidos y vitaminas B para el bienestar de perros, gatos, aves, reptiles y roedores.<\/p>\n","protected":false},"featured_media":1099,"comment_status":"open","ping_status":"closed","template":"","meta":[],"product_brand":[],"product_cat":[72],"product_tag":[],"class_list":{"0":"post-1098","1":"product","2":"type-product","3":"status-publish","4":"has-post-thumbnail","6":"product_cat-suplementos","8":"first","9":"outofstock","10":"shipping-taxable","11":"purchasable","12":"product-type-simple"},"jetpack_sharing_enabled":true,"_links":{"self":[{"href":"https:\/\/www.todoparamascotas.co\/index.php?rest_route=\/wp\/v2\/product\/1098","targetHints":{"allow":["GET"]}}],"collection":[{"href":"https:\/\/www.todoparamascotas.co\/index.php?rest_route=\/wp\/v2\/product"}],"about":[{"href":"https:\/\/www.todoparamascotas.co\/index.php?rest_route=\/wp\/v2\/types\/product"}],"replies":[{"embeddable":true,"href":"https:\/\/www.todoparamascotas.co\/index.php?rest_route=%2Fwp%2Fv2%2Fcomments&post=1098"}],"wp:featuredmedia":[{"embeddable":true,"href":"https:\/\/www.todoparamascotas.co\/index.php?rest_route=\/wp\/v2\/media\/1099"}],"wp:attachment":[{"href":"https:\/\/www.todoparamascotas.co\/index.php?rest_route=%2Fwp%2Fv2%2Fmedia&parent=1098"}],"wp:term":[{"taxonomy":"product_brand","embeddable":true,"href":"https:\/\/www.todoparamascotas.co\/index.php?rest_route=%2Fwp%2Fv2%2Fproduct_brand&post=1098"},{"taxonomy":"product_cat","embeddable":true,"href":"https:\/\/www.todoparamascotas.co\/index.php?rest_route=%2Fwp%2Fv2%2Fproduct_cat&post=1098"},{"taxonomy":"product_tag","embeddable":true,"href":"https:\/\/www.todoparamascotas.co\/index.php?rest_route=%2Fwp%2Fv2%2Fproduct_tag&post=1098"}],"curies":[{"name":"wp","href":"https:\/\/api.w.org\/{rel}","templated":true}]}}