{"id":1112,"date":"2024-02-10T21:28:58","date_gmt":"2024-02-10T21:28:58","guid":{"rendered":"https:\/\/todoparamascotas.co\/?post_type=product&#038;p=1112"},"modified":"2025-10-19T15:09:07","modified_gmt":"2025-10-19T15:09:07","slug":"crema-premium-over-500-g","status":"publish","type":"product","link":"https:\/\/www.todoparamascotas.co\/?product=crema-premium-over-500-g","title":{"rendered":"Crema Premium Over 500 g"},"content":{"rendered":"<div class=\"wpb-content-wrapper\"><p>[vc_row][vc_column][vc_column_text]<\/p>\n<h3><span style=\"font-size: 16px;\">\u00bfQu\u00e9 es <strong>Crema Premium<\/strong>?<\/span><\/h3>\n<p>La crema premium Over es una f\u00f3rmula hidrosoluble que combina propiedades antis\u00e9pticas, lubricantes, cicatrizantes y anest\u00e9sicas para una amplia gama de usos. Formulada con vitamina A, cloruro de benzalconio, silicona y lidoca\u00edna, esta crema no solo cicatriza y protege, sino que tambi\u00e9n proporciona alivio anest\u00e9sico y mantiene la piel lubricada.<\/p>\n<h3><span style=\"font-size: 16px;\">\u00bfPara qu\u00e9 sirve <strong>Crema Premium<\/strong>?<\/span><\/h3>\n<p>Est\u00e1 indicada para: El tratamiento de erosiones, grietas, heridas inflamadas o infectadas. Piel seca y \u00e1spera de pezones y ubres. Como tratamiento de heridas y escoriaciones en general.<\/p>\n<h3><span style=\"font-size: 16px;\">\u00bfC\u00f3mo se usa <strong>Crema Premium<\/strong>?<\/span><\/h3>\n<p>Crema de uso externo. Cubrir y masajear la regi\u00f3n a tratar.<\/p>\n<p><strong>IMPORTANTE:<\/strong><\/p>\n<p>La informaci\u00f3n y los contenidos presentados tienen un car\u00e1cter meramente informativo y educativo, y no deben utilizarse como base para el uso de los productos. Los datos y recomendaciones provienen del fabricante o importador, y no nos hacemos responsables por errores u omisiones en el contenido ni por las decisiones tomadas por el usuario basadas en esta informaci\u00f3n.<\/p>\n<p>[\/vc_column_text][\/vc_column][\/vc_row]<\/p>\n<\/div>","protected":false},"excerpt":{"rendered":"<p>La crema de calidad superior, Premium Over es una f\u00f3rmula hidrosoluble que combina propiedades antis\u00e9pticas, lubricantes, cicatrizantes y anest\u00e9sicas.<\/p>\n","protected":false},"featured_media":1273,"comment_status":"open","ping_status":"closed","template":"","meta":[],"product_brand":[],"product_cat":[15],"product_tag":[],"class_list":{"0":"post-1112","1":"product","2":"type-product","3":"status-publish","4":"has-post-thumbnail","6":"product_cat-uncategorized","8":"first","9":"outofstock","10":"shipping-taxable","11":"purchasable","12":"product-type-simple"},"jetpack_sharing_enabled":true,"_links":{"self":[{"href":"https:\/\/www.todoparamascotas.co\/index.php?rest_route=\/wp\/v2\/product\/1112","targetHints":{"allow":["GET"]}}],"collection":[{"href":"https:\/\/www.todoparamascotas.co\/index.php?rest_route=\/wp\/v2\/product"}],"about":[{"href":"https:\/\/www.todoparamascotas.co\/index.php?rest_route=\/wp\/v2\/types\/product"}],"replies":[{"embeddable":true,"href":"https:\/\/www.todoparamascotas.co\/index.php?rest_route=%2Fwp%2Fv2%2Fcomments&post=1112"}],"wp:featuredmedia":[{"embeddable":true,"href":"https:\/\/www.todoparamascotas.co\/index.php?rest_route=\/wp\/v2\/media\/1273"}],"wp:attachment":[{"href":"https:\/\/www.todoparamascotas.co\/index.php?rest_route=%2Fwp%2Fv2%2Fmedia&parent=1112"}],"wp:term":[{"taxonomy":"product_brand","embeddable":true,"href":"https:\/\/www.todoparamascotas.co\/index.php?rest_route=%2Fwp%2Fv2%2Fproduct_brand&post=1112"},{"taxonomy":"product_cat","embeddable":true,"href":"https:\/\/www.todoparamascotas.co\/index.php?rest_route=%2Fwp%2Fv2%2Fproduct_cat&post=1112"},{"taxonomy":"product_tag","embeddable":true,"href":"https:\/\/www.todoparamascotas.co\/index.php?rest_route=%2Fwp%2Fv2%2Fproduct_tag&post=1112"}],"curies":[{"name":"wp","href":"https:\/\/api.w.org\/{rel}","templated":true}]}}