{"id":1120,"date":"2024-02-18T18:34:13","date_gmt":"2024-02-18T18:34:13","guid":{"rendered":"https:\/\/todoparamascotas.co\/?post_type=product&#038;p=1120"},"modified":"2024-10-30T11:53:14","modified_gmt":"2024-10-30T11:53:14","slug":"aluspray-aerosol-cicatrizante-x-210-ml","status":"publish","type":"product","link":"https:\/\/www.todoparamascotas.co\/?product=aluspray-aerosol-cicatrizante-x-210-ml","title":{"rendered":"Aluspray Aerosol Cicatrizante x 210 ml"},"content":{"rendered":"<div class=\"wpb-content-wrapper\"><p>[vc_row][vc_column][vc_column_text]<\/p>\n<h3><span style=\"font-size: 16px;\">\u00bfQu\u00e9 es <strong>Aluspray<\/strong>?<\/span><\/h3>\n<p>Aluspray es una preparaci\u00f3n de aluminio micronizado dise\u00f1ada para su uso cut\u00e1neo, especialmente como coadyuvante en el proceso de cicatrizaci\u00f3n de heridas externas. El aluminio presente en Aluspray posee propiedades astringentes que promueven la precipitaci\u00f3n de prote\u00ednas, facilitando as\u00ed el proceso de cicatrizaci\u00f3n. Adem\u00e1s, se le atribuye cierta actividad antimicrobiana debido a su poder astringente, lo que contribuye a mantener la herida protegida contra posibles infecciones durante el proceso de curaci\u00f3n.<\/p>\n<h3><span style=\"font-size: 16px;\">\u00bfPara qu\u00e9 sirve <strong>Aluspray<\/strong>?<\/span><\/h3>\n<p>Como tratamiento coadyuvante en la cicatrizaci\u00f3n de heridas externas de cualquier naturaleza. Adem\u00e1s de ayudar en el proceso de curaci\u00f3n, tambi\u00e9n act\u00faa como un protector de los tejidos contra la suciedad y los insectos.<\/p>\n<h3><span style=\"font-size: 16px;\">\u00bfC\u00f3mo se usa <strong>Aluspray<\/strong>?<\/span><\/h3>\n<p>Uso cut\u00e1neo. Agitar antes de usar.<\/p>\n<p>Aluspray se utiliza en pulverizaci\u00f3n superficial sobre las heridas a raz\u00f3n de 1 \u00f3 2 veces al d\u00eda, cubriendo totalmente la herida con una fina capa de polvo.<\/p>\n<p>Sumergir la v\u00e1lvula de pulverizaci\u00f3n en agua caliente en caso de obstrucci\u00f3n.<\/p>\n<p><strong>IMPORTANTE:<\/strong><\/p>\n<p>La informaci\u00f3n y los contenidos presentados tienen un car\u00e1cter meramente informativo y educativo, y no deben utilizarse como base para el uso de los productos. Los datos y recomendaciones provienen del fabricante o importador, y no nos hacemos responsables por errores u omisiones en el contenido ni por las decisiones tomadas por el usuario basadas en esta informaci\u00f3n.[\/vc_column_text][\/vc_column][\/vc_row]<\/p>\n<\/div>","protected":false},"excerpt":{"rendered":"<p>Aluminio micronizado para cicatrizaci\u00f3n y protecci\u00f3n de heridas en animales<\/p>\n","protected":false},"featured_media":1121,"comment_status":"open","ping_status":"closed","template":"","meta":[],"product_brand":[],"product_cat":[15],"product_tag":[],"class_list":{"0":"post-1120","1":"product","2":"type-product","3":"status-publish","4":"has-post-thumbnail","6":"product_cat-uncategorized","8":"first","9":"outofstock","10":"shipping-taxable","11":"purchasable","12":"product-type-simple"},"jetpack_sharing_enabled":true,"_links":{"self":[{"href":"https:\/\/www.todoparamascotas.co\/index.php?rest_route=\/wp\/v2\/product\/1120","targetHints":{"allow":["GET"]}}],"collection":[{"href":"https:\/\/www.todoparamascotas.co\/index.php?rest_route=\/wp\/v2\/product"}],"about":[{"href":"https:\/\/www.todoparamascotas.co\/index.php?rest_route=\/wp\/v2\/types\/product"}],"replies":[{"embeddable":true,"href":"https:\/\/www.todoparamascotas.co\/index.php?rest_route=%2Fwp%2Fv2%2Fcomments&post=1120"}],"wp:featuredmedia":[{"embeddable":true,"href":"https:\/\/www.todoparamascotas.co\/index.php?rest_route=\/wp\/v2\/media\/1121"}],"wp:attachment":[{"href":"https:\/\/www.todoparamascotas.co\/index.php?rest_route=%2Fwp%2Fv2%2Fmedia&parent=1120"}],"wp:term":[{"taxonomy":"product_brand","embeddable":true,"href":"https:\/\/www.todoparamascotas.co\/index.php?rest_route=%2Fwp%2Fv2%2Fproduct_brand&post=1120"},{"taxonomy":"product_cat","embeddable":true,"href":"https:\/\/www.todoparamascotas.co\/index.php?rest_route=%2Fwp%2Fv2%2Fproduct_cat&post=1120"},{"taxonomy":"product_tag","embeddable":true,"href":"https:\/\/www.todoparamascotas.co\/index.php?rest_route=%2Fwp%2Fv2%2Fproduct_tag&post=1120"}],"curies":[{"name":"wp","href":"https:\/\/api.w.org\/{rel}","templated":true}]}}