{"id":1124,"date":"2024-02-21T17:18:07","date_gmt":"2024-02-21T17:18:07","guid":{"rendered":"https:\/\/todoparamascotas.co\/?post_type=product&#038;p=1124"},"modified":"2024-10-14T02:58:06","modified_gmt":"2024-10-14T02:58:06","slug":"bionupet-articulaciones-para-perros-x-30-tabletas","status":"publish","type":"product","link":"https:\/\/www.todoparamascotas.co\/?product=bionupet-articulaciones-para-perros-x-30-tabletas","title":{"rendered":"Bionupet Articulaciones para Perros x 30 Tabletas"},"content":{"rendered":"<div class=\"wpb-content-wrapper\"><p>[vc_row][vc_column][vc_column_text]<\/p>\n<h3><span style=\"font-size: 16px;\">\u00bfQu\u00e9 es <strong>Bionupet Articulaciones<\/strong>?<\/span><\/h3>\n<p>Bionupet articulaciones es un suplemento nutricional para perros de cualquier tipo de raza.<\/p>\n<h3><span style=\"font-size: 16px;\">\u00bfPara qu\u00e9 sirve <strong>Bionupet Articulaciones<\/strong>?<\/span><\/h3>\n<p>Sirve como una alternativa profil\u00e1ctica y terap\u00e9utica natural para mascotas afectadas por procesos degenerativos debido a lesiones causadas por ejercicio intenso o a predisposici\u00f3n gen\u00e9tica en ciertas razas. Proporciona apoyo para la salud articular y puede ayudar a prevenir y tratar problemas articulares en las mascotas.<\/p>\n<p>Adem\u00e1s contribuye a una r\u00e1pida recuperaci\u00f3n de cirug\u00edas articulares y\/o ortop\u00e9dicas, controlando la inflamaci\u00f3n y manteniendo las articulaciones de las mascotas saludable y sin dolor.<\/p>\n<h3><span style=\"font-size: 16px;\">\u00bfC\u00f3mo se usa <strong>Bionupet Articulaciones<\/strong>?<\/span><\/h3>\n<p>Cantidades a suministrar:<\/p>\n<p>Hasta 6 Kilos &#8211; Media tableta diaria<\/p>\n<p>6 &#8211; 12 Kilos &#8211; 1 tableta diaria<\/p>\n<p>12 &#8211; 25 Kilos &#8211; 2 tabletas diarias<\/p>\n<p>M\u00e1s de 25 Kilos &#8211; 3 tabletas diarias<\/p>\n<p><strong>IMPORTANTE:<\/strong><\/p>\n<p>La informaci\u00f3n y los contenidos presentados tienen un car\u00e1cter meramente informativo y educativo, y no deben utilizarse como base para el uso de los productos. Los datos y recomendaciones provienen del fabricante o importador, y no nos hacemos responsables por errores u omisiones en el contenido ni por las decisiones tomadas por el usuario basadas en esta informaci\u00f3n.[\/vc_column_text][\/vc_column][\/vc_row]<\/p>\n<\/div>","protected":false},"excerpt":{"rendered":"<p>Bionupet Articulaciones promueve la flexibilidad y estabilidad en las articulaciones de tu mascota, reduciendo la inflamaci\u00f3n y el dolor.<\/p>\n","protected":false},"featured_media":1125,"comment_status":"open","ping_status":"closed","template":"","meta":[],"product_brand":[],"product_cat":[72],"product_tag":[],"class_list":{"0":"post-1124","1":"product","2":"type-product","3":"status-publish","4":"has-post-thumbnail","6":"product_cat-suplementos","8":"first","9":"outofstock","10":"shipping-taxable","11":"purchasable","12":"product-type-simple"},"jetpack_sharing_enabled":true,"_links":{"self":[{"href":"https:\/\/www.todoparamascotas.co\/index.php?rest_route=\/wp\/v2\/product\/1124","targetHints":{"allow":["GET"]}}],"collection":[{"href":"https:\/\/www.todoparamascotas.co\/index.php?rest_route=\/wp\/v2\/product"}],"about":[{"href":"https:\/\/www.todoparamascotas.co\/index.php?rest_route=\/wp\/v2\/types\/product"}],"replies":[{"embeddable":true,"href":"https:\/\/www.todoparamascotas.co\/index.php?rest_route=%2Fwp%2Fv2%2Fcomments&post=1124"}],"wp:featuredmedia":[{"embeddable":true,"href":"https:\/\/www.todoparamascotas.co\/index.php?rest_route=\/wp\/v2\/media\/1125"}],"wp:attachment":[{"href":"https:\/\/www.todoparamascotas.co\/index.php?rest_route=%2Fwp%2Fv2%2Fmedia&parent=1124"}],"wp:term":[{"taxonomy":"product_brand","embeddable":true,"href":"https:\/\/www.todoparamascotas.co\/index.php?rest_route=%2Fwp%2Fv2%2Fproduct_brand&post=1124"},{"taxonomy":"product_cat","embeddable":true,"href":"https:\/\/www.todoparamascotas.co\/index.php?rest_route=%2Fwp%2Fv2%2Fproduct_cat&post=1124"},{"taxonomy":"product_tag","embeddable":true,"href":"https:\/\/www.todoparamascotas.co\/index.php?rest_route=%2Fwp%2Fv2%2Fproduct_tag&post=1124"}],"curies":[{"name":"wp","href":"https:\/\/api.w.org\/{rel}","templated":true}]}}