{"id":1128,"date":"2024-02-21T19:29:34","date_gmt":"2024-02-21T19:29:34","guid":{"rendered":"https:\/\/todoparamascotas.co\/?post_type=product&#038;p=1128"},"modified":"2025-01-16T20:56:05","modified_gmt":"2025-01-16T20:56:05","slug":"edo-hexaderm-crema-dermatologica-35-g","status":"publish","type":"product","link":"https:\/\/www.todoparamascotas.co\/?product=edo-hexaderm-crema-dermatologica-35-g","title":{"rendered":"Edo Hexaderm Crema Dermatol\u00f3gica 35 g"},"content":{"rendered":"<div class=\"wpb-content-wrapper\"><p>[vc_row][vc_column][vc_column_text]<\/p>\n<h3><span style=\"font-size: 16px;\">\u00bfQu\u00e9 es <strong>Edo Hexaderm<\/strong>?<\/span><\/h3>\n<p>Hexaderm crema es un antiinflamatorio, antial\u00e9rgico, antimicrobiano, fungicida, cicatrizante y anest\u00e9sico t\u00f3pico.<\/p>\n<h3><span style=\"font-size: 16px;\">\u00bfPara qu\u00e9 sirve <strong>Edo Hexaderm<\/strong>?<\/span><\/h3>\n<p>Est\u00e1 indicada para el tratamiento t\u00f3pico de una gran variedad de enfermedades de la piel que cursa con inflamaci\u00f3n local y purito, complicadas con una infecci\u00f3n secundaria causada por organismos sensibles a los componentes de \u00e9sta preparaci\u00f3n o cuando se sospeche la posibilidad de tal infecci\u00f3n.<\/p>\n<h3><span style=\"font-size: 16px;\">\u00bfC\u00f3mo se usa <strong>Edo Hexaderm<\/strong>?<\/span><\/h3>\n<p>Aplicar la cantidad indicada directa y uniformemente sobre la zona afectada.<\/p>\n<p>Dosis: 2 o 3 veces al d\u00eda, hasta dos d\u00edas despu\u00e9s de la desaparici\u00f3n de los s\u00edntomas.<\/p>\n<p><strong>IMPORTANTE:<\/strong><\/p>\n<p>La informaci\u00f3n y los contenidos presentados tienen un car\u00e1cter meramente informativo y educativo, y no deben utilizarse como base para el uso de los productos. Los datos y recomendaciones provienen del fabricante o importador, y no nos hacemos responsables por errores u omisiones en el contenido ni por las decisiones tomadas por el usuario basadas en esta informaci\u00f3n.[\/vc_column_text][\/vc_column][\/vc_row]<\/p>\n<\/div>","protected":false},"excerpt":{"rendered":"<p>Crema dermatol\u00f3gica de uso exclusivamente externo. Antiinflamatoria, antial\u00e9rgica, antimicrobiana, fungicida, cicatrizante y anest\u00e9sica<\/p>\n","protected":false},"featured_media":1130,"comment_status":"open","ping_status":"closed","template":"","meta":[],"product_brand":[],"product_cat":[96,15],"product_tag":[],"class_list":{"0":"post-1128","1":"product","2":"type-product","3":"status-publish","4":"has-post-thumbnail","6":"product_cat-dermatologicos","7":"product_cat-uncategorized","9":"first","10":"outofstock","11":"shipping-taxable","12":"purchasable","13":"product-type-simple"},"jetpack_sharing_enabled":true,"_links":{"self":[{"href":"https:\/\/www.todoparamascotas.co\/index.php?rest_route=\/wp\/v2\/product\/1128","targetHints":{"allow":["GET"]}}],"collection":[{"href":"https:\/\/www.todoparamascotas.co\/index.php?rest_route=\/wp\/v2\/product"}],"about":[{"href":"https:\/\/www.todoparamascotas.co\/index.php?rest_route=\/wp\/v2\/types\/product"}],"replies":[{"embeddable":true,"href":"https:\/\/www.todoparamascotas.co\/index.php?rest_route=%2Fwp%2Fv2%2Fcomments&post=1128"}],"wp:featuredmedia":[{"embeddable":true,"href":"https:\/\/www.todoparamascotas.co\/index.php?rest_route=\/wp\/v2\/media\/1130"}],"wp:attachment":[{"href":"https:\/\/www.todoparamascotas.co\/index.php?rest_route=%2Fwp%2Fv2%2Fmedia&parent=1128"}],"wp:term":[{"taxonomy":"product_brand","embeddable":true,"href":"https:\/\/www.todoparamascotas.co\/index.php?rest_route=%2Fwp%2Fv2%2Fproduct_brand&post=1128"},{"taxonomy":"product_cat","embeddable":true,"href":"https:\/\/www.todoparamascotas.co\/index.php?rest_route=%2Fwp%2Fv2%2Fproduct_cat&post=1128"},{"taxonomy":"product_tag","embeddable":true,"href":"https:\/\/www.todoparamascotas.co\/index.php?rest_route=%2Fwp%2Fv2%2Fproduct_tag&post=1128"}],"curies":[{"name":"wp","href":"https:\/\/api.w.org\/{rel}","templated":true}]}}