{"id":1131,"date":"2024-02-22T19:07:15","date_gmt":"2024-02-22T19:07:15","guid":{"rendered":"https:\/\/todoparamascotas.co\/?post_type=product&#038;p=1131"},"modified":"2024-10-14T02:49:04","modified_gmt":"2024-10-14T02:49:04","slug":"fortipet-suplemento-vitaminico-perros-y-gatos-x-120-ml","status":"publish","type":"product","link":"https:\/\/www.todoparamascotas.co\/?product=fortipet-suplemento-vitaminico-perros-y-gatos-x-120-ml","title":{"rendered":"Fortipet Suplemento Vitam\u00ednico Perros y Gatos x 120 ml"},"content":{"rendered":"<div class=\"wpb-content-wrapper\"><p>[vc_row][vc_column][vc_column_text]<\/p>\n<h3><span style=\"font-size: 16px;\">\u00bfQu\u00e9 es <strong>Fortipet<\/strong>?<\/span><\/h3>\n<p>Fortipet es un suplemento vitam\u00ednico mineral que ofrece una combinaci\u00f3n especializada de nutrientes clave, incluyendo vitaminas, minerales y \u00e1cidos grasos esenciales, dise\u00f1ados para promover el \u00f3ptimo bienestar corporal, fortalecer el sistema inmunol\u00f3gico, y mantener la salud de la piel y el brillo del pelaje.<\/p>\n<h3><span style=\"font-size: 16px;\">\u00bfPara qu\u00e9 sirve <strong>Fortipet<\/strong>?<\/span><\/h3>\n<p>Sirve como complemento nutricional para perros y gatos en cualquier etapa de su desarrollo, como parte de su dieta diaria.<\/p>\n<p>Ayuda en el fortalecimiento de la piel y embellecimiento del pelaje, especialmente en periodos previos a exposiciones. Adem\u00e1s Funciona como un suplemento adicional en el tratamiento de afecciones de la piel, mejorando su fortaleza y brillo.<\/p>\n<h3><span style=\"font-size: 16px;\">\u00bfC\u00f3mo se usa <strong>Fortipet<\/strong>?<\/span><\/h3>\n<p>Administrar diariamente v\u00eda oral, solo mezclado con el alimento s\u00f3lido, semis\u00f3lido o l\u00edquido.<\/p>\n<p>En perros 1 mL por cada 5 Kg de peso vivo y para hembras en gestaci\u00f3n o lactancia 5 mL por cada 16 Kg de peso vivo. En gatos 1 mL por cada 2 Kg de peso vivo; hembras en gestaci\u00f3n o lactancia 5 mL. La duraci\u00f3n de la administraci\u00f3n esta sujeta al criterio del m\u00e9dico veterinario.<\/p>\n<p><strong>IMPORTANTE:<\/strong><\/p>\n<p>La informaci\u00f3n y los contenidos presentados tienen un car\u00e1cter meramente informativo y educativo, y no deben utilizarse como base para el uso de los productos. Los datos y recomendaciones provienen del fabricante o importador, y no nos hacemos responsables por errores u omisiones en el contenido ni por las decisiones tomadas por el usuario basadas en esta informaci\u00f3n.[\/vc_column_text][\/vc_column][\/vc_row]<\/p>\n<\/div>","protected":false},"excerpt":{"rendered":"<p>Fortipet es un suplemento vitam\u00ednico mineral para perros y gatos, formulado con \u00e1cidos grasos esenciales<\/p>\n","protected":false},"featured_media":1132,"comment_status":"open","ping_status":"closed","template":"","meta":[],"product_brand":[],"product_cat":[72],"product_tag":[],"class_list":{"0":"post-1131","1":"product","2":"type-product","3":"status-publish","4":"has-post-thumbnail","6":"product_cat-suplementos","8":"first","9":"instock","10":"shipping-taxable","11":"purchasable","12":"product-type-simple"},"jetpack_sharing_enabled":true,"_links":{"self":[{"href":"https:\/\/www.todoparamascotas.co\/index.php?rest_route=\/wp\/v2\/product\/1131","targetHints":{"allow":["GET"]}}],"collection":[{"href":"https:\/\/www.todoparamascotas.co\/index.php?rest_route=\/wp\/v2\/product"}],"about":[{"href":"https:\/\/www.todoparamascotas.co\/index.php?rest_route=\/wp\/v2\/types\/product"}],"replies":[{"embeddable":true,"href":"https:\/\/www.todoparamascotas.co\/index.php?rest_route=%2Fwp%2Fv2%2Fcomments&post=1131"}],"wp:featuredmedia":[{"embeddable":true,"href":"https:\/\/www.todoparamascotas.co\/index.php?rest_route=\/wp\/v2\/media\/1132"}],"wp:attachment":[{"href":"https:\/\/www.todoparamascotas.co\/index.php?rest_route=%2Fwp%2Fv2%2Fmedia&parent=1131"}],"wp:term":[{"taxonomy":"product_brand","embeddable":true,"href":"https:\/\/www.todoparamascotas.co\/index.php?rest_route=%2Fwp%2Fv2%2Fproduct_brand&post=1131"},{"taxonomy":"product_cat","embeddable":true,"href":"https:\/\/www.todoparamascotas.co\/index.php?rest_route=%2Fwp%2Fv2%2Fproduct_cat&post=1131"},{"taxonomy":"product_tag","embeddable":true,"href":"https:\/\/www.todoparamascotas.co\/index.php?rest_route=%2Fwp%2Fv2%2Fproduct_tag&post=1131"}],"curies":[{"name":"wp","href":"https:\/\/api.w.org\/{rel}","templated":true}]}}