{"id":1134,"date":"2024-02-22T19:58:14","date_gmt":"2024-02-22T19:58:14","guid":{"rendered":"https:\/\/todoparamascotas.co\/?post_type=product&#038;p=1134"},"modified":"2024-10-14T02:45:59","modified_gmt":"2024-10-14T02:45:59","slug":"bionupet-defense-para-perros-x-30-tabletas","status":"publish","type":"product","link":"https:\/\/www.todoparamascotas.co\/?product=bionupet-defense-para-perros-x-30-tabletas","title":{"rendered":"Bionupet Defense para Perros x 30 Tabletas"},"content":{"rendered":"<div class=\"wpb-content-wrapper\"><p>[vc_row][vc_column][vc_column_text]<\/p>\n<h3><span style=\"font-size: 16px;\">\u00bfQu\u00e9 es <strong>Bionupet Defense<\/strong>?<\/span><\/h3>\n<p>Bionupet Defense es un producto que fortalece el sistema inmune utilizando ingredientes naturales para contrarrestar las agresiones org\u00e1nicas causadas por diversos tipos de microorganismos, como bacterias, virus y par\u00e1sitos. Su funci\u00f3n principal es fortalecer el sistema inmune del organismo, ayudando as\u00ed a combatir enfermedades infecciosas y proteger contra bacterias, virus y par\u00e1sitos.<\/p>\n<h3><span style=\"font-size: 16px;\">\u00bfPara qu\u00e9 sirve <strong>Bionupet Defense<\/strong>?<\/span><\/h3>\n<p>Beneficios:<\/p>\n<ul>\n<li>Estimula la producci\u00f3n de las inmunoglobulinas por la calidad de su aporte proteico.<\/li>\n<li>Protege el sistema cardiovascular.<\/li>\n<li>Potente desintoxicante debido a su contenido de clorofila.<\/li>\n<li>Agente antioxidante que estabiliza las membranas celulares.<\/li>\n<li>Favorece la producci\u00f3n energ\u00e9tica a nivel mitocondrial.<\/li>\n<li>Mayor biodisponibilidad de los principios activos de la f\u00f3rmula.<\/li>\n<li>Al ser un producto fabricado con extractos naturales disminuye la probabilidad de efectos secundarios o colaterales en la mascota.<\/li>\n<\/ul>\n<h3><span style=\"font-size: 16px;\">\u00bfC\u00f3mo se usa <strong>Bionupet Defense<\/strong>?<\/span><\/h3>\n<p>Cantidades a suministrar:<\/p>\n<p>Administrar por v\u00eda oral acorde al peso del perro.<\/p>\n<p>Hasta 10 Kilos &#8211; 2 tabletas diarias<\/p>\n<p>10 &#8211; 25 Kilos &#8211; 4 tabletas diarias<\/p>\n<p>Superior a 25 Kilos &#8211; 6 tabletas diarias<\/p>\n<p><strong>IMPORTANTE:<\/strong><\/p>\n<p>La informaci\u00f3n y los contenidos presentados tienen un car\u00e1cter meramente informativo y educativo, y no deben utilizarse como base para el uso de los productos. Los datos y recomendaciones provienen del fabricante o importador, y no nos hacemos responsables por errores u omisiones en el contenido ni por las decisiones tomadas por el usuario basadas en esta informaci\u00f3n.[\/vc_column_text][\/vc_column][\/vc_row]<\/p>\n<\/div>","protected":false},"excerpt":{"rendered":"<p>Bionupet Defense fortalece el sistema inmunol\u00f3gico, combatiendo bacterias, virus y par\u00e1sitos para proteger y mantener la salud del organismo<\/p>\n","protected":false},"featured_media":1136,"comment_status":"open","ping_status":"closed","template":"","meta":[],"product_brand":[],"product_cat":[15],"product_tag":[],"class_list":{"0":"post-1134","1":"product","2":"type-product","3":"status-publish","4":"has-post-thumbnail","6":"product_cat-uncategorized","8":"first","9":"outofstock","10":"shipping-taxable","11":"purchasable","12":"product-type-simple"},"jetpack_sharing_enabled":true,"_links":{"self":[{"href":"https:\/\/www.todoparamascotas.co\/index.php?rest_route=\/wp\/v2\/product\/1134","targetHints":{"allow":["GET"]}}],"collection":[{"href":"https:\/\/www.todoparamascotas.co\/index.php?rest_route=\/wp\/v2\/product"}],"about":[{"href":"https:\/\/www.todoparamascotas.co\/index.php?rest_route=\/wp\/v2\/types\/product"}],"replies":[{"embeddable":true,"href":"https:\/\/www.todoparamascotas.co\/index.php?rest_route=%2Fwp%2Fv2%2Fcomments&post=1134"}],"wp:featuredmedia":[{"embeddable":true,"href":"https:\/\/www.todoparamascotas.co\/index.php?rest_route=\/wp\/v2\/media\/1136"}],"wp:attachment":[{"href":"https:\/\/www.todoparamascotas.co\/index.php?rest_route=%2Fwp%2Fv2%2Fmedia&parent=1134"}],"wp:term":[{"taxonomy":"product_brand","embeddable":true,"href":"https:\/\/www.todoparamascotas.co\/index.php?rest_route=%2Fwp%2Fv2%2Fproduct_brand&post=1134"},{"taxonomy":"product_cat","embeddable":true,"href":"https:\/\/www.todoparamascotas.co\/index.php?rest_route=%2Fwp%2Fv2%2Fproduct_cat&post=1134"},{"taxonomy":"product_tag","embeddable":true,"href":"https:\/\/www.todoparamascotas.co\/index.php?rest_route=%2Fwp%2Fv2%2Fproduct_tag&post=1134"}],"curies":[{"name":"wp","href":"https:\/\/api.w.org\/{rel}","templated":true}]}}