{"id":1139,"date":"2024-03-01T20:39:52","date_gmt":"2024-03-01T20:39:52","guid":{"rendered":"https:\/\/www.todoparamascotas.co\/?post_type=product&#038;p=1139"},"modified":"2024-10-14T02:40:26","modified_gmt":"2024-10-14T02:40:26","slug":"lintodent-pack-de-higiene-bucal-para-perros-y-gatos","status":"publish","type":"product","link":"https:\/\/www.todoparamascotas.co\/?product=lintodent-pack-de-higiene-bucal-para-perros-y-gatos","title":{"rendered":"Lintodent Pack de Higiene Bucal para Perros y Gatos"},"content":{"rendered":"<div class=\"wpb-content-wrapper\"><p>[vc_row][vc_column][vc_column_text]<\/p>\n<h3><span style=\"font-size: 16px;\">\u00bfQu\u00e9 es <strong>Lintodent Pack<\/strong>?<\/span><\/h3>\n<p>Lintodent Pack es un conjunto de productos dise\u00f1ados para promover la higiene bucal y mantener el aliento fresco en perros y gatos. Este pack incluye un cepillo dental y un cepillo de goma en forma de dedo, que trabajan en conjunto para proporcionar una limpieza efectiva de los dientes y enc\u00edas de las mascotas.<\/p>\n<h3><span style=\"font-size: 16px;\">\u00bfPara qu\u00e9 sirve <strong>Lintodent Pack<\/strong>?<\/span><\/h3>\n<p>Nuestro pack incluye:<\/p>\n<p><strong>Lintodent gel dental<\/strong>: Es un gel antis\u00e9ptico indicado en perros y gatos para el mantenimiento de la higiene bucal. Control de gingivoestomatitis y periodontitis.<\/p>\n<p><strong>Lintodent enjuague bucal<\/strong>: Soluci\u00f3n indicada en perros y gatos para el control del mal aliento.<\/p>\n<p>Evita la formaci\u00f3n de placa bacteriana, ayuda a combatir g\u00e9rmenes causantes del mal aliento, previene la formaci\u00f3n de c\u00e1lculo, ayuda a mantener las enc\u00edas saludables, mantiene el aliento fresco.<\/p>\n<h3><span style=\"font-size: 16px;\">\u00bfC\u00f3mo se usa <strong>Lintodent Pack<\/strong>?<\/span><\/h3>\n<p>Aplicaci\u00f3n directa: Aplicar directamente sobre los dientes, procurando cubrir el \u00e1rea interna y la dentadura en su totalidad. Se puede usar diariamente por el tiempo requerido o despu\u00e9s del cepillado. Para mejores resultado, suspenda el consumo de alimentos 30 minutos antes y despu\u00e9s de la aplicaci\u00f3n.<\/p>\n<p>Administraci\u00f3n oral en el agua de bebida: Diluir una cucharadita de 5 ml en 500 ml de agua. Cambiar esta soluci\u00f3n cada 24 horas, aunque no haya sido consumida por el animal en su totalidad.<\/p>\n<p>Normalmente despu\u00e9s de 30 d\u00edas de aplicaci\u00f3n diaria, se recomienda aplicar dos veces por semana, para mantener la salud oral.<\/p>\n<p><strong>IMPORTANTE:<\/strong><\/p>\n<p>La informaci\u00f3n y los contenidos presentados tienen un car\u00e1cter meramente informativo y educativo, y no deben utilizarse como base para el uso de los productos. Los datos y recomendaciones provienen del fabricante o importador, y no nos hacemos responsables por errores u omisiones en el contenido ni por las decisiones tomadas por el usuario basadas en esta informaci\u00f3n.[\/vc_column_text][\/vc_column][\/vc_row]<\/p>\n<\/div>","protected":false},"excerpt":{"rendered":"<p>Pack de higiene bucal para perros y gatos Lintodent gel dental y Lintodent enjuague bucal<\/p>\n","protected":false},"featured_media":1140,"comment_status":"open","ping_status":"closed","template":"","meta":[],"product_brand":[],"product_cat":[87],"product_tag":[],"class_list":{"0":"post-1139","1":"product","2":"type-product","3":"status-publish","4":"has-post-thumbnail","6":"product_cat-higiene-oral","8":"first","9":"outofstock","10":"shipping-taxable","11":"purchasable","12":"product-type-simple"},"jetpack_sharing_enabled":true,"_links":{"self":[{"href":"https:\/\/www.todoparamascotas.co\/index.php?rest_route=\/wp\/v2\/product\/1139","targetHints":{"allow":["GET"]}}],"collection":[{"href":"https:\/\/www.todoparamascotas.co\/index.php?rest_route=\/wp\/v2\/product"}],"about":[{"href":"https:\/\/www.todoparamascotas.co\/index.php?rest_route=\/wp\/v2\/types\/product"}],"replies":[{"embeddable":true,"href":"https:\/\/www.todoparamascotas.co\/index.php?rest_route=%2Fwp%2Fv2%2Fcomments&post=1139"}],"wp:featuredmedia":[{"embeddable":true,"href":"https:\/\/www.todoparamascotas.co\/index.php?rest_route=\/wp\/v2\/media\/1140"}],"wp:attachment":[{"href":"https:\/\/www.todoparamascotas.co\/index.php?rest_route=%2Fwp%2Fv2%2Fmedia&parent=1139"}],"wp:term":[{"taxonomy":"product_brand","embeddable":true,"href":"https:\/\/www.todoparamascotas.co\/index.php?rest_route=%2Fwp%2Fv2%2Fproduct_brand&post=1139"},{"taxonomy":"product_cat","embeddable":true,"href":"https:\/\/www.todoparamascotas.co\/index.php?rest_route=%2Fwp%2Fv2%2Fproduct_cat&post=1139"},{"taxonomy":"product_tag","embeddable":true,"href":"https:\/\/www.todoparamascotas.co\/index.php?rest_route=%2Fwp%2Fv2%2Fproduct_tag&post=1139"}],"curies":[{"name":"wp","href":"https:\/\/api.w.org\/{rel}","templated":true}]}}