{"id":116,"date":"2019-07-24T03:06:15","date_gmt":"2019-07-24T03:06:15","guid":{"rendered":"http:\/\/sw-themes.com\/porto_dummy\/?post_type=product&#038;p=116"},"modified":"2025-08-20T19:10:32","modified_gmt":"2025-08-20T19:10:32","slug":"kitchen-wooden-chair","status":"publish","type":"product","link":"https:\/\/www.todoparamascotas.co\/?product=kitchen-wooden-chair","title":{"rendered":"Advantage Pipeta para Gatos hasta 4 kg x 0.4 ml"},"content":{"rendered":"<div class=\"wpb-content-wrapper\"><p>[vc_row el_class=\u00bbm-b-md\u00bb][vc_column][vc_column_text]<strong>Advantage\u00ae<\/strong> gatos es el m\u00e1s revolucionario de los pulgicidas desarrollados exclusivamente por Bayer, de acci\u00f3n t\u00f3pica indicado en el tratamiento y control de infestaciones de pulgas (Ctenocephalides spp.) en gatos. Despu\u00e9s de la aplicaci\u00f3n, la grasa natural del pelaje y los movimientos de tu mascota distribuyen la dosis sobre toda la superficie corporal, eliminando el 100% de las pulgas durante las primeras 12 horas. Posee acci\u00f3n larvicida. Con su acci\u00f3n residual, protege al gato contra nuevas infestaciones de pulgas durante cuatro semanas. Advantage\u00ae gatos forma un escudo protector alrededor de las mascotas, reducen significativamente los s\u00edntomas de la Dermatitis Al\u00e9rgica por Pulgas (DAPP). Al aplicarlo a la madre, tambi\u00e9n protege a los gatitos, por lo que el tratamiento en estos \u00faltimos es necesario s\u00f3lo desde las 6 a 7 semanas de edad.[\/vc_column_text][\/vc_column][\/vc_row][vc_row][vc_column][vc_column_text]<\/p>\n<h4><strong><span style=\"font-size: 14px;\">INDICACIONES:<\/span><\/strong><\/h4>\n<p>[\/vc_column_text][\/vc_column][\/vc_row][vc_row][vc_column][vc_column_text]En gatos para el tratamiento y control de infestaciones por pulgas (Ctenocephalides sp.) y larvas de pulgas (Ctenocephalides felis).[\/vc_column_text][\/vc_column][\/vc_row][vc_row][vc_column][vc_column_text]<\/p>\n<h4><span style=\"font-size: 14px;\"><strong>MODO DE USO \/ DOSIS:<\/strong><\/span><\/h4>\n<p>[\/vc_column_text][\/vc_column][\/vc_row][vc_row][vc_column][vc_column_text]Para uso externo \u00fanicamente:[\/vc_column_text][\/vc_column][\/vc_row][vc_row css=\u00bb.vc_custom_1648076912394{padding-left: 40px !important;}\u00bb][vc_column][vc_column_text]<\/p>\n<ol>\n<li>Quitar la tapa.<\/li>\n<li>Volver a colocar la tapa en sentido contrario.<\/li>\n<li>Girar la tapa para perforar la pipeta y retirar la tapa de nuevo.<\/li>\n<\/ol>\n<p>[\/vc_column_text][\/vc_column][\/vc_row][vc_row][vc_column][vc_column_text]Dosis: Gatos hasta 4 kg de peso: 1 pipeta de 0,4 mL (equivalente a 10 mg de Imidacloprid\/kg de peso).<\/p>\n<p>L\u00e1vese las manos luego de aplicar el producto. Cualquier residuo del producto en la piel debe ser removido con agua y jab\u00f3n. Personas con hipersensibilidad al principio activo pueden ser particularmente sensibles al producto en contacto con la piel.Evitar el contacto en los ojos y membranas mucosas. Si el producto entra en el ojo accidentalmente, lavar con agua. Si la irritaci\u00f3n de ojos o mucosas permanece debe contactar a su M\u00e9dico.No comer, beber o fumar durante la aplicaci\u00f3n.[\/vc_column_text][\/vc_column][\/vc_row]<\/p>\n<\/div>","protected":false},"excerpt":{"rendered":"<p>Advantage\u00ae gatos es una soluci\u00f3n t\u00f3pica, que de manera muy efectiva permite eliminar las pulgas que se presenten en tu mascota; Este producto es capaz de controlar los 3 estados de las pulgas, larvas, adultos y huevos.<\/p>\n","protected":false},"featured_media":486,"comment_status":"open","ping_status":"closed","template":"","meta":[],"product_brand":[],"product_cat":[61],"product_tag":[],"class_list":{"0":"post-116","1":"product","2":"type-product","3":"status-publish","4":"has-post-thumbnail","6":"product_cat-antipulgas","8":"first","9":"outofstock","10":"featured","11":"shipping-taxable","12":"purchasable","13":"product-type-simple"},"jetpack_sharing_enabled":true,"_links":{"self":[{"href":"https:\/\/www.todoparamascotas.co\/index.php?rest_route=\/wp\/v2\/product\/116","targetHints":{"allow":["GET"]}}],"collection":[{"href":"https:\/\/www.todoparamascotas.co\/index.php?rest_route=\/wp\/v2\/product"}],"about":[{"href":"https:\/\/www.todoparamascotas.co\/index.php?rest_route=\/wp\/v2\/types\/product"}],"replies":[{"embeddable":true,"href":"https:\/\/www.todoparamascotas.co\/index.php?rest_route=%2Fwp%2Fv2%2Fcomments&post=116"}],"wp:featuredmedia":[{"embeddable":true,"href":"https:\/\/www.todoparamascotas.co\/index.php?rest_route=\/wp\/v2\/media\/486"}],"wp:attachment":[{"href":"https:\/\/www.todoparamascotas.co\/index.php?rest_route=%2Fwp%2Fv2%2Fmedia&parent=116"}],"wp:term":[{"taxonomy":"product_brand","embeddable":true,"href":"https:\/\/www.todoparamascotas.co\/index.php?rest_route=%2Fwp%2Fv2%2Fproduct_brand&post=116"},{"taxonomy":"product_cat","embeddable":true,"href":"https:\/\/www.todoparamascotas.co\/index.php?rest_route=%2Fwp%2Fv2%2Fproduct_cat&post=116"},{"taxonomy":"product_tag","embeddable":true,"href":"https:\/\/www.todoparamascotas.co\/index.php?rest_route=%2Fwp%2Fv2%2Fproduct_tag&post=116"}],"curies":[{"name":"wp","href":"https:\/\/api.w.org\/{rel}","templated":true}]}}