{"id":1162,"date":"2024-04-27T16:24:08","date_gmt":"2024-04-27T16:24:08","guid":{"rendered":"https:\/\/www.todoparamascotas.co\/?post_type=product&#038;p=1162"},"modified":"2024-10-14T02:29:25","modified_gmt":"2024-10-14T02:29:25","slug":"liverprot-pets-gotas-x-50-ml","status":"publish","type":"product","link":"https:\/\/www.todoparamascotas.co\/?product=liverprot-pets-gotas-x-50-ml","title":{"rendered":"Liverprot Pets Gotas x 50 ml"},"content":{"rendered":"<div class=\"wpb-content-wrapper\"><p>[vc_row][vc_column][vc_column_text]<\/p>\n<h3><span style=\"font-size: 16px;\">\u00bfQu\u00e9 es <strong>Liverprot Pets<\/strong>?<\/span><\/h3>\n<p>Liverprot Pets es un suplemento alimenticio formulado espec\u00edficamente para perros y gatos adultos de todas las razas. Contiene silimarina, un compuesto conocido por sus propiedades beneficiosas para la salud del h\u00edgado. Liverprot Pets est\u00e1 dise\u00f1ado para ayudar a mantener la salud hep\u00e1tica de las mascotas, proporcionando un soporte adicional a trav\u00e9s de su f\u00f3rmula especializada.<\/p>\n<h3><span style=\"font-size: 16px;\">\u00bfPara qu\u00e9 sirve <strong>Liverprot Pets<\/strong>?<\/span><\/h3>\n<p>Liverprot Pets sirve para varios prop\u00f3sitos relacionados con la salud hep\u00e1tica de las mascotas. En primer lugar, ayuda a estabilizar y regular la permeabilidad de la membrana celular del hepatocito, lo que significa que protege las c\u00e9lulas del h\u00edgado de los efectos da\u00f1inos de agentes t\u00f3xicos.<\/p>\n<p>Adem\u00e1s, Liverprot Pets es ideal para aumentar el nivel de glutation peroxidasa, una enzima antioxidante crucial para la protecci\u00f3n del h\u00edgado contra el estr\u00e9s oxidativo y el da\u00f1o celular.<\/p>\n<p>Ayuda a prevenir y tratar la infiltraci\u00f3n de grasa en el h\u00edgado.<\/p>\n<h3><span style=\"font-size: 16px;\">\u00bfC\u00f3mo se usa <strong>Liverprot Pets<\/strong>?<\/span><\/h3>\n<p>Cantidad recomendada:<\/p>\n<p>Perros<\/p>\n<ul>\n<li>Perros peque\u00f1os hasta 10 Kg de peso vivo: 1-3 mL<\/li>\n<li>Perros medianos entre 10 &#8211; 20 Kg\u00a0 de peso vivo: 3-5 mL<\/li>\n<li>Perros grandes entre 20 &#8211; 30 Kg de peso vivo: 6-10 mL<\/li>\n<\/ul>\n<p>Gatos<\/p>\n<ul>\n<li>Gatos peque\u00f1os y medianos: 1 mL<\/li>\n<li>Gatos grandes: 2 mL<\/li>\n<\/ul>\n<p>En forma pr\u00e1ctica 1 mL por cada 3 Kg de peso vivo equivalentes a 20 gotas.<\/p>\n<p><strong>IMPORTANTE:<\/strong><\/p>\n<p>La informaci\u00f3n y los contenidos presentados tienen un car\u00e1cter meramente informativo y educativo, y no deben utilizarse como base para el uso de los productos. Los datos y recomendaciones provienen del fabricante o importador, y no nos hacemos responsables por errores u omisiones en el contenido ni por las decisiones tomadas por el usuario basadas en esta informaci\u00f3n.[\/vc_column_text][\/vc_column][\/vc_row]<\/p>\n<\/div>","protected":false},"excerpt":{"rendered":"<p>Liverprot Pets, un suplemento para perros y gatos adultos, contiene silimarina, beneficiosa para la salud hep\u00e1tica, ofreciendo soporte a trav\u00e9s de su f\u00f3rmula en gotas.<\/p>\n","protected":false},"featured_media":1163,"comment_status":"open","ping_status":"closed","template":"","meta":[],"product_brand":[],"product_cat":[72],"product_tag":[],"class_list":{"0":"post-1162","1":"product","2":"type-product","3":"status-publish","4":"has-post-thumbnail","6":"product_cat-suplementos","8":"first","9":"outofstock","10":"shipping-taxable","11":"purchasable","12":"product-type-simple"},"jetpack_sharing_enabled":true,"_links":{"self":[{"href":"https:\/\/www.todoparamascotas.co\/index.php?rest_route=\/wp\/v2\/product\/1162","targetHints":{"allow":["GET"]}}],"collection":[{"href":"https:\/\/www.todoparamascotas.co\/index.php?rest_route=\/wp\/v2\/product"}],"about":[{"href":"https:\/\/www.todoparamascotas.co\/index.php?rest_route=\/wp\/v2\/types\/product"}],"replies":[{"embeddable":true,"href":"https:\/\/www.todoparamascotas.co\/index.php?rest_route=%2Fwp%2Fv2%2Fcomments&post=1162"}],"wp:featuredmedia":[{"embeddable":true,"href":"https:\/\/www.todoparamascotas.co\/index.php?rest_route=\/wp\/v2\/media\/1163"}],"wp:attachment":[{"href":"https:\/\/www.todoparamascotas.co\/index.php?rest_route=%2Fwp%2Fv2%2Fmedia&parent=1162"}],"wp:term":[{"taxonomy":"product_brand","embeddable":true,"href":"https:\/\/www.todoparamascotas.co\/index.php?rest_route=%2Fwp%2Fv2%2Fproduct_brand&post=1162"},{"taxonomy":"product_cat","embeddable":true,"href":"https:\/\/www.todoparamascotas.co\/index.php?rest_route=%2Fwp%2Fv2%2Fproduct_cat&post=1162"},{"taxonomy":"product_tag","embeddable":true,"href":"https:\/\/www.todoparamascotas.co\/index.php?rest_route=%2Fwp%2Fv2%2Fproduct_tag&post=1162"}],"curies":[{"name":"wp","href":"https:\/\/api.w.org\/{rel}","templated":true}]}}