{"id":119,"date":"2019-07-24T03:09:33","date_gmt":"2019-07-24T03:09:33","guid":{"rendered":"http:\/\/sw-themes.com\/porto_dummy\/?post_type=product&#038;p=119"},"modified":"2025-08-20T19:09:59","modified_gmt":"2025-08-20T19:09:59","slug":"dinner-table","status":"publish","type":"product","link":"https:\/\/www.todoparamascotas.co\/?product=dinner-table","title":{"rendered":"Alernex Antihistaminico Oral Perros y Gatos x 10 Tabletas"},"content":{"rendered":"<div class=\"wpb-content-wrapper\"><p>[vc_row el_class=\u00bbm-b-md\u00bb][vc_column][vc_column_text]Antial\u00e9rgico Alernex tabletas para perros y gatos.<\/p>\n<h3><span style=\"font-size: 16px;\">\u00bfQu\u00e9 es <strong>Alernex<\/strong>?<\/span><\/h3>\n<p>Es un Analg\u00e9sico, antiinflamatorios y antial\u00e9rgicos, para uso en perros y gatos en el tratamiento de las reacciones al\u00e9rgicas y el prurito simple de origen inespec\u00edfico.<\/p>\n<h3><span style=\"font-size: 16px;\">\u00bfPara qu\u00e9 sirve <strong>Alernex<\/strong>?<\/span><\/h3>\n<p>En perros y gatos para el tratamiento de las reacciones al\u00e9rgicas y el prurito simple de origen inespec\u00edfico. Tratamiento de reacciones al\u00e9rgicas, especialmente dermatitis, urticaria, edema angioneur\u00f3tico, otitis eczematosa aguda, picaduras de insectos, enfisema, quemaduras, tos y mareo. Al despejar la nariz contribuye a recuperar el apetito.<\/p>\n<h3><span style=\"font-size: 16px;\">\u00bfC\u00f3mo se usa <strong>Alernex<\/strong>?<\/span><\/h3>\n<p><strong>En perros<\/strong> con peso mayor de 5 kg administrar una tableta de 5 mg (4 &#8211; 8 mg de Clorfeniramina Maleato como dosis total), v\u00eda oral cada 8 &#8211; 12 horas, seg\u00fan criterio del M\u00e9dico Veterinario.<\/p>\n<p><strong>En gatos:<\/strong> administrar media tableta (2 &#8211; 4 mg de Clorfeniramina Maleato) como dosis total, v\u00eda oral cada 12 horas, seg\u00fan criterio del M\u00e9dico Veterinario.<\/p>\n<p>Oral. Se recomienda administrar con la comida, sin que se disuelva antes de la ingesti\u00f3n.[\/vc_column_text][\/vc_column][\/vc_row]<\/p>\n<\/div>","protected":false},"excerpt":{"rendered":"<p>Usa el antial\u00e9rgico Alernex en perros y gatos para el tratamiento de las reacciones al\u00e9rgicas.<\/p>\n","protected":false},"featured_media":488,"comment_status":"open","ping_status":"closed","template":"","meta":[],"product_brand":[],"product_cat":[50,55],"product_tag":[],"class_list":{"0":"post-119","1":"product","2":"type-product","3":"status-publish","4":"has-post-thumbnail","6":"product_cat-dining","7":"product_cat-office","9":"first","10":"outofstock","11":"featured","12":"shipping-taxable","13":"purchasable","14":"product-type-simple"},"jetpack_sharing_enabled":true,"_links":{"self":[{"href":"https:\/\/www.todoparamascotas.co\/index.php?rest_route=\/wp\/v2\/product\/119","targetHints":{"allow":["GET"]}}],"collection":[{"href":"https:\/\/www.todoparamascotas.co\/index.php?rest_route=\/wp\/v2\/product"}],"about":[{"href":"https:\/\/www.todoparamascotas.co\/index.php?rest_route=\/wp\/v2\/types\/product"}],"replies":[{"embeddable":true,"href":"https:\/\/www.todoparamascotas.co\/index.php?rest_route=%2Fwp%2Fv2%2Fcomments&post=119"}],"wp:featuredmedia":[{"embeddable":true,"href":"https:\/\/www.todoparamascotas.co\/index.php?rest_route=\/wp\/v2\/media\/488"}],"wp:attachment":[{"href":"https:\/\/www.todoparamascotas.co\/index.php?rest_route=%2Fwp%2Fv2%2Fmedia&parent=119"}],"wp:term":[{"taxonomy":"product_brand","embeddable":true,"href":"https:\/\/www.todoparamascotas.co\/index.php?rest_route=%2Fwp%2Fv2%2Fproduct_brand&post=119"},{"taxonomy":"product_cat","embeddable":true,"href":"https:\/\/www.todoparamascotas.co\/index.php?rest_route=%2Fwp%2Fv2%2Fproduct_cat&post=119"},{"taxonomy":"product_tag","embeddable":true,"href":"https:\/\/www.todoparamascotas.co\/index.php?rest_route=%2Fwp%2Fv2%2Fproduct_tag&post=119"}],"curies":[{"name":"wp","href":"https:\/\/api.w.org\/{rel}","templated":true}]}}