{"id":1216,"date":"2024-09-22T17:54:41","date_gmt":"2024-09-22T17:54:41","guid":{"rendered":"https:\/\/www.todoparamascotas.co\/?post_type=product&#038;p=1216"},"modified":"2025-01-16T20:54:17","modified_gmt":"2025-01-16T20:54:17","slug":"vitaminas-hierro-suplemento-alimenticio-para-perros-x-60-tabletas","status":"publish","type":"product","link":"https:\/\/www.todoparamascotas.co\/?product=vitaminas-hierro-suplemento-alimenticio-para-perros-x-60-tabletas","title":{"rendered":"Vitaminas + Hierro Suplemento Alimenticio para Perros x 60 tabletas"},"content":{"rendered":"<div class=\"wpb-content-wrapper\"><p>[vc_row][vc_column][vc_column_text]<\/p>\n<h3><span style=\"font-size: 16px;\">\u00bfQu\u00e9 es <strong>Vitaminas + Hierro<\/strong>?<\/span><\/h3>\n<p>Vitaminas + Hierro es un suplemento alimenticio dise\u00f1ado para fortalecer las defensas del organismo de tu perro. Este producto es rico en vitaminas y hierro, esenciales para mejorar el metabolismo, el sistema nervioso y el bienestar de los tejidos corporales.<\/p>\n<h3><span style=\"font-size: 16px;\">\u00bfPara qu\u00e9 sirve <strong>Vitaminas + Hierro<\/strong>?<\/span><\/h3>\n<p>Sirve para fortalecer las defensas del organismo de tu perro, promoviendo una mejor salud general. Este suplemento ayuda en el desarrollo celular, el funcionamiento del sistema nervioso y el metabolismo de prote\u00ednas y grasas. Adem\u00e1s, facilita la obtenci\u00f3n de energ\u00eda a partir de los hidratos de carbono y prote\u00ednas, y contribuye a la construcci\u00f3n de los tejidos corporales, lo que es esencial para mantener a tu mascota activa y saludable.<\/p>\n<h3><span style=\"font-size: 16px;\">\u00bfC\u00f3mo usar <strong>Vitaminas + Hierro<\/strong>?<\/span><\/h3>\n<p>V\u00eda oral (Directo a la boca)<\/p>\n<p>Las mascotas usualmente gustan del sabor de la tableta, en caso de rechazo puede pulverizar y mezclarse con la leche o con la comida.<\/p>\n<p><strong>IMPORTANTE:<\/strong><\/p>\n<p>La informaci\u00f3n y los contenidos presentados tienen un car\u00e1cter meramente informativo y educativo, y no deben utilizarse como base para el uso de los productos. Los datos y recomendaciones provienen del fabricante o importador, y no nos hacemos responsables por errores u omisiones en el contenido ni por las decisiones tomadas por el usuario basadas en esta informaci\u00f3n.[\/vc_column_text][\/vc_column][\/vc_row]<\/p>\n<\/div>","protected":false},"excerpt":{"rendered":"<p>Vitaminas + Hierro es un suplemento alimenticio para perros, rico en vitaminas y hierro, que fortalece las defensas y mejora el metabolismo, el sistema nervioso y los tejidos corporales.<\/p>\n","protected":false},"featured_media":1217,"comment_status":"open","ping_status":"closed","template":"","meta":[],"product_brand":[],"product_cat":[72],"product_tag":[],"class_list":{"0":"post-1216","1":"product","2":"type-product","3":"status-publish","4":"has-post-thumbnail","6":"product_cat-suplementos","8":"first","9":"outofstock","10":"shipping-taxable","11":"purchasable","12":"product-type-simple"},"jetpack_sharing_enabled":true,"_links":{"self":[{"href":"https:\/\/www.todoparamascotas.co\/index.php?rest_route=\/wp\/v2\/product\/1216","targetHints":{"allow":["GET"]}}],"collection":[{"href":"https:\/\/www.todoparamascotas.co\/index.php?rest_route=\/wp\/v2\/product"}],"about":[{"href":"https:\/\/www.todoparamascotas.co\/index.php?rest_route=\/wp\/v2\/types\/product"}],"replies":[{"embeddable":true,"href":"https:\/\/www.todoparamascotas.co\/index.php?rest_route=%2Fwp%2Fv2%2Fcomments&post=1216"}],"wp:featuredmedia":[{"embeddable":true,"href":"https:\/\/www.todoparamascotas.co\/index.php?rest_route=\/wp\/v2\/media\/1217"}],"wp:attachment":[{"href":"https:\/\/www.todoparamascotas.co\/index.php?rest_route=%2Fwp%2Fv2%2Fmedia&parent=1216"}],"wp:term":[{"taxonomy":"product_brand","embeddable":true,"href":"https:\/\/www.todoparamascotas.co\/index.php?rest_route=%2Fwp%2Fv2%2Fproduct_brand&post=1216"},{"taxonomy":"product_cat","embeddable":true,"href":"https:\/\/www.todoparamascotas.co\/index.php?rest_route=%2Fwp%2Fv2%2Fproduct_cat&post=1216"},{"taxonomy":"product_tag","embeddable":true,"href":"https:\/\/www.todoparamascotas.co\/index.php?rest_route=%2Fwp%2Fv2%2Fproduct_tag&post=1216"}],"curies":[{"name":"wp","href":"https:\/\/api.w.org\/{rel}","templated":true}]}}