{"id":122,"date":"2019-07-24T03:12:51","date_gmt":"2019-07-24T03:12:51","guid":{"rendered":"http:\/\/sw-themes.com\/porto_dummy\/?post_type=product&#038;p=122"},"modified":"2024-03-31T00:20:58","modified_gmt":"2024-03-31T00:20:58","slug":"sieve","status":"publish","type":"product","link":"https:\/\/www.todoparamascotas.co\/?product=sieve","title":{"rendered":"Amitraz Pets 3% Garrapaticida x 50 ml"},"content":{"rendered":"<div class=\"wpb-content-wrapper\"><p>[vc_row el_class=\u00bbm-b-md\u00bb][vc_column][vc_column_text]<\/p>\n<h3><span style=\"font-size: 16px;\">\u00bfQu\u00e9 es <strong>Amitraz pets<\/strong> 3%?<\/span><\/h3>\n<p>Es un l\u00edquido concentrado emulsionable para administraci\u00f3n t\u00f3pica en ba\u00f1os de inmersi\u00f3n que es efectivo en el control y tratamiento de sarnas y garrapatas en las mascotas.<\/p>\n<h3><span style=\"font-size: 16px;\">\u00bfPara qu\u00e9 sirve <strong>Amitraz pets<\/strong> 3%?<\/span><\/h3>\n<p>Amitraz pets 3% se utiliza para el control de sarna sarc\u00f3ptica (Sarcoptes scabiei) y demodecica en caninos.<\/p>\n<h3><span style=\"font-size: 16px;\">\u00bfC\u00f3mo utilizar <strong>Amitraz pets<\/strong> 3%?<\/span><\/h3>\n<p>Antes de hacer el tratamiento, el pelo del animal debe estar completamente seco. Mezcle el contenido de un frasco de 120 ml en 6 litros de agua y ba\u00f1e completamente el perro en esta diluci\u00f3n. Aseg\u00farese de que la piel del animal se humedezca bien. Una vez aplicada la diluci\u00f3n d\u00e9jela secar sobre el animal. No enjuague. Se recomienda 3 a 4 tratamientos con intervalos de 10 a 14 d\u00edas. La diluci\u00f3n debe prepararse m\u00e1ximo 48 horas antes de su uso.[\/vc_column_text][\/vc_column][\/vc_row]<\/p>\n<\/div>","protected":false},"excerpt":{"rendered":"<p>Espec\u00edfico en el control y tratamiento de Sarna Demodexica y Sarc\u00f3ptica en perros.\u00a0 Ayuda a controlar garrapatas del g\u00e9nero Riphicefhalus sanguineus<\/p>\n","protected":false},"featured_media":492,"comment_status":"open","ping_status":"closed","template":"","meta":[],"product_brand":[],"product_cat":[51],"product_tag":[],"class_list":{"0":"post-122","1":"product","2":"type-product","3":"status-publish","4":"has-post-thumbnail","6":"product_cat-kitchen","8":"first","9":"outofstock","10":"featured","11":"shipping-taxable","12":"purchasable","13":"product-type-simple"},"jetpack_sharing_enabled":true,"_links":{"self":[{"href":"https:\/\/www.todoparamascotas.co\/index.php?rest_route=\/wp\/v2\/product\/122","targetHints":{"allow":["GET"]}}],"collection":[{"href":"https:\/\/www.todoparamascotas.co\/index.php?rest_route=\/wp\/v2\/product"}],"about":[{"href":"https:\/\/www.todoparamascotas.co\/index.php?rest_route=\/wp\/v2\/types\/product"}],"replies":[{"embeddable":true,"href":"https:\/\/www.todoparamascotas.co\/index.php?rest_route=%2Fwp%2Fv2%2Fcomments&post=122"}],"wp:featuredmedia":[{"embeddable":true,"href":"https:\/\/www.todoparamascotas.co\/index.php?rest_route=\/wp\/v2\/media\/492"}],"wp:attachment":[{"href":"https:\/\/www.todoparamascotas.co\/index.php?rest_route=%2Fwp%2Fv2%2Fmedia&parent=122"}],"wp:term":[{"taxonomy":"product_brand","embeddable":true,"href":"https:\/\/www.todoparamascotas.co\/index.php?rest_route=%2Fwp%2Fv2%2Fproduct_brand&post=122"},{"taxonomy":"product_cat","embeddable":true,"href":"https:\/\/www.todoparamascotas.co\/index.php?rest_route=%2Fwp%2Fv2%2Fproduct_cat&post=122"},{"taxonomy":"product_tag","embeddable":true,"href":"https:\/\/www.todoparamascotas.co\/index.php?rest_route=%2Fwp%2Fv2%2Fproduct_tag&post=122"}],"curies":[{"name":"wp","href":"https:\/\/api.w.org\/{rel}","templated":true}]}}