{"id":1223,"date":"2024-09-25T14:45:09","date_gmt":"2024-09-25T14:45:09","guid":{"rendered":"https:\/\/www.todoparamascotas.co\/?post_type=product&#038;p=1223"},"modified":"2024-10-14T02:15:12","modified_gmt":"2024-10-14T02:15:12","slug":"repelente-edupet-concentrado-para-perros-y-gatos-1-litro","status":"publish","type":"product","link":"https:\/\/www.todoparamascotas.co\/?product=repelente-edupet-concentrado-para-perros-y-gatos-1-litro","title":{"rendered":"Repelente Edupet Concentrado para perros y gatos 1 Litro"},"content":{"rendered":"<div class=\"wpb-content-wrapper\"><p>[vc_row][vc_column][vc_column_text]<\/p>\n<h3><span style=\"font-size: 16px;\">\u00bfQu\u00e9 es <strong>Edupet Concentrado<\/strong>?<\/span><\/h3>\n<p>Edupet Concentrado es un repelente dise\u00f1ado para perros y gatos que se presenta en forma concentrada. \u00datil en las \u00e1reas donde se quiere evitar que los animales hagan sus necesidades. Es una soluci\u00f3n pr\u00e1ctica para mantener tus espacios limpios.<\/p>\n<h3><span style=\"font-size: 16px;\">\u00bfPara qu\u00e9 sirve <strong>Edupet Concentrado<\/strong>?<\/span><\/h3>\n<p>sirve para repeler a perros y gatos de \u00e1reas espec\u00edficas donde no deseas que hagan sus necesidades. Su acci\u00f3n se basa en propiedades arom\u00e1ticas que afectan los sentidos qu\u00edmicos de los animales y aprovechan sus h\u00e1bitos de demarcaci\u00f3n territorial. Al aplicarlo, Edupet ayuda a disuadir a los animales de depositar en esas zonas, oblig\u00e1ndolos a buscar otros lugares.<\/p>\n<h3><span style=\"font-size: 16px;\">\u00bfC\u00f3mo se usa <strong>Edupet Concentrado<\/strong>?<\/span><\/h3>\n<p>Lavar las zonas afectadas. Diluir el producto en el momento de ser utilizado en un bid\u00f3n o regadera seg\u00fan la proporci\u00f3n: 1 litro de Edupet Repelente + 4 litros de agua: Total 5 litros como m\u00e1ximo. Agitar bien el bid\u00f3n que contiene el producto ya diluido antes de su aplicaci\u00f3n.<\/p>\n<p>Las cantidades a pulverizar o rociar no est\u00e1n determinadas exactamente debiendo ser la adecuada y necesaria para mojar toda la superficie a tratar. Por lo tanto, aplicar en forma abundante en las zonas m\u00e1s afectadas, haci\u00e9ndolo: la primera semana, d\u00eda por medio (Frecuencia de ataque). A partir de la segunda semana, 1 vez cada 7 d\u00edas (Frecuencia de mantenimiento).<\/p>\n<p><strong>IMPORTANTE:<\/strong><\/p>\n<p>La informaci\u00f3n y los contenidos presentados tienen un car\u00e1cter meramente informativo y educativo, y no deben utilizarse como base para el uso de los productos. Los datos y recomendaciones provienen del fabricante o importador, y no nos hacemos responsables por errores u omisiones en el contenido ni por las decisiones tomadas por el usuario basadas en esta informaci\u00f3n.[\/vc_column_text][\/vc_column][\/vc_row]<\/p>\n<\/div>","protected":false},"excerpt":{"rendered":"<p>Edupet Concentrado es un repelente para perros y gatos que, al diluirse y aplicarse, evita que hagan sus necesidades en \u00e1reas espec\u00edficas, aprovechando sus sentidos y h\u00e1bitos de territorialidad.<\/p>\n","protected":false},"featured_media":1224,"comment_status":"open","ping_status":"closed","template":"","meta":[],"product_brand":[],"product_cat":[98],"product_tag":[],"class_list":{"0":"post-1223","1":"product","2":"type-product","3":"status-publish","4":"has-post-thumbnail","6":"product_cat-limpieza-y-orina","8":"first","9":"outofstock","10":"shipping-taxable","11":"purchasable","12":"product-type-simple"},"jetpack_sharing_enabled":true,"_links":{"self":[{"href":"https:\/\/www.todoparamascotas.co\/index.php?rest_route=\/wp\/v2\/product\/1223","targetHints":{"allow":["GET"]}}],"collection":[{"href":"https:\/\/www.todoparamascotas.co\/index.php?rest_route=\/wp\/v2\/product"}],"about":[{"href":"https:\/\/www.todoparamascotas.co\/index.php?rest_route=\/wp\/v2\/types\/product"}],"replies":[{"embeddable":true,"href":"https:\/\/www.todoparamascotas.co\/index.php?rest_route=%2Fwp%2Fv2%2Fcomments&post=1223"}],"wp:featuredmedia":[{"embeddable":true,"href":"https:\/\/www.todoparamascotas.co\/index.php?rest_route=\/wp\/v2\/media\/1224"}],"wp:attachment":[{"href":"https:\/\/www.todoparamascotas.co\/index.php?rest_route=%2Fwp%2Fv2%2Fmedia&parent=1223"}],"wp:term":[{"taxonomy":"product_brand","embeddable":true,"href":"https:\/\/www.todoparamascotas.co\/index.php?rest_route=%2Fwp%2Fv2%2Fproduct_brand&post=1223"},{"taxonomy":"product_cat","embeddable":true,"href":"https:\/\/www.todoparamascotas.co\/index.php?rest_route=%2Fwp%2Fv2%2Fproduct_cat&post=1223"},{"taxonomy":"product_tag","embeddable":true,"href":"https:\/\/www.todoparamascotas.co\/index.php?rest_route=%2Fwp%2Fv2%2Fproduct_tag&post=1223"}],"curies":[{"name":"wp","href":"https:\/\/api.w.org\/{rel}","templated":true}]}}