{"id":1225,"date":"2024-09-25T21:27:28","date_gmt":"2024-09-25T21:27:28","guid":{"rendered":"https:\/\/www.todoparamascotas.co\/?post_type=product&#038;p=1225"},"modified":"2025-01-16T20:54:02","modified_gmt":"2025-01-16T20:54:02","slug":"edo-artiflex-mascotas-suplemento-x-120-ml","status":"publish","type":"product","link":"https:\/\/www.todoparamascotas.co\/?product=edo-artiflex-mascotas-suplemento-x-120-ml","title":{"rendered":"Edo Artiflex Mascotas Suplemento x 120 ml"},"content":{"rendered":"<div class=\"wpb-content-wrapper\"><p>[vc_row][vc_column][vc_column_text]<\/p>\n<h3><span style=\"font-size: 16px;\">\u00bfQu\u00e9 es <strong>Edo Artiflex Mascotas<\/strong>?<\/span><\/h3>\n<p>Edo Artiflex Mascotas es un suplemento nutricional dise\u00f1ado espec\u00edficamente para apoyar la salud de las articulaciones en mascotas. Contiene ingredientes clave como glucosamina, condroitina y MSM, que ayudan en la prevenci\u00f3n y tratamiento de enfermedades articulares. Adem\u00e1s, est\u00e1 enriquecido con vitaminas A, C, D, E y B, que contribuyen al bienestar general de los animales, mejorando su movilidad y calidad de vida.<\/p>\n<h3><span style=\"font-size: 16px;\">\u00bfPara qu\u00e9 sirve <strong>Edo Artiflex Mascotas<\/strong>?<\/span><\/h3>\n<p>Sirve como un suplemento alimenticio dise\u00f1ado para la prevenci\u00f3n y tratamiento de enfermedades articulares en perros de todas las razas y condiciones corporales.<\/p>\n<h3><span style=\"font-size: 16px;\">\u00bfC\u00f3mo se usa <strong>Edo Artiflex Mascotas<\/strong>?<\/span><\/h3>\n<p>V\u00eda oral. Para suministrar a perros de todas las edades y razas. Administrar por v\u00eda oral a raz\u00f3n de 5 &#8211; 10 mL, animal, d\u00eda.<\/p>\n<p><strong>IMPORTANTE:<\/strong><\/p>\n<p>La informaci\u00f3n y los contenidos presentados tienen un car\u00e1cter meramente informativo y educativo, y no deben utilizarse como base para el uso de los productos. Los datos y recomendaciones provienen del fabricante o importador, y no nos hacemos responsables por errores u omisiones en el contenido ni por las decisiones tomadas por el usuario basadas en esta informaci\u00f3n.[\/vc_column_text][\/vc_column][\/vc_row]<\/p>\n<\/div>","protected":false},"excerpt":{"rendered":"<p>Suplemento nutricional para perros que apoya la salud articular, previene enfermedades y mejora la movilidad, gracias a su combinaci\u00f3n de glucosamina, condroitina y vitaminas esenciales.<\/p>\n","protected":false},"featured_media":1226,"comment_status":"open","ping_status":"closed","template":"","meta":[],"product_brand":[],"product_cat":[72],"product_tag":[],"class_list":{"0":"post-1225","1":"product","2":"type-product","3":"status-publish","4":"has-post-thumbnail","6":"product_cat-suplementos","8":"first","9":"outofstock","10":"shipping-taxable","11":"purchasable","12":"product-type-simple"},"jetpack_sharing_enabled":true,"_links":{"self":[{"href":"https:\/\/www.todoparamascotas.co\/index.php?rest_route=\/wp\/v2\/product\/1225","targetHints":{"allow":["GET"]}}],"collection":[{"href":"https:\/\/www.todoparamascotas.co\/index.php?rest_route=\/wp\/v2\/product"}],"about":[{"href":"https:\/\/www.todoparamascotas.co\/index.php?rest_route=\/wp\/v2\/types\/product"}],"replies":[{"embeddable":true,"href":"https:\/\/www.todoparamascotas.co\/index.php?rest_route=%2Fwp%2Fv2%2Fcomments&post=1225"}],"wp:featuredmedia":[{"embeddable":true,"href":"https:\/\/www.todoparamascotas.co\/index.php?rest_route=\/wp\/v2\/media\/1226"}],"wp:attachment":[{"href":"https:\/\/www.todoparamascotas.co\/index.php?rest_route=%2Fwp%2Fv2%2Fmedia&parent=1225"}],"wp:term":[{"taxonomy":"product_brand","embeddable":true,"href":"https:\/\/www.todoparamascotas.co\/index.php?rest_route=%2Fwp%2Fv2%2Fproduct_brand&post=1225"},{"taxonomy":"product_cat","embeddable":true,"href":"https:\/\/www.todoparamascotas.co\/index.php?rest_route=%2Fwp%2Fv2%2Fproduct_cat&post=1225"},{"taxonomy":"product_tag","embeddable":true,"href":"https:\/\/www.todoparamascotas.co\/index.php?rest_route=%2Fwp%2Fv2%2Fproduct_tag&post=1225"}],"curies":[{"name":"wp","href":"https:\/\/api.w.org\/{rel}","templated":true}]}}