{"id":1227,"date":"2024-09-25T22:58:05","date_gmt":"2024-09-25T22:58:05","guid":{"rendered":"https:\/\/www.todoparamascotas.co\/?post_type=product&#038;p=1227"},"modified":"2024-10-14T02:11:07","modified_gmt":"2024-10-14T02:11:07","slug":"urovital-vita-crunch-x-100-crunch","status":"publish","type":"product","link":"https:\/\/www.todoparamascotas.co\/?product=urovital-vita-crunch-x-100-crunch","title":{"rendered":"Urovital Vita Crunch x 100 Crunch"},"content":{"rendered":"<div class=\"wpb-content-wrapper\"><p>[vc_row][vc_column][vc_column_text]<\/p>\n<h3><span style=\"font-size: 16px;\">\u00bfQu\u00e9 es <strong>Urovital Pets<\/strong> Vita Crunch?<\/span><\/h3>\n<p><strong>Urovital Pets<\/strong> es un suplemento nutricional en tabletas masticables, formulado para perros y gatos, que apoya la salud urinaria. Dise\u00f1ado para facilitar su administraci\u00f3n, ayuda en el tratamiento y prevenci\u00f3n de infecciones urinarias, actuando como coadyuvante del sistema urinario para mantener el bienestar.<\/p>\n<h3><span style=\"font-size: 16px;\">\u00bfPara qu\u00e9 sirve <strong>Urovital Pets<\/strong> Vita Crunch?<\/span><\/h3>\n<p>Como complemento a la dieta diaria sin exceder el consumo recomendado.<\/p>\n<p><strong>Urovital Pets Vita Crunch<\/strong> sirve para mejorar la funci\u00f3n urinaria en mascotas, siendo especialmente beneficioso para aquellos con tendencia a problemas urinarios como cistitis, formaci\u00f3n de cristales o infecciones del tracto urinario.<\/p>\n<h3><span style=\"font-size: 16px;\">\u00bfC\u00f3mo se usa <strong>Urovital Pets<\/strong> Vita Crunch?<\/span><\/h3>\n<p>Para perros de todas las razas a partir de los 5 meses de edad. Se debe suministrar seg\u00fan la tabla de alimentaci\u00f3n 1 VitaCrunch (Equivalente a 1 unidad).<\/p>\n<p><strong>Tabla de alimentaci\u00f3n:<\/strong><\/p>\n<table style=\"height: 216px;\" width=\"379\">\n<tbody>\n<tr>\n<td width=\"100\"><strong>Tama\u00f1o<\/strong><\/td>\n<td width=\"99\"><strong>Kilogramos<\/strong><\/td>\n<td width=\"107\"><strong>Unidades Diarias<\/strong><\/td>\n<\/tr>\n<tr>\n<td>Razas peque\u00f1as<\/td>\n<td>Menos de 10 Kg<\/td>\n<td>1 VitaCrunch<\/td>\n<\/tr>\n<tr>\n<td>Razas medianas<\/td>\n<td>de 11 a 5 Kg<\/td>\n<td>2 VitaCrunch<\/td>\n<\/tr>\n<tr>\n<td>Razas grandes<\/td>\n<td>de 26 a 49 Kg<\/td>\n<td>3 VitaCrunch<\/td>\n<\/tr>\n<tr>\n<td>Razas Gigantes<\/td>\n<td>M\u00e1s de 50 Kg<\/td>\n<td>4 VitaCrunch<\/td>\n<\/tr>\n<\/tbody>\n<\/table>\n<p><strong>IMPORTANTE:<\/strong><\/p>\n<p>La informaci\u00f3n y los contenidos presentados tienen un car\u00e1cter meramente informativo y educativo, y no deben utilizarse como base para el uso de los productos. Los datos y recomendaciones provienen del fabricante o importador, y no nos hacemos responsables por errores u omisiones en el contenido ni por las decisiones tomadas por el usuario basadas en esta informaci\u00f3n.[\/vc_column_text][\/vc_column][\/vc_row]<\/p>\n<\/div>","protected":false},"excerpt":{"rendered":"<p>Urovital Pets es un suplemento nutricional en tabletas masticables que mejora la funci\u00f3n urinaria en perros y gatos, ayudando a prevenir y tratar infecciones urinarias y problemas relacionados.<\/p>\n","protected":false},"featured_media":1228,"comment_status":"open","ping_status":"closed","template":"","meta":[],"product_brand":[],"product_cat":[15],"product_tag":[],"class_list":{"0":"post-1227","1":"product","2":"type-product","3":"status-publish","4":"has-post-thumbnail","6":"product_cat-uncategorized","8":"first","9":"instock","10":"shipping-taxable","11":"purchasable","12":"product-type-simple"},"jetpack_sharing_enabled":true,"_links":{"self":[{"href":"https:\/\/www.todoparamascotas.co\/index.php?rest_route=\/wp\/v2\/product\/1227","targetHints":{"allow":["GET"]}}],"collection":[{"href":"https:\/\/www.todoparamascotas.co\/index.php?rest_route=\/wp\/v2\/product"}],"about":[{"href":"https:\/\/www.todoparamascotas.co\/index.php?rest_route=\/wp\/v2\/types\/product"}],"replies":[{"embeddable":true,"href":"https:\/\/www.todoparamascotas.co\/index.php?rest_route=%2Fwp%2Fv2%2Fcomments&post=1227"}],"wp:featuredmedia":[{"embeddable":true,"href":"https:\/\/www.todoparamascotas.co\/index.php?rest_route=\/wp\/v2\/media\/1228"}],"wp:attachment":[{"href":"https:\/\/www.todoparamascotas.co\/index.php?rest_route=%2Fwp%2Fv2%2Fmedia&parent=1227"}],"wp:term":[{"taxonomy":"product_brand","embeddable":true,"href":"https:\/\/www.todoparamascotas.co\/index.php?rest_route=%2Fwp%2Fv2%2Fproduct_brand&post=1227"},{"taxonomy":"product_cat","embeddable":true,"href":"https:\/\/www.todoparamascotas.co\/index.php?rest_route=%2Fwp%2Fv2%2Fproduct_cat&post=1227"},{"taxonomy":"product_tag","embeddable":true,"href":"https:\/\/www.todoparamascotas.co\/index.php?rest_route=%2Fwp%2Fv2%2Fproduct_tag&post=1227"}],"curies":[{"name":"wp","href":"https:\/\/api.w.org\/{rel}","templated":true}]}}