{"id":1230,"date":"2024-09-27T20:08:31","date_gmt":"2024-09-27T20:08:31","guid":{"rendered":"https:\/\/www.todoparamascotas.co\/?post_type=product&#038;p=1230"},"modified":"2025-08-20T16:25:30","modified_gmt":"2025-08-20T16:25:30","slug":"petys-panitos-humedos-para-mascotas-x-80-panos","status":"publish","type":"product","link":"https:\/\/www.todoparamascotas.co\/?product=petys-panitos-humedos-para-mascotas-x-80-panos","title":{"rendered":"Petys Pa\u00f1itos H\u00famedos para Mascotas x 80 Pa\u00f1os"},"content":{"rendered":"<div class=\"wpb-content-wrapper\"><p>[vc_row][vc_column][vc_column_text]<\/p>\n<h3><span style=\"font-size: 16px;\">\u00bfQu\u00e9 son los <strong>Pa\u00f1itos Petys<\/strong>?<\/span><\/h3>\n<p>Los Pa\u00f1itos H\u00famedos Petys Limpieza Superior son una excelente opci\u00f3n para mantener a tu mascota limpia y fresca. Est\u00e1n dise\u00f1ados para uso diario, ayudando a neutralizar los malos olores y dejando a tu compa\u00f1ero peludo con un aroma agradable. Adem\u00e1s, son hipoalerg\u00e9nicos, lo que minimiza el riesgo de irritaciones en la piel. Son pr\u00e1cticos y seguros, perfectos para el cuidado de tu mascota.<\/p>\n<h3><span style=\"font-size: 16px;\">\u00bfPara qu\u00e9 sirven los <strong>Pa\u00f1itos Petys<\/strong>?<\/span><\/h3>\n<p>Son ideales para el aseo corporal de tu perro o gato entre ba\u00f1os. Ayudan a mantener la higiene de tu peludo, evitando que la suciedad se acumule en casa despu\u00e9s de que juegan. Son perfectos para limpiar el pelaje, la cola, las patas, las orejas y el contorno de los ojos, y est\u00e1n aprobados por veterinarios. Adem\u00e1s, neutralizan olores, dej\u00e1ndolos frescos y limpios.<\/p>\n<h3><span style=\"font-size: 16px;\">\u00bfC\u00f3mo se usan los <strong>Pa\u00f1itos Petys<\/strong>?<\/span><\/h3>\n<p>Solamente para limpieza externa de mascotas (perros y gatos).<\/p>\n<p>Limpiar diariamente el contorno de ojos (lega\u00f1as), orejas, patas, pliegues, pelo y cola de cachorros y adultos.<\/p>\n<p><strong>IMPORTANTE:<\/strong><\/p>\n<p>La informaci\u00f3n y los contenidos presentados tienen un car\u00e1cter meramente informativo y educativo, y no deben utilizarse como base para el uso de los productos. Los datos y recomendaciones provienen del fabricante o importador, y no nos hacemos responsables por errores u omisiones en el contenido ni por las decisiones tomadas por el usuario basadas en esta informaci\u00f3n.[\/vc_column_text][\/vc_column][\/vc_row]<\/p>\n<\/div>","protected":false},"excerpt":{"rendered":"<p>Los Pa\u00f1itos H\u00famedos Petys son ideales para el aseo diario de perros y gatos, limpiando pelaje, patas y orejas, neutralizando olores y siendo hipoalerg\u00e9nicos. \u00a1Higiene f\u00e1cil y efectiva!<\/p>\n","protected":false},"featured_media":1231,"comment_status":"open","ping_status":"closed","template":"","meta":[],"product_brand":[],"product_cat":[98],"product_tag":[],"class_list":{"0":"post-1230","1":"product","2":"type-product","3":"status-publish","4":"has-post-thumbnail","6":"product_cat-limpieza-y-orina","8":"first","9":"instock","10":"shipping-taxable","11":"purchasable","12":"product-type-simple"},"jetpack_sharing_enabled":true,"_links":{"self":[{"href":"https:\/\/www.todoparamascotas.co\/index.php?rest_route=\/wp\/v2\/product\/1230","targetHints":{"allow":["GET"]}}],"collection":[{"href":"https:\/\/www.todoparamascotas.co\/index.php?rest_route=\/wp\/v2\/product"}],"about":[{"href":"https:\/\/www.todoparamascotas.co\/index.php?rest_route=\/wp\/v2\/types\/product"}],"replies":[{"embeddable":true,"href":"https:\/\/www.todoparamascotas.co\/index.php?rest_route=%2Fwp%2Fv2%2Fcomments&post=1230"}],"wp:featuredmedia":[{"embeddable":true,"href":"https:\/\/www.todoparamascotas.co\/index.php?rest_route=\/wp\/v2\/media\/1231"}],"wp:attachment":[{"href":"https:\/\/www.todoparamascotas.co\/index.php?rest_route=%2Fwp%2Fv2%2Fmedia&parent=1230"}],"wp:term":[{"taxonomy":"product_brand","embeddable":true,"href":"https:\/\/www.todoparamascotas.co\/index.php?rest_route=%2Fwp%2Fv2%2Fproduct_brand&post=1230"},{"taxonomy":"product_cat","embeddable":true,"href":"https:\/\/www.todoparamascotas.co\/index.php?rest_route=%2Fwp%2Fv2%2Fproduct_cat&post=1230"},{"taxonomy":"product_tag","embeddable":true,"href":"https:\/\/www.todoparamascotas.co\/index.php?rest_route=%2Fwp%2Fv2%2Fproduct_tag&post=1230"}],"curies":[{"name":"wp","href":"https:\/\/api.w.org\/{rel}","templated":true}]}}