{"id":1242,"date":"2024-10-03T21:08:06","date_gmt":"2024-10-03T21:08:06","guid":{"rendered":"https:\/\/www.todoparamascotas.co\/?post_type=product&#038;p=1242"},"modified":"2025-01-16T20:53:47","modified_gmt":"2025-01-16T20:53:47","slug":"pet-milk-neostrong-lactoreemplazador-x-500-g","status":"publish","type":"product","link":"https:\/\/www.todoparamascotas.co\/?product=pet-milk-neostrong-lactoreemplazador-x-500-g","title":{"rendered":"Pet Milk Neostrong Lactoreemplazador x 500 g"},"content":{"rendered":"<div class=\"wpb-content-wrapper\"><p>[vc_row][vc_column][vc_column_text]<\/p>\n<h3><span style=\"font-size: 16px;\">\u00bfQu\u00e9 es <strong>Pet Milk Neostrong<\/strong>?<\/span><\/h3>\n<p>Pet Milk Neostrong es un alimento sustitutivo de la leche dise\u00f1ado espec\u00edficamente para cr\u00edas. Su nueva f\u00f3rmula est\u00e1 enriquecida con vitaminas, minerales y amino\u00e1cidos esenciales para el desarrollo \u00f3ptimo de los cachorros. Incluye taurina, un amino\u00e1cido crucial para la nutrici\u00f3n de los felinos, as\u00ed como FOS, un prebi\u00f3tico que favorece el equilibrio de la flora intestinal. Adem\u00e1s, contiene prote\u00ednas del suero de la leche, que se aprovechan mejor por las cr\u00edas, y es completamente libre de lactosa, lo que lo hace m\u00e1s adecuado para animales sensibles a este componente.<\/p>\n<h3><span style=\"font-size: 16px;\">\u00bfPara qu\u00e9 sirve <strong>Pet Milk Neostrong<\/strong>?<\/span><\/h3>\n<p>Suplemento alimenticio para cachorros caninos y gaticos lactantes; perras y gatas en lactancia; perros y gatos adultos.<\/p>\n<p>En cachorros caninos y gaticos lactantes eventualmente puede sustituir la leche materna en el caso de fallecimiento o de enfermedad de las perras o de las gatas (madres).<\/p>\n<h3><span style=\"font-size: 16px;\">\u00bfC\u00f3mo se usa <strong>Pet Milk Neostrong<\/strong>?<\/span><\/h3>\n<p>Disolver en la proporci\u00f3n de 1 a 5 (una parte de leche en polvo en 5 de agua 37-40\u00b0 C) muy bien mezclado sin grumos. Las cantidades para perras y gatas lactantes y para perros y gatos adultos corresponden a las relacionadas en la tabla para \u00abm\u00e1s de 60 d\u00edas\u00bb; suministrar mezcladas con la raci\u00f3n diaria de alimento. No dejar sobrantes de una toma a otra.<\/p>\n<h4><span style=\"font-size: 15px;\">Lactancia con la madre:<\/span><\/h4>\n<p>A partir de los 10 d\u00edas los cachorros necesitan un alimento que compense la disminuci\u00f3n de la cantidad de leche que produce la madre, evitando al mismo tiempo un desgaste excesivo de la misma.<\/p>\n<p><strong>De 10 a 30 d\u00edas: <\/strong>Poner en biber\u00f3n la leche preparada complementando la leche de la madre seg\u00fan vayan necesitando los cachorros, en 3-4 tomas al d\u00eda.<\/p>\n<p><strong>De 30 a 45 d\u00edas: <\/strong>Colocar la leche en un recipiente bajo 2-3 veces al d\u00eda.<\/p>\n<p><strong>De 45 a 90 d\u00edas:<\/strong> Ir mezclando con la leche el alimento extrusionado de cachorro para que est\u00e9n m\u00e1s satisfechos y se facilite el tr\u00e1nsito a un alimento seco.<\/p>\n<h4><span style=\"font-size: 15px;\">Lactancia sin la madre:<\/span><\/h4>\n<p><strong>Menores de 15 d\u00edas:<\/strong> Suministrar con biber\u00f3n cada dos horas, 8 tomas al d\u00eda.<\/p>\n<p><strong>De 15 a 30 d\u00edas:<\/strong> Dar biber\u00f3n, 6 tomas al d\u00eda repartidas.<\/p>\n<p><strong>De 30 a 45 d\u00edas:<\/strong> La leche en recipiente bajo, 4 tomas al d\u00eda.<\/p>\n<p><strong>M\u00e1s de 45 d\u00edas:<\/strong> Ir mezclando con la leche el alimento extrusionado de cachorros hasta los 4 meses, disminuyendo la cantidad de la leche.<\/p>\n<p>Dar en cada toma seg\u00fan la tablas:<\/p>\n<table style=\"height: 227px;\" width=\"565\">\n<tbody>\n<tr>\n<td width=\"163\">TALLA<\/td>\n<td width=\"83\">15 D\u00cdAS<\/td>\n<td width=\"83\">15-30 D\u00cdAS<\/td>\n<td width=\"83\">30-60 D\u00cdAS<\/td>\n<td width=\"83\">* &gt;60 D\u00cdAS<\/td>\n<\/tr>\n<tr>\n<td>Gatos<\/td>\n<td>4 g<\/td>\n<td>8 g<\/td>\n<td>12 g<\/td>\n<td>16 g<\/td>\n<\/tr>\n<tr>\n<td>Perros razas peque\u00f1as<\/td>\n<td>8 g<\/td>\n<td>12 g<\/td>\n<td>16 g<\/td>\n<td>24 g<\/td>\n<\/tr>\n<tr>\n<td>Perros razas medianas<\/td>\n<td>12 g<\/td>\n<td>16 g<\/td>\n<td>24 g<\/td>\n<td>32 g<\/td>\n<\/tr>\n<tr>\n<td>Perros razas grandes<\/td>\n<td>16 g<\/td>\n<td>24 g<\/td>\n<td>32 g<\/td>\n<td>48 g<\/td>\n<\/tr>\n<tr>\n<td>N\u00b0 de tomas por d\u00eda<\/td>\n<td>8<\/td>\n<td>6<\/td>\n<td>4<\/td>\n<td>2<\/td>\n<\/tr>\n<\/tbody>\n<\/table>\n<p><strong>IMPORTANTE:<\/strong><\/p>\n<p>La informaci\u00f3n y los contenidos presentados tienen un car\u00e1cter meramente informativo y educativo, y no deben utilizarse como base para el uso de los productos. Los datos y recomendaciones provienen del fabricante o importador, y no nos hacemos responsables por errores u omisiones en el contenido ni por las decisiones tomadas por el usuario basadas en esta informaci\u00f3n.[\/vc_column_text][\/vc_column][\/vc_row]<\/p>\n<\/div>","protected":false},"excerpt":{"rendered":"<p>Pet Milk Neostrong es un alimento sustitutivo de leche para cr\u00edas, enriquecido con vitaminas, minerales y taurina, sin lactosa y con prote\u00ednas de suero para un mejor desarrollo<\/p>\n","protected":false},"featured_media":1243,"comment_status":"open","ping_status":"closed","template":"","meta":[],"product_brand":[],"product_cat":[15],"product_tag":[],"class_list":{"0":"post-1242","1":"product","2":"type-product","3":"status-publish","4":"has-post-thumbnail","6":"product_cat-uncategorized","8":"first","9":"outofstock","10":"shipping-taxable","11":"purchasable","12":"product-type-simple"},"jetpack_sharing_enabled":true,"_links":{"self":[{"href":"https:\/\/www.todoparamascotas.co\/index.php?rest_route=\/wp\/v2\/product\/1242","targetHints":{"allow":["GET"]}}],"collection":[{"href":"https:\/\/www.todoparamascotas.co\/index.php?rest_route=\/wp\/v2\/product"}],"about":[{"href":"https:\/\/www.todoparamascotas.co\/index.php?rest_route=\/wp\/v2\/types\/product"}],"replies":[{"embeddable":true,"href":"https:\/\/www.todoparamascotas.co\/index.php?rest_route=%2Fwp%2Fv2%2Fcomments&post=1242"}],"wp:featuredmedia":[{"embeddable":true,"href":"https:\/\/www.todoparamascotas.co\/index.php?rest_route=\/wp\/v2\/media\/1243"}],"wp:attachment":[{"href":"https:\/\/www.todoparamascotas.co\/index.php?rest_route=%2Fwp%2Fv2%2Fmedia&parent=1242"}],"wp:term":[{"taxonomy":"product_brand","embeddable":true,"href":"https:\/\/www.todoparamascotas.co\/index.php?rest_route=%2Fwp%2Fv2%2Fproduct_brand&post=1242"},{"taxonomy":"product_cat","embeddable":true,"href":"https:\/\/www.todoparamascotas.co\/index.php?rest_route=%2Fwp%2Fv2%2Fproduct_cat&post=1242"},{"taxonomy":"product_tag","embeddable":true,"href":"https:\/\/www.todoparamascotas.co\/index.php?rest_route=%2Fwp%2Fv2%2Fproduct_tag&post=1242"}],"curies":[{"name":"wp","href":"https:\/\/api.w.org\/{rel}","templated":true}]}}