{"id":1246,"date":"2024-10-03T22:36:26","date_gmt":"2024-10-03T22:36:26","guid":{"rendered":"https:\/\/www.todoparamascotas.co\/?post_type=product&#038;p=1246"},"modified":"2025-08-20T16:24:12","modified_gmt":"2025-08-20T16:24:12","slug":"pezosan-n-unguento-cicatrizante-anestesico-x-220-g","status":"publish","type":"product","link":"https:\/\/www.todoparamascotas.co\/?product=pezosan-n-unguento-cicatrizante-anestesico-x-220-g","title":{"rendered":"Pezosan-N Ung\u00fcento Cicatrizante Anest\u00e9sico x 220 g"},"content":{"rendered":"<div class=\"wpb-content-wrapper\"><p>[vc_row][vc_column][vc_column_text]<\/p>\n<h3><span style=\"font-size: 16px;\">\u00bfQu\u00e9 es <strong>Pezosan-N<\/strong>?<\/span><\/h3>\n<p>Pezosan-N es un ung\u00fcento de origen animal utilizado en todas las especies. Contiene aceite de Kalaya, extra\u00eddo del avestruz australiano, que act\u00faa como un transportador transd\u00e9rmico, mejorando la permeabilidad celular. Sus propiedades bactericidas, anest\u00e9sicas, cicatrizantes y lubricantes lo convierten en un tratamiento efectivo para diversos problemas de piel, permitiendo que los componentes activos act\u00faen de manera directa y efectiva.<\/p>\n<h3><span style=\"font-size: 16px;\">\u00bfPara qu\u00e9 sirve <strong>Pezosan-N<\/strong>?<\/span><\/h3>\n<p>Pezosan-N sirve para aliviar r\u00e1pidamente el dolor y sanar peque\u00f1as heridas, quemaduras y escoriaciones en todas las especies. Previene infecciones y facilita la cicatrizaci\u00f3n. En bovinos, ayuda a curar agrietamientos en los pezones y es ideal para procesos postquir\u00fargicos. En peque\u00f1os animales, es eficaz en la cicatrizaci\u00f3n tras procedimientos como caudectom\u00edas, amputaciones de espolones y garras.<\/p>\n<h3><span style=\"font-size: 16px;\">\u00bfC\u00f3mo se usa <strong>Pezosan-N<\/strong>?<\/span><\/h3>\n<p>Previa limpieza de la parte afectada, aplique Pezosan-N 2 a 3 veces al d\u00eda hasta obtener la curaci\u00f3n.<\/p>\n<p><strong>IMPORTANTE:<\/strong><\/p>\n<p>La informaci\u00f3n y los contenidos presentados tienen un car\u00e1cter meramente informativo y educativo, y no deben utilizarse como base para el uso de los productos. Los datos y recomendaciones provienen del fabricante o importador, y no nos hacemos responsables por errores u omisiones en el contenido ni por las decisiones tomadas por el usuario basadas en esta informaci\u00f3n.[\/vc_column_text][\/vc_column][\/vc_row]<\/p>\n<\/div>","protected":false},"excerpt":{"rendered":"<p>Pezosan-N es un ung\u00fcento de origen animal con aceite de Kalaya que mejora la permeabilidad celular. Posee propiedades bactericidas, anest\u00e9sicas y cicatrizantes, ideal para problemas de piel<\/p>\n","protected":false},"featured_media":1247,"comment_status":"open","ping_status":"closed","template":"","meta":[],"product_brand":[],"product_cat":[15],"product_tag":[],"class_list":{"0":"post-1246","1":"product","2":"type-product","3":"status-publish","4":"has-post-thumbnail","6":"product_cat-uncategorized","8":"first","9":"outofstock","10":"shipping-taxable","11":"purchasable","12":"product-type-simple"},"jetpack_sharing_enabled":true,"_links":{"self":[{"href":"https:\/\/www.todoparamascotas.co\/index.php?rest_route=\/wp\/v2\/product\/1246","targetHints":{"allow":["GET"]}}],"collection":[{"href":"https:\/\/www.todoparamascotas.co\/index.php?rest_route=\/wp\/v2\/product"}],"about":[{"href":"https:\/\/www.todoparamascotas.co\/index.php?rest_route=\/wp\/v2\/types\/product"}],"replies":[{"embeddable":true,"href":"https:\/\/www.todoparamascotas.co\/index.php?rest_route=%2Fwp%2Fv2%2Fcomments&post=1246"}],"wp:featuredmedia":[{"embeddable":true,"href":"https:\/\/www.todoparamascotas.co\/index.php?rest_route=\/wp\/v2\/media\/1247"}],"wp:attachment":[{"href":"https:\/\/www.todoparamascotas.co\/index.php?rest_route=%2Fwp%2Fv2%2Fmedia&parent=1246"}],"wp:term":[{"taxonomy":"product_brand","embeddable":true,"href":"https:\/\/www.todoparamascotas.co\/index.php?rest_route=%2Fwp%2Fv2%2Fproduct_brand&post=1246"},{"taxonomy":"product_cat","embeddable":true,"href":"https:\/\/www.todoparamascotas.co\/index.php?rest_route=%2Fwp%2Fv2%2Fproduct_cat&post=1246"},{"taxonomy":"product_tag","embeddable":true,"href":"https:\/\/www.todoparamascotas.co\/index.php?rest_route=%2Fwp%2Fv2%2Fproduct_tag&post=1246"}],"curies":[{"name":"wp","href":"https:\/\/api.w.org\/{rel}","templated":true}]}}