{"id":125,"date":"2019-07-24T03:17:10","date_gmt":"2019-07-24T03:17:10","guid":{"rendered":"http:\/\/sw-themes.com\/porto_dummy\/?post_type=product&#038;p=125"},"modified":"2025-08-20T19:09:38","modified_gmt":"2025-08-20T19:09:38","slug":"trellis-pillow","status":"publish","type":"product","link":"https:\/\/www.todoparamascotas.co\/?product=trellis-pillow","title":{"rendered":"Antiparasitario Total full CG suspensi\u00f3n para perros y gatos 15 ml"},"content":{"rendered":"<div class=\"wpb-content-wrapper\"><p>[vc_row el_class=\u00bbm-b-md\u00bb][vc_column][vc_column_text]<\/p>\n<h3><span style=\"font-size: 16px;\">\u00bfQu\u00e9 es <strong>Total Full CG<\/strong>?<\/span><\/h3>\n<p>Es un antiparasitario interno en suspensi\u00f3n oral. Presenta acci\u00f3n de amplio espectro anticoccidi\u00f3sico y actividad antiprotozoaria. Como coccidicida, act\u00faa en los distintos estad\u00edos, tanto en la fase asexuada como sexual, impidiendo la replicaci\u00f3n. Total Full CG produce una disminuci\u00f3n de la actividad enzim\u00e1tica de la mitocondria con compromiso del metabolismo respiratorio y de la s\u00edntesis de \u00e1cidos nucleicos que se traduce en la destrucci\u00f3n del par\u00e1sito.<\/p>\n<h3><span style=\"font-size: 16px;\">\u00bfPara qu\u00e9 sirve <strong>Total Full CG<\/strong>?<\/span><\/h3>\n<p>Para tratar gatos y perros parasitados con coccidios, protozoos y nematodos.<\/p>\n<h3><span style=\"font-size: 16px;\">\u00bfC\u00f3mo suministrar <strong>Total Full CG<\/strong>?<\/span><\/h3>\n<p>Perros y gatos: Coccidios: en base al toltrazuril, 20 mg\/kg de peso (equivalentes a 1 ml de la suspensi\u00f3n oral por kgde peso). Dos tomas con un intervalo de 7 d\u00edas.<\/p>\n<p>Giardias y nematodos: en base al fenbendazol, 50 mg\/kg de peso (equivalentes a 1 ml de la suspensi\u00f3n oral por kg de peso).Una toma cada 24 hs durante tres d\u00edas consecutivos.<\/p>\n<p>Para control de Ascaris y Ancylostoma, repetir entre 14 y 21 d\u00edas, para Trichuris repetir a los 30 y 60 d\u00edas. Agitar bien antes de usar. La presencia de alimentos no altera su absorci\u00f3n.[\/vc_column_text][\/vc_column][\/vc_row]<\/p>\n<\/div>","protected":false},"excerpt":{"rendered":"<p>Antiparasitario interno para perros y gatos, de amplio espectro contra: Coccidios, Protozoos y Nematodos.<\/p>\n","protected":false},"featured_media":496,"comment_status":"open","ping_status":"closed","template":"","meta":[],"product_brand":[],"product_cat":[73,46,56],"product_tag":[],"class_list":{"0":"post-125","1":"product","2":"type-product","3":"status-publish","4":"has-post-thumbnail","6":"product_cat-antiparasitarios","7":"product_cat-bedroom","8":"product_cat-outdoor","10":"first","11":"outofstock","12":"featured","13":"shipping-taxable","14":"purchasable","15":"product-type-variable"},"jetpack_sharing_enabled":true,"_links":{"self":[{"href":"https:\/\/www.todoparamascotas.co\/index.php?rest_route=\/wp\/v2\/product\/125","targetHints":{"allow":["GET"]}}],"collection":[{"href":"https:\/\/www.todoparamascotas.co\/index.php?rest_route=\/wp\/v2\/product"}],"about":[{"href":"https:\/\/www.todoparamascotas.co\/index.php?rest_route=\/wp\/v2\/types\/product"}],"replies":[{"embeddable":true,"href":"https:\/\/www.todoparamascotas.co\/index.php?rest_route=%2Fwp%2Fv2%2Fcomments&post=125"}],"wp:featuredmedia":[{"embeddable":true,"href":"https:\/\/www.todoparamascotas.co\/index.php?rest_route=\/wp\/v2\/media\/496"}],"wp:attachment":[{"href":"https:\/\/www.todoparamascotas.co\/index.php?rest_route=%2Fwp%2Fv2%2Fmedia&parent=125"}],"wp:term":[{"taxonomy":"product_brand","embeddable":true,"href":"https:\/\/www.todoparamascotas.co\/index.php?rest_route=%2Fwp%2Fv2%2Fproduct_brand&post=125"},{"taxonomy":"product_cat","embeddable":true,"href":"https:\/\/www.todoparamascotas.co\/index.php?rest_route=%2Fwp%2Fv2%2Fproduct_cat&post=125"},{"taxonomy":"product_tag","embeddable":true,"href":"https:\/\/www.todoparamascotas.co\/index.php?rest_route=%2Fwp%2Fv2%2Fproduct_tag&post=125"}],"curies":[{"name":"wp","href":"https:\/\/api.w.org\/{rel}","templated":true}]}}