{"id":1253,"date":"2024-10-07T21:55:20","date_gmt":"2024-10-07T21:55:20","guid":{"rendered":"https:\/\/www.todoparamascotas.co\/?post_type=product&#038;p=1253"},"modified":"2025-08-31T18:01:10","modified_gmt":"2025-08-31T18:01:10","slug":"bano-seco-glitter-sec-para-perros-y-gatos-150-ml","status":"publish","type":"product","link":"https:\/\/www.todoparamascotas.co\/?product=bano-seco-glitter-sec-para-perros-y-gatos-150-ml","title":{"rendered":"Ba\u00f1o Seco Glitter Sec para Perros y Gatos 150 ml"},"content":{"rendered":"<div class=\"wpb-content-wrapper\"><p>[vc_row][vc_column][vc_column_text]<\/p>\n<h3><span style=\"font-size: 16px;\">\u00bfQu\u00e9 es <strong>Glitter Sec<\/strong>?<\/span><\/h3>\n<p>Es una soluci\u00f3n perfecta para mantener a tu peludo siempre limpio y fresco. Glitter Sec es un innovador ba\u00f1o de espuma sin enjuague est\u00e1 dise\u00f1ado especialmente para perros y gatos, ofreciendo limpieza de la piel y el pelaje sin necesidad de agua. Dejando un delicioso y fresco aroma.<\/p>\n<h3><span style=\"font-size: 16px;\">\u00bfPara qu\u00e9 sirve <strong>Glitter Sec<\/strong>?<\/span><\/h3>\n<p>Se puede utilizar como alternativa de limpieza entre ba\u00f1o y ba\u00f1o para remover peque\u00f1as \u00e1reas de suciedad o mal olor. Forma pr\u00e1ctica de uso y presentaci\u00f3n en espuma para no generar irritaci\u00f3n de ojos, nariz y boca en la mascota y dejar un fresco aroma que perdura.<\/p>\n<h3><span style=\"font-size: 16px;\">\u00bfC\u00f3mo se usa <strong>Glitter Sec<\/strong>?<\/span><\/h3>\n<p>Aplicar una cantidad suficiente de espuma sobre un pa\u00f1o seco; frotar en el sentido del pelo sobre el animal, luego repetir este procedimiento a contrapelo. Con el pa\u00f1o remover el exceso de espuma y peinar.<\/p>\n<p><strong>IMPORTANTE:<\/strong><\/p>\n<p>La informaci\u00f3n y los contenidos presentados tienen un car\u00e1cter meramente informativo y educativo, y no deben utilizarse como base para el uso de los productos. Los datos y recomendaciones provienen del fabricante o importador, y no nos hacemos responsables por errores u omisiones en el contenido ni por las decisiones tomadas por el usuario basadas en esta informaci\u00f3n.[\/vc_column_text][\/vc_column][\/vc_row]<\/p>\n<\/div>","protected":false},"excerpt":{"rendered":"<p>Glitter Sec es la soluci\u00f3n ideal para mantener a tu mascota limpia y fresca. Este ba\u00f1o de espuma sin enjuague limpia la piel y el pelaje de perros y gatos, dejando un delicioso aroma<\/p>\n","protected":false},"featured_media":1254,"comment_status":"open","ping_status":"closed","template":"","meta":[],"product_brand":[],"product_cat":[15],"product_tag":[],"class_list":{"0":"post-1253","1":"product","2":"type-product","3":"status-publish","4":"has-post-thumbnail","6":"product_cat-uncategorized","8":"first","9":"instock","10":"shipping-taxable","11":"purchasable","12":"product-type-simple"},"jetpack_sharing_enabled":true,"_links":{"self":[{"href":"https:\/\/www.todoparamascotas.co\/index.php?rest_route=\/wp\/v2\/product\/1253","targetHints":{"allow":["GET"]}}],"collection":[{"href":"https:\/\/www.todoparamascotas.co\/index.php?rest_route=\/wp\/v2\/product"}],"about":[{"href":"https:\/\/www.todoparamascotas.co\/index.php?rest_route=\/wp\/v2\/types\/product"}],"replies":[{"embeddable":true,"href":"https:\/\/www.todoparamascotas.co\/index.php?rest_route=%2Fwp%2Fv2%2Fcomments&post=1253"}],"wp:featuredmedia":[{"embeddable":true,"href":"https:\/\/www.todoparamascotas.co\/index.php?rest_route=\/wp\/v2\/media\/1254"}],"wp:attachment":[{"href":"https:\/\/www.todoparamascotas.co\/index.php?rest_route=%2Fwp%2Fv2%2Fmedia&parent=1253"}],"wp:term":[{"taxonomy":"product_brand","embeddable":true,"href":"https:\/\/www.todoparamascotas.co\/index.php?rest_route=%2Fwp%2Fv2%2Fproduct_brand&post=1253"},{"taxonomy":"product_cat","embeddable":true,"href":"https:\/\/www.todoparamascotas.co\/index.php?rest_route=%2Fwp%2Fv2%2Fproduct_cat&post=1253"},{"taxonomy":"product_tag","embeddable":true,"href":"https:\/\/www.todoparamascotas.co\/index.php?rest_route=%2Fwp%2Fv2%2Fproduct_tag&post=1253"}],"curies":[{"name":"wp","href":"https:\/\/api.w.org\/{rel}","templated":true}]}}