{"id":1258,"date":"2024-10-08T19:54:31","date_gmt":"2024-10-08T19:54:31","guid":{"rendered":"https:\/\/www.todoparamascotas.co\/?post_type=product&#038;p=1258"},"modified":"2025-08-20T16:20:54","modified_gmt":"2025-08-20T16:20:54","slug":"fungyderm-gel-antimicotico-bactericida-x-35-g","status":"publish","type":"product","link":"https:\/\/www.todoparamascotas.co\/?product=fungyderm-gel-antimicotico-bactericida-x-35-g","title":{"rendered":"Fungyderm Gel Antimic\u00f3tico Bactericida x 35 g"},"content":{"rendered":"<div class=\"wpb-content-wrapper\"><p>[vc_row][vc_column][vc_column_text]<\/p>\n<h3><span style=\"font-size: 16px;\">\u00bfQu\u00e9 es <strong>Fungyderm Gel<\/strong>?<\/span><\/h3>\n<p>Fungyderm es un gel de uso externo para aplicaci\u00f3n \u00f3tica y t\u00f3pica de triple acci\u00f3n: tratamiento de infecciones por hongos y bacterias suceptibles y efecto antiinflamatorio.<\/p>\n<h3><span style=\"font-size: 16px;\">\u00bfPara qu\u00e9 sirve <strong>Fungyderm Gel<\/strong>?<\/span><\/h3>\n<p>Para el tratamiento de afecciones de la piel y de o\u00eddo. No deja manchas ni olores en el sitio de aplicaci\u00f3n.<\/p>\n<h3><span style=\"font-size: 16px;\">\u00bfC\u00f3mo se usa <strong>Fungyderm Gel<\/strong>?<\/span><\/h3>\n<p>Uso t\u00f3pico: Aplicar uniformemente el gel sobre el \u00e1rea afectada, dos veces al d\u00eda hasta la curaci\u00f3n total o a criterio del m\u00e9dico veterinario.<\/p>\n<p>Uso \u00f3tico: Antes de aplicar el producto, se debe limpiar bien el o\u00eddo externo con extaloe ear, removiendo suciedades, costras o detritos. Incorporar una cantidad considerable del medicamento en el conducto auditivo externo y masajear inmediatamente de forma cuidadosa el o\u00eddo externo para permitir la adecuada penetraci\u00f3n y dispersi\u00f3n del gel.<\/p>\n<p><strong>IMPORTANTE:<\/strong><\/p>\n<p>La informaci\u00f3n y los contenidos presentados tienen un car\u00e1cter meramente informativo y educativo, y no deben utilizarse como base para el uso de los productos. Los datos y recomendaciones provienen del fabricante o importador, y no nos hacemos responsables por errores u omisiones en el contenido ni por las decisiones tomadas por el usuario basadas en esta informaci\u00f3n.[\/vc_column_text][\/vc_column][\/vc_row]<\/p>\n<\/div>","protected":false},"excerpt":{"rendered":"<p>Fungyderm es un gel de uso externo con triple acci\u00f3n: combate infecciones por hongos y bacterias, y ofrece un efecto antiinflamatorio, ideal para tratamiento \u00f3tico y t\u00f3pico<\/p>\n","protected":false},"featured_media":1259,"comment_status":"open","ping_status":"closed","template":"","meta":[],"product_brand":[],"product_cat":[15],"product_tag":[],"class_list":{"0":"post-1258","1":"product","2":"type-product","3":"status-publish","4":"has-post-thumbnail","6":"product_cat-uncategorized","8":"first","9":"instock","10":"shipping-taxable","11":"purchasable","12":"product-type-simple"},"jetpack_sharing_enabled":true,"_links":{"self":[{"href":"https:\/\/www.todoparamascotas.co\/index.php?rest_route=\/wp\/v2\/product\/1258","targetHints":{"allow":["GET"]}}],"collection":[{"href":"https:\/\/www.todoparamascotas.co\/index.php?rest_route=\/wp\/v2\/product"}],"about":[{"href":"https:\/\/www.todoparamascotas.co\/index.php?rest_route=\/wp\/v2\/types\/product"}],"replies":[{"embeddable":true,"href":"https:\/\/www.todoparamascotas.co\/index.php?rest_route=%2Fwp%2Fv2%2Fcomments&post=1258"}],"wp:featuredmedia":[{"embeddable":true,"href":"https:\/\/www.todoparamascotas.co\/index.php?rest_route=\/wp\/v2\/media\/1259"}],"wp:attachment":[{"href":"https:\/\/www.todoparamascotas.co\/index.php?rest_route=%2Fwp%2Fv2%2Fmedia&parent=1258"}],"wp:term":[{"taxonomy":"product_brand","embeddable":true,"href":"https:\/\/www.todoparamascotas.co\/index.php?rest_route=%2Fwp%2Fv2%2Fproduct_brand&post=1258"},{"taxonomy":"product_cat","embeddable":true,"href":"https:\/\/www.todoparamascotas.co\/index.php?rest_route=%2Fwp%2Fv2%2Fproduct_cat&post=1258"},{"taxonomy":"product_tag","embeddable":true,"href":"https:\/\/www.todoparamascotas.co\/index.php?rest_route=%2Fwp%2Fv2%2Fproduct_tag&post=1258"}],"curies":[{"name":"wp","href":"https:\/\/api.w.org\/{rel}","templated":true}]}}