{"id":1262,"date":"2024-10-09T17:55:37","date_gmt":"2024-10-09T17:55:37","guid":{"rendered":"https:\/\/www.todoparamascotas.co\/?post_type=product&#038;p=1262"},"modified":"2025-08-20T16:20:29","modified_gmt":"2025-08-20T16:20:29","slug":"brillapel-polvo-suplemento-alimenticio-x-150-g","status":"publish","type":"product","link":"https:\/\/www.todoparamascotas.co\/?product=brillapel-polvo-suplemento-alimenticio-x-150-g","title":{"rendered":"Brillapel Polvo Suplemento Alimenticio x 150 g"},"content":{"rendered":"<div class=\"wpb-content-wrapper\"><p>[vc_row][vc_column][vc_column_text]<\/p>\n<h3><span style=\"font-size: 16px;\">\u00bfQu\u00e9 es <strong>Brillapel Polvo<\/strong>?<\/span><\/h3>\n<p>Brillapel Polvo es un suplemento alimenticio dise\u00f1ado para mejorar la salud de la piel y el pelaje de los animales dom\u00e9sticos, incluyendo perros, gatos, bovinos, equinos y conejos. Presentado en forma granulada, est\u00e1 formulado espec\u00edficamente para proporcionar nutrientes que favorecen el cuidado y la nutrici\u00f3n del pelo y la piel de las mascotas.<\/p>\n<h3><span style=\"font-size: 16px;\">\u00bfPara qu\u00e9 sirve <strong>Brillapel Polvo<\/strong>?<\/span><\/h3>\n<p>Brillapel est\u00e1 indicado como coadyuvante en las afecciones de la piel y pelaje de los animales dom\u00e9sticos, adem\u00e1s para proteger, desarrollar y revitalizar el pelo y la piel de los animales.<\/p>\n<h3><span style=\"font-size: 16px;\">\u00bfC\u00f3mo usar <strong>Brillapel Polvo<\/strong>?<\/span><\/h3>\n<p>Se adiciona mezclado con el alimento h\u00famedo o seco a raz\u00f3n diaria de:<\/p>\n<table style=\"height: 444px;\" width=\"638\">\n<tbody>\n<tr>\n<td width=\"134\">ESPECIE<\/td>\n<td width=\"84\">PESO (kg)<\/td>\n<td width=\"135\">CANTIDAD AL D\u00cdA (g)<\/td>\n<td width=\"134\">MEDIDA (cucharada)<\/td>\n<\/tr>\n<tr>\n<td rowspan=\"5\">Perros<\/td>\n<td>Hasta 5 kg<\/td>\n<td>4 g<\/td>\n<td>1\/2<\/td>\n<\/tr>\n<tr>\n<td>De 6-15 kg<\/td>\n<td>8 g<\/td>\n<td>1<\/td>\n<\/tr>\n<tr>\n<td>De 16-25 kg<\/td>\n<td>16 g<\/td>\n<td>2<\/td>\n<\/tr>\n<tr>\n<td>De 25-50 kg<\/td>\n<td>18 g<\/td>\n<td>2 1\/2<\/td>\n<\/tr>\n<tr>\n<td>M\u00e1s de 50 Kg<\/td>\n<td>20 g<\/td>\n<td>2 1\/2<\/td>\n<\/tr>\n<tr>\n<td>Gatos<\/td>\n<td>Dosis total<\/td>\n<td>4 g<\/td>\n<td>1\/2<\/td>\n<\/tr>\n<tr>\n<td>Bovinos y equinos<\/td>\n<td>Cada 100 kg<\/td>\n<td>12 g<\/td>\n<td>1 1\/2<\/td>\n<\/tr>\n<tr>\n<td>Conejos<\/td>\n<td>Adulto<\/td>\n<td>2 g<\/td>\n<td>1\/2<\/td>\n<\/tr>\n<tr>\n<td>Animales de peleter\u00eda<\/td>\n<td>Adulto<\/td>\n<td>2 g<\/td>\n<td>1\/2<\/td>\n<\/tr>\n<\/tbody>\n<\/table>\n<p>&nbsp;<\/p>\n<p><strong>IMPORTANTE:<\/strong><\/p>\n<p>La informaci\u00f3n y los contenidos presentados tienen un car\u00e1cter meramente informativo y educativo, y no deben utilizarse como base para el uso de los productos. Los datos y recomendaciones provienen del fabricante o importador, y no nos hacemos responsables por errores u omisiones en el contenido ni por las decisiones tomadas por el usuario basadas en esta informaci\u00f3n.[\/vc_column_text][\/vc_column][\/vc_row]<\/p>\n<\/div>","protected":false},"excerpt":{"rendered":"<p>Brillapel Polvo es un suplemento alimenticio en granulado para perros, gatos, bovinos, equinos y conejos, que mejora la salud de piel y pelaje, favoreciendo su bienestar<\/p>\n","protected":false},"featured_media":1263,"comment_status":"open","ping_status":"closed","template":"","meta":[],"product_brand":[],"product_cat":[72],"product_tag":[],"class_list":{"0":"post-1262","1":"product","2":"type-product","3":"status-publish","4":"has-post-thumbnail","6":"product_cat-suplementos","8":"first","9":"outofstock","10":"shipping-taxable","11":"purchasable","12":"product-type-simple"},"jetpack_sharing_enabled":true,"_links":{"self":[{"href":"https:\/\/www.todoparamascotas.co\/index.php?rest_route=\/wp\/v2\/product\/1262","targetHints":{"allow":["GET"]}}],"collection":[{"href":"https:\/\/www.todoparamascotas.co\/index.php?rest_route=\/wp\/v2\/product"}],"about":[{"href":"https:\/\/www.todoparamascotas.co\/index.php?rest_route=\/wp\/v2\/types\/product"}],"replies":[{"embeddable":true,"href":"https:\/\/www.todoparamascotas.co\/index.php?rest_route=%2Fwp%2Fv2%2Fcomments&post=1262"}],"wp:featuredmedia":[{"embeddable":true,"href":"https:\/\/www.todoparamascotas.co\/index.php?rest_route=\/wp\/v2\/media\/1263"}],"wp:attachment":[{"href":"https:\/\/www.todoparamascotas.co\/index.php?rest_route=%2Fwp%2Fv2%2Fmedia&parent=1262"}],"wp:term":[{"taxonomy":"product_brand","embeddable":true,"href":"https:\/\/www.todoparamascotas.co\/index.php?rest_route=%2Fwp%2Fv2%2Fproduct_brand&post=1262"},{"taxonomy":"product_cat","embeddable":true,"href":"https:\/\/www.todoparamascotas.co\/index.php?rest_route=%2Fwp%2Fv2%2Fproduct_cat&post=1262"},{"taxonomy":"product_tag","embeddable":true,"href":"https:\/\/www.todoparamascotas.co\/index.php?rest_route=%2Fwp%2Fv2%2Fproduct_tag&post=1262"}],"curies":[{"name":"wp","href":"https:\/\/api.w.org\/{rel}","templated":true}]}}