{"id":129,"date":"2019-07-24T03:24:39","date_gmt":"2019-07-24T03:24:39","guid":{"rendered":"http:\/\/sw-themes.com\/porto_dummy\/?post_type=product&#038;p=129"},"modified":"2024-12-25T17:26:11","modified_gmt":"2024-12-25T17:26:11","slug":"antiseptico-septiderm-e-clorhexidina-1-litro","status":"publish","type":"product","link":"https:\/\/www.todoparamascotas.co\/?product=antiseptico-septiderm-e-clorhexidina-1-litro","title":{"rendered":"Antis\u00e9ptico Septiderm E Clorhexidina 1 Litro"},"content":{"rendered":"<div class=\"wpb-content-wrapper\"><p>[vc_row el_class=\u00bbm-b-md\u00bb][vc_column][vc_column_text]<\/p>\n<h3><span style=\"font-size: 16px;\">\u00bfQu\u00e9 es <strong>Septiderm E<\/strong>?<\/span><\/h3>\n<p>Es una soluci\u00f3n t\u00f3pica antis\u00e9ptica a base de clorhexidina y vitamina E como resultado tiene propiedades antis\u00e9pticas y desinfectantes, presenta acci\u00f3n bactericida y bacteriost\u00e1tica frente a gran variedad de bacterias. Asimismo la clorhexidina desestabiliza y penetra las membranas de las c\u00e9lulas bacterianas. Con vitamina E, Septiderm es un antioxidante natural, que conserva los \u00e1cidos grasos esenciales, tiene acci\u00f3n antiinflamatoria y facilitadora de la cicatrizaci\u00f3n.<\/p>\n<p>La pr\u00e1ctica cl\u00ednica dermatol\u00f3gica demuestra que el acetato de alfa tocoferol \u2013 Vitamina E, es beneficiosa en diversas condiciones de alteraci\u00f3n tegumentaria, tales como: Xerodermia, hiperqueratosis, dermatitis aguda h\u00fameda, dermatitis at\u00f3pica, quemaduras superficiales, \u00falceras cut\u00e1neas, onicosquisis y en general en todas las patolog\u00edas de la piel, en donde un proceso inflamatorio se encuentra activado.<\/p>\n<h3><span style=\"font-size: 16px;\">\u00bfPara qu\u00e9 sirve <strong>Septiderm E<\/strong>?<\/span><\/h3>\n<p>Como antis\u00e9ptico t\u00f3pico y activo frente a un amplio espectro de microorganismos Gram positivos, Gram negativos, Hongos y Levaduras. Staphylococcus spp, Streptococcus spp, staphylococcus pseudintermedius, Pseudomonas aeroginosa, Escherichia coli, Proteus spp, Salmonella spp, Pseudomonas sp, Klebsiella spp. Candida albicans, Malassezia spp. Y dermatofitos.<\/p>\n<p>Al 1% est\u00e1 indicado como antis\u00e9ptico de piel, erosiones, heridas superficiales, quemaduras leves, raspaduras.<\/p>\n<h3><span style=\"font-size: 16px;\">\u00bfC\u00f3mo usar <strong>Septiderm E<\/strong>?<\/span><\/h3>\n<p>Debes cubrir con la soluci\u00f3n antis\u00e9ptica septiderm e toda el \u00e1rea a tratar sobre el animal. Siguiendo con el tratamiento debes aplicar 1 vez al d\u00eda durante un tiempo establecido a criterio del m\u00e9dico veterinario actuante.<\/p>\n<p>[\/vc_column_text][\/vc_column][\/vc_row]<\/p>\n<\/div>","protected":false},"excerpt":{"rendered":"<p>Soluci\u00f3n t\u00f3pica, antis\u00e9ptica y desinfectante a base de clorhexidina y vitamina E. Para perros, gatos, equinos, aves y cerdos.<\/p>\n","protected":false},"featured_media":497,"comment_status":"open","ping_status":"closed","template":"","meta":[],"product_brand":[],"product_cat":[97],"product_tag":[],"class_list":{"0":"post-129","1":"product","2":"type-product","3":"status-publish","4":"has-post-thumbnail","6":"product_cat-antisepticos","8":"first","9":"outofstock","10":"featured","11":"shipping-taxable","12":"purchasable","13":"product-type-simple"},"jetpack_sharing_enabled":true,"_links":{"self":[{"href":"https:\/\/www.todoparamascotas.co\/index.php?rest_route=\/wp\/v2\/product\/129","targetHints":{"allow":["GET"]}}],"collection":[{"href":"https:\/\/www.todoparamascotas.co\/index.php?rest_route=\/wp\/v2\/product"}],"about":[{"href":"https:\/\/www.todoparamascotas.co\/index.php?rest_route=\/wp\/v2\/types\/product"}],"replies":[{"embeddable":true,"href":"https:\/\/www.todoparamascotas.co\/index.php?rest_route=%2Fwp%2Fv2%2Fcomments&post=129"}],"wp:featuredmedia":[{"embeddable":true,"href":"https:\/\/www.todoparamascotas.co\/index.php?rest_route=\/wp\/v2\/media\/497"}],"wp:attachment":[{"href":"https:\/\/www.todoparamascotas.co\/index.php?rest_route=%2Fwp%2Fv2%2Fmedia&parent=129"}],"wp:term":[{"taxonomy":"product_brand","embeddable":true,"href":"https:\/\/www.todoparamascotas.co\/index.php?rest_route=%2Fwp%2Fv2%2Fproduct_brand&post=129"},{"taxonomy":"product_cat","embeddable":true,"href":"https:\/\/www.todoparamascotas.co\/index.php?rest_route=%2Fwp%2Fv2%2Fproduct_cat&post=129"},{"taxonomy":"product_tag","embeddable":true,"href":"https:\/\/www.todoparamascotas.co\/index.php?rest_route=%2Fwp%2Fv2%2Fproduct_tag&post=129"}],"curies":[{"name":"wp","href":"https:\/\/api.w.org\/{rel}","templated":true}]}}