{"id":130,"date":"2019-07-24T03:27:45","date_gmt":"2019-07-24T03:27:45","guid":{"rendered":"http:\/\/sw-themes.com\/porto_dummy\/?post_type=product&#038;p=130"},"modified":"2025-08-20T19:09:19","modified_gmt":"2025-08-20T19:09:19","slug":"wooden-arm-chair","status":"publish","type":"product","link":"https:\/\/www.todoparamascotas.co\/?product=wooden-arm-chair","title":{"rendered":"Aquadent Vibrac Soluci\u00f3n Oral Perros y Gatos 250 ml"},"content":{"rendered":"<div class=\"wpb-content-wrapper\"><p>[vc_row el_class=\u00bbm-b-md\u00bb][vc_column][vc_column_text]<\/p>\n<h3><span style=\"font-size: 16px;\">\u00bfQu\u00e9 es <strong>Aquadent<\/strong>?<\/span><\/h3>\n<p>Aquadent de Virbac es una soluci\u00f3n l\u00edquida de uso diario para cuidar la higiene oral y dental de perros y gatos. Gracias a su exclusiva formulaci\u00f3n, este limpiador bucal es muy eficaz para combatir la formaci\u00f3n de placa dental, la halitosis y el sarro, por lo que su aplicaci\u00f3n diaria le regalar\u00e1 un aliento sano y fresco a tu mejor amigo.<\/p>\n<h3><span style=\"font-size: 16px;\">\u00bfPara qu\u00e9 sirve <strong>Aquadent<\/strong>?<\/span><\/h3>\n<p>Es \u00fatil en la reducci\u00f3n de la placa dental en un 45% en apenas 2 meses, igual que la reducci\u00f3n considerable de la formaci\u00f3n de sarro y prevenci\u00f3n de enfermedades periodontales. Su uso diario puede ser clave en la prevenci\u00f3n de enfermedades renales, hep\u00e1ticas o cardiacas por la aparici\u00f3n de bacterias.<\/p>\n<h3><span style=\"font-size: 16px;\">\u00bfC\u00f3mo usar <strong>Aquadent<\/strong>?<\/span><\/h3>\n<p>Aquadent es una soluci\u00f3n refrescante y palatable que debe ser adicionada al agua de bebida de tus mascotas, para el control del mal aliento.<\/p>\n<p>Agitar el producto antes de usar. Seguidamente, diluya 5 mL de Aquadent en 500 mL de agua. Es importante cambiar la soluci\u00f3n cada 24 horas, aunque no haya sido consumida totalmente por el animal.[\/vc_column_text][\/vc_column][\/vc_row][vc_row el_class=\u00bbm-b-md\u00bb css=\u00bb.vc_custom_1511248807031{padding-left: 40px !important;}\u00bb][vc_column]<style>.porto-info-list6c31a765bb0ad3faae98fa77663c91cc i { color: #21293c;font-size: 16px; }<\/style><ul class=\"porto-info-list  porto-info-list6c31a765bb0ad3faae98fa77663c91cc wpb_custom_a8283160c59238d5e464cd213570c9f4\"><li class=\"porto-info-list-item  wpb_custom_205edc6de9e53bd4458e8a5265d85879\"><i class=\"porto-info-icon fa fa-check-circle\"><\/i><div class=\"porto-info-list-item-desc\">Any Product types that You want &#8211; Simple, Configurable<\/div><\/li><li class=\"porto-info-list-item  wpb_custom_205edc6de9e53bd4458e8a5265d85879\"><i class=\"porto-info-icon fa fa-check-circle\"><\/i><div class=\"porto-info-list-item-desc\">Downloadable\/Digital Products, Virtual Products<\/div><\/li><li class=\"porto-info-list-item  wpb_custom_205edc6de9e53bd4458e8a5265d85879\"><i class=\"porto-info-icon fa fa-check-circle\"><\/i><div class=\"porto-info-list-item-desc\">Inventory Management with Backordered items<\/div><\/li><\/ul>[\/vc_column][\/vc_row]<\/p>\n<\/div>","protected":false},"excerpt":{"rendered":"<p>Aquadent Oral es una soluci\u00f3n refrescante y palatable que debe ser adicionada al agua de bebida de tus mascotas, para el control del mal aliento.<\/p>\n","protected":false},"featured_media":498,"comment_status":"open","ping_status":"closed","template":"","meta":[],"product_brand":[],"product_cat":[46,56],"product_tag":[],"class_list":{"0":"post-130","1":"product","2":"type-product","3":"status-publish","4":"has-post-thumbnail","6":"product_cat-bedroom","7":"product_cat-outdoor","9":"first","10":"outofstock","11":"shipping-taxable","12":"purchasable","13":"product-type-simple"},"jetpack_sharing_enabled":true,"_links":{"self":[{"href":"https:\/\/www.todoparamascotas.co\/index.php?rest_route=\/wp\/v2\/product\/130","targetHints":{"allow":["GET"]}}],"collection":[{"href":"https:\/\/www.todoparamascotas.co\/index.php?rest_route=\/wp\/v2\/product"}],"about":[{"href":"https:\/\/www.todoparamascotas.co\/index.php?rest_route=\/wp\/v2\/types\/product"}],"replies":[{"embeddable":true,"href":"https:\/\/www.todoparamascotas.co\/index.php?rest_route=%2Fwp%2Fv2%2Fcomments&post=130"}],"wp:featuredmedia":[{"embeddable":true,"href":"https:\/\/www.todoparamascotas.co\/index.php?rest_route=\/wp\/v2\/media\/498"}],"wp:attachment":[{"href":"https:\/\/www.todoparamascotas.co\/index.php?rest_route=%2Fwp%2Fv2%2Fmedia&parent=130"}],"wp:term":[{"taxonomy":"product_brand","embeddable":true,"href":"https:\/\/www.todoparamascotas.co\/index.php?rest_route=%2Fwp%2Fv2%2Fproduct_brand&post=130"},{"taxonomy":"product_cat","embeddable":true,"href":"https:\/\/www.todoparamascotas.co\/index.php?rest_route=%2Fwp%2Fv2%2Fproduct_cat&post=130"},{"taxonomy":"product_tag","embeddable":true,"href":"https:\/\/www.todoparamascotas.co\/index.php?rest_route=%2Fwp%2Fv2%2Fproduct_tag&post=130"}],"curies":[{"name":"wp","href":"https:\/\/api.w.org\/{rel}","templated":true}]}}