{"id":1316,"date":"2025-02-04T20:15:46","date_gmt":"2025-02-04T20:15:46","guid":{"rendered":"https:\/\/www.todoparamascotas.co\/?post_type=product&#038;p=1316"},"modified":"2025-08-20T16:14:35","modified_gmt":"2025-08-20T16:14:35","slug":"meloxic-pomada-antiinflamatoria-para-animales","status":"publish","type":"product","link":"https:\/\/www.todoparamascotas.co\/?product=meloxic-pomada-antiinflamatoria-para-animales","title":{"rendered":"Meloxic Pomada antiinflamatoria para animales"},"content":{"rendered":"<div class=\"wpb-content-wrapper\"><p>[vc_row][vc_column][vc_column_text css=\u00bb\u00bb]<\/p>\n<h3><span style=\"font-size: 16px;\">\u00bfQu\u00e9 es <strong>Meloxic Pomada<\/strong>?<\/span><\/h3>\n<p><strong>Meloxic Pomada<\/strong> es un ung\u00fcento de alta potencia antiinflamatoria en formato pomada, dise\u00f1ado para aliviar el dolor y la inflamaci\u00f3n en m\u00fasculos, tendones y articulaciones. Su consistencia cremosa facilita su aplicaci\u00f3n y adaptaci\u00f3n sobre la piel, proporcionando una mayor extensibilidad.<\/p>\n<h3><span style=\"font-size: 16px;\">\u00bfPara qu\u00e9 sirve <strong>Meloxic Pomada<\/strong>?<\/span><\/h3>\n<p><strong>Meloxic Pomada<\/strong> sirve para diversos usos, entre los que se incluyen:<\/p>\n<ul>\n<li>Estimular y favorecer la bajada de la leche.<\/li>\n<li>Coadyuvante en el tratamiento de la laminitis equina.<\/li>\n<li>Actua como antipuriginoso, aliviando la picaz\u00f3n y la irritaci\u00f3n en la piel..<\/li>\n<li>Antes del trabajo, deporte o ejercicio para un calentamiento r\u00e1pido de los m\u00fasculos.<\/li>\n<li>Ayuda en la recuperaci\u00f3n muscular despu\u00e9s del ejercicio, favoreciendo una recuperaci\u00f3n m\u00e1s r\u00e1pida y efectiva.<\/li>\n<\/ul>\n<h3><span style=\"font-size: 16px;\">\u00bfC\u00f3mo usar <strong>Meloxic Pomada<\/strong>?<\/span><\/h3>\n<p>Aplicar en la zona afectada una cantidad generosa, realizando vigorosos masajes, de dos a tres veces al d\u00eda hasta que la inflamaci\u00f3n y el dolor desaparezcan.<\/p>\n<p>[\/vc_column_text][\/vc_column][\/vc_row]<\/p>\n<\/div>","protected":false},"excerpt":{"rendered":"<p>Analg\u00e9sico, antiinflamatorio, antiflog\u00edstico y rubefaciente de uso veterinario, indicado para el tratamiento de dolores e inflamaciones musculares.<\/p>\n","protected":false},"featured_media":1389,"comment_status":"open","ping_status":"closed","template":"","meta":[],"product_brand":[],"product_cat":[71],"product_tag":[],"class_list":{"0":"post-1316","1":"product","2":"type-product","3":"status-publish","4":"has-post-thumbnail","6":"product_cat-antiinflamatorios","8":"first","9":"instock","10":"shipping-taxable","11":"purchasable","12":"product-type-variable"},"jetpack_sharing_enabled":true,"_links":{"self":[{"href":"https:\/\/www.todoparamascotas.co\/index.php?rest_route=\/wp\/v2\/product\/1316","targetHints":{"allow":["GET"]}}],"collection":[{"href":"https:\/\/www.todoparamascotas.co\/index.php?rest_route=\/wp\/v2\/product"}],"about":[{"href":"https:\/\/www.todoparamascotas.co\/index.php?rest_route=\/wp\/v2\/types\/product"}],"replies":[{"embeddable":true,"href":"https:\/\/www.todoparamascotas.co\/index.php?rest_route=%2Fwp%2Fv2%2Fcomments&post=1316"}],"wp:featuredmedia":[{"embeddable":true,"href":"https:\/\/www.todoparamascotas.co\/index.php?rest_route=\/wp\/v2\/media\/1389"}],"wp:attachment":[{"href":"https:\/\/www.todoparamascotas.co\/index.php?rest_route=%2Fwp%2Fv2%2Fmedia&parent=1316"}],"wp:term":[{"taxonomy":"product_brand","embeddable":true,"href":"https:\/\/www.todoparamascotas.co\/index.php?rest_route=%2Fwp%2Fv2%2Fproduct_brand&post=1316"},{"taxonomy":"product_cat","embeddable":true,"href":"https:\/\/www.todoparamascotas.co\/index.php?rest_route=%2Fwp%2Fv2%2Fproduct_cat&post=1316"},{"taxonomy":"product_tag","embeddable":true,"href":"https:\/\/www.todoparamascotas.co\/index.php?rest_route=%2Fwp%2Fv2%2Fproduct_tag&post=1316"}],"curies":[{"name":"wp","href":"https:\/\/api.w.org\/{rel}","templated":true}]}}