{"id":133,"date":"2019-07-24T03:33:01","date_gmt":"2019-07-24T03:33:01","guid":{"rendered":"http:\/\/sw-themes.com\/porto_dummy\/?post_type=product&#038;p=133"},"modified":"2025-08-20T19:08:09","modified_gmt":"2025-08-20T19:08:09","slug":"clothes-chest","status":"publish","type":"product","link":"https:\/\/www.todoparamascotas.co\/?product=clothes-chest","title":{"rendered":"Bolfo Polvo Insecticida Perros Gatos Bayer 100 g"},"content":{"rendered":"<div class=\"wpb-content-wrapper\"><p>[vc_row el_class=\u00bbm-b-md\u00bb][vc_column][vc_column_text]<\/p>\n<h3><span style=\"font-size: 16px;\">\u00bfQu\u00e9 es <strong>Bolfo Insecticida<\/strong>?<\/span><\/h3>\n<p>Bolfo Polvo es un polvo insecticida para perros ideal para el tratamiento y control de las infestaciones con pulgas, garrapatas y piojos en perros. Su f\u00f3rmula eliminar\u00e1 efectivamente los par\u00e1sitos externos que habiten en el cuerpo de tus mascotas y adem\u00e1s dejar\u00e1 un rico aroma a talco de bebe en su pelaje.<\/p>\n<p>Es excelente para el control y prevenci\u00f3n de ectopar\u00e1sitos. Bolfo Polvo es un polvo micronizado con base en carbonato que se distribuye f\u00e1cilmente al aplicarlo en el pelaje de los animales. Los compuestos del \u00e1cido carb\u00e1mico se caracterizan por su efecto letal sobre los par\u00e1sitos externos, su acci\u00f3n se ejerce por ingesti\u00f3n y por contacto. Bolfo Polvo act\u00faa sobre el sistema nervioso de los par\u00e1sitos.<\/p>\n<h3><span style=\"font-size: 16px;\">\u00bfPara qu\u00e9 sirve <strong>Bolfo Insecticida<\/strong>?<\/span><\/h3>\n<p>Polvo ideal para el control y tratamiento de ectopar\u00e1sitos. Su f\u00f3rmula se caracteriza por tener un efecto letal sobre las pulgas y garrapatas. Adem\u00e1s de su acci\u00f3n insecticida dejar\u00e1 un rico aroma a talco de bebe en su pelaje.<\/p>\n<h3><span style=\"font-size: 16px;\">\u00bfC\u00f3mo utilizar <strong>Bolfo Insecticida<\/strong>?<\/span><\/h3>\n<p>Bolfo Polvo se espolvorea sobre el pelaje y se distribuye por frotamiento en todo el cuerpo. Para proteger los animales de un nuevo ataque parasitario, se recomienda tambi\u00e9n espolvorear una vez a la semana las camas, cobijas y lugares donde permanece la mascota. Aplique el producto cada 8 a 10 d\u00edas.[\/vc_column_text][\/vc_column][\/vc_row]<\/p>\n<\/div>","protected":false},"excerpt":{"rendered":"<p>Bolfo Polvo es un polvo insecticida para perros ideal para el tratamiento y control de las infestaciones con pulgas, garrapatas y piojos en perros. Su f\u00f3rmula eliminar\u00e1 efectivamente los par\u00e1sitos externos que habiten en el cuerpo de tus mascotas y adem\u00e1s dejar\u00e1 un rico aroma a talco de bebe en su pelaje.<\/p>\n","protected":false},"featured_media":501,"comment_status":"open","ping_status":"closed","template":"","meta":[],"product_brand":[],"product_cat":[61],"product_tag":[],"class_list":{"0":"post-133","1":"product","2":"type-product","3":"status-publish","4":"has-post-thumbnail","6":"product_cat-antipulgas","8":"first","9":"outofstock","10":"shipping-taxable","11":"purchasable","12":"product-type-simple"},"jetpack_sharing_enabled":true,"_links":{"self":[{"href":"https:\/\/www.todoparamascotas.co\/index.php?rest_route=\/wp\/v2\/product\/133","targetHints":{"allow":["GET"]}}],"collection":[{"href":"https:\/\/www.todoparamascotas.co\/index.php?rest_route=\/wp\/v2\/product"}],"about":[{"href":"https:\/\/www.todoparamascotas.co\/index.php?rest_route=\/wp\/v2\/types\/product"}],"replies":[{"embeddable":true,"href":"https:\/\/www.todoparamascotas.co\/index.php?rest_route=%2Fwp%2Fv2%2Fcomments&post=133"}],"wp:featuredmedia":[{"embeddable":true,"href":"https:\/\/www.todoparamascotas.co\/index.php?rest_route=\/wp\/v2\/media\/501"}],"wp:attachment":[{"href":"https:\/\/www.todoparamascotas.co\/index.php?rest_route=%2Fwp%2Fv2%2Fmedia&parent=133"}],"wp:term":[{"taxonomy":"product_brand","embeddable":true,"href":"https:\/\/www.todoparamascotas.co\/index.php?rest_route=%2Fwp%2Fv2%2Fproduct_brand&post=133"},{"taxonomy":"product_cat","embeddable":true,"href":"https:\/\/www.todoparamascotas.co\/index.php?rest_route=%2Fwp%2Fv2%2Fproduct_cat&post=133"},{"taxonomy":"product_tag","embeddable":true,"href":"https:\/\/www.todoparamascotas.co\/index.php?rest_route=%2Fwp%2Fv2%2Fproduct_tag&post=133"}],"curies":[{"name":"wp","href":"https:\/\/api.w.org\/{rel}","templated":true}]}}