{"id":1347,"date":"2025-04-06T18:16:34","date_gmt":"2025-04-06T18:16:34","guid":{"rendered":"https:\/\/www.todoparamascotas.co\/?post_type=product&#038;p=1347"},"modified":"2025-08-20T16:19:54","modified_gmt":"2025-08-20T16:19:54","slug":"mamitolina-unguento-analgesico-y-rubefaciente","status":"publish","type":"product","link":"https:\/\/www.todoparamascotas.co\/?product=mamitolina-unguento-analgesico-y-rubefaciente","title":{"rendered":"Mamitolina Ung\u00fcento analg\u00e9sico y rubefaciente"},"content":{"rendered":"<div class=\"wpb-content-wrapper\"><p>[vc_row][vc_column][vc_column_text css=\u00bb\u00bb css_params=\u00bb\u00bb]<\/p>\n<h3><span style=\"font-size: 16px;\">\u00bfQu\u00e9 es <strong>Mamitolina<\/strong>?<\/span><\/h3>\n<p>La <strong data-start=\"3\" data-end=\"17\">Mamitolina<\/strong> es un unguento analg\u00e9sico de uso externo, formulado especialmente para el tratamiento de las inflamaciones de la gl\u00e1ndula mamaria, conocida como mastitis, en animales como bovinos, ovinos, caprinos y porcinos. Es particularmente efectivo en el tratamiento de inflamaciones que suelen presentarse en la ubre de las vacas de primer parto.<\/p>\n<h3><span style=\"font-size: 16px;\">\u00bfPara qu\u00e9 sirve la <strong>Mamitolina<\/strong>?<\/span><\/h3>\n<p>Sirve principalmente para tratar las inflamaciones de la gl\u00e1ndula mamaria, especialmente en casos de mastitis en animales como vacas, ovejas, cabras y cerdos. Es especialmente eficaz en el tratamiento de las inflamaciones que ocurren con frecuencia en la ubre de las vacas de primer parto.<\/p>\n<p>La Mamitolina tambi\u00e9n ha demostrado ser \u00fatil como coadyuvante en el tratamiento de inflamaciones, dolores y procesos osteo-articulares, tendinosos y musculares de car\u00e1cter no infeccioso, derivados de golpes o contusiones.<\/p>\n<h3><span style=\"font-size: 16px;\">\u00bfC\u00f3mo usar la <strong>Mamitolina<\/strong>?<\/span><\/h3>\n<p>Debe aplicarse tan pronto como se note que la ubre est\u00e1 inflamada, dura, caliente y adolorida, lo que se sabe porque el animal no se deja orde\u00f1ar. H\u00e1gase dos aplicaciones diarias y ord\u00e9\u00f1ese los cuartos enfermos, por lo menos cuatro veces al d\u00eda. En caso de mastitis infecciosa, d\u00e9 la terapia microbiana m\u00e1s adecuada.<\/p>\n<p><span style=\"font-size: 14px;\"><strong>IMPORTANTE:<\/strong><\/span><\/p>\n<p>La informaci\u00f3n y los contenidos presentados tienen un car\u00e1cter meramente informativo y educativo, y no deben utilizarse como base para el uso de los productos. Los datos y recomendaciones provienen del fabricante o importador, y no nos hacemos responsables por errores u omisiones en el contenido ni por las decisiones tomadas por el usuario basadas en esta informaci\u00f3n.[\/vc_column_text][\/vc_column][\/vc_row]<\/p>\n<\/div>","protected":false},"excerpt":{"rendered":"<p><strong data-start=\"3\" data-end=\"17\">Mamitolina, <\/strong>unguento analg\u00e9sico de uso externo, especialmente formulado para tratar la mastitis y las inflamaciones de la gl\u00e1ndula mamaria en bovinos, ovinos, caprinos y porcinos.<\/p>\n","protected":false},"featured_media":1348,"comment_status":"open","ping_status":"closed","template":"","meta":[],"product_brand":[],"product_cat":[71],"product_tag":[],"class_list":{"0":"post-1347","1":"product","2":"type-product","3":"status-publish","4":"has-post-thumbnail","6":"product_cat-antiinflamatorios","8":"first","9":"outofstock","10":"shipping-taxable","11":"purchasable","12":"product-type-simple"},"jetpack_sharing_enabled":true,"_links":{"self":[{"href":"https:\/\/www.todoparamascotas.co\/index.php?rest_route=\/wp\/v2\/product\/1347","targetHints":{"allow":["GET"]}}],"collection":[{"href":"https:\/\/www.todoparamascotas.co\/index.php?rest_route=\/wp\/v2\/product"}],"about":[{"href":"https:\/\/www.todoparamascotas.co\/index.php?rest_route=\/wp\/v2\/types\/product"}],"replies":[{"embeddable":true,"href":"https:\/\/www.todoparamascotas.co\/index.php?rest_route=%2Fwp%2Fv2%2Fcomments&post=1347"}],"wp:featuredmedia":[{"embeddable":true,"href":"https:\/\/www.todoparamascotas.co\/index.php?rest_route=\/wp\/v2\/media\/1348"}],"wp:attachment":[{"href":"https:\/\/www.todoparamascotas.co\/index.php?rest_route=%2Fwp%2Fv2%2Fmedia&parent=1347"}],"wp:term":[{"taxonomy":"product_brand","embeddable":true,"href":"https:\/\/www.todoparamascotas.co\/index.php?rest_route=%2Fwp%2Fv2%2Fproduct_brand&post=1347"},{"taxonomy":"product_cat","embeddable":true,"href":"https:\/\/www.todoparamascotas.co\/index.php?rest_route=%2Fwp%2Fv2%2Fproduct_cat&post=1347"},{"taxonomy":"product_tag","embeddable":true,"href":"https:\/\/www.todoparamascotas.co\/index.php?rest_route=%2Fwp%2Fv2%2Fproduct_tag&post=1347"}],"curies":[{"name":"wp","href":"https:\/\/api.w.org\/{rel}","templated":true}]}}