{"id":1355,"date":"2025-04-08T22:55:52","date_gmt":"2025-04-08T22:55:52","guid":{"rendered":"https:\/\/www.todoparamascotas.co\/?post_type=product&#038;p=1355"},"modified":"2026-03-25T17:08:01","modified_gmt":"2026-03-25T17:08:01","slug":"vetisure-topico-natural-para-infecciones-y-heridas","status":"publish","type":"product","link":"https:\/\/www.todoparamascotas.co\/?product=vetisure-topico-natural-para-infecciones-y-heridas","title":{"rendered":"Vetisure T\u00f3pico Natural para Infecciones y Heridas"},"content":{"rendered":"<div class=\"wpb-content-wrapper\"><p>[vc_row][vc_column][vc_column_text css=\u00bb\u00bb css_params=\u00bb\u00bb]<\/p>\n<h3><span style=\"font-size: 16px;\">\u00bfQu\u00e9 es <strong>Vetisure<\/strong>?<\/span><\/h3>\n<p>Vetisure es un producto 100% natural de uso t\u00f3pico que act\u00faa como cicatrizante, antis\u00e9ptico, bactericida, fungicida, viricida, antiprotozoario y antimicrobiano. Est\u00e1 dise\u00f1ado para limpiar, tratar y curar infecciones y heridas en la piel y mucosas de los animales. Este producto es completamente seguro, ya que puede ser lamido o ingerido sin causar da\u00f1o, ya que no es corrosivo, irritante ni citot\u00f3xico. Adem\u00e1s, es 100% bioamigable.<\/p>\n<h3><span style=\"font-size: 16px;\">\u00bfPara qu\u00e9 sirve <strong>Vetisure<\/strong>?<\/span><\/h3>\n<p>Vetisure sirve para limpiar y desinfectar heridas en animales, incluyendo \u00falceras cut\u00e1neas y de ubre, heridas, pezones cuarteados (hiperqueratosis), desinfecci\u00f3n de ombligos, lavados prepuciales, hormiguillo, aftas orales, irritaciones de la piel, abscesos y desinfecci\u00f3n en procedimientos pre y posquir\u00fargicos. Es un producto de uso externo que ayuda a tratar y prevenir infecciones en diversas condiciones de la piel y mucosas.<\/p>\n<h3><span style=\"font-size: 16px;\">\u00bfC\u00f3mo se usa <strong>Vetisure<\/strong>?<\/span><\/h3>\n<ul>\n<li>Instrucciones de uso en Metritis:<\/li>\n<\/ul>\n<p>Aplicar 50 a 100 mL de Vetisure seg\u00fan el grado de metritis. Repetir el tratamiento cada 24 a 48 horas una o dos veces.<\/p>\n<ul>\n<li>Instrucciones de uso para curar infecciones umbilicales (onfalitis):<\/li>\n<\/ul>\n<p>Aplicar de 10 a 20 mL de Vetisure tanto a nivel interno como externo garantizando una adecuada limpieza y desinfecci\u00f3n.<\/p>\n<ul>\n<li>Instrucciones de uso en heridas e infecciones de la piel:<\/li>\n<\/ul>\n<p>Aplicar Vetisure por aspersi\u00f3n en el \u00e1rea afectada 3 &#8211; 4 veces por d\u00eda. En heridas severas se aplica el Vetisure en ap\u00f3sito h\u00famedo, cambiar cada 8 a 12 horas. El ap\u00f3sito debe estar cubierto por un material el\u00e1stico no poroso para que la sustancia permanezca en contacto con la herida el mayor tiempo posible.<\/p>\n<ul>\n<li>Instrucciones de uso en mastitis:<\/li>\n<\/ul>\n<p>Aplicar entre 50 y 100 mL de Vetisure v\u00eda i<span data-huuid=\"8763489788585762133\">ntramamaria<\/span> en cada orde\u00f1o y revisar por 4 a 6 d\u00edas. Repetir el tratamiento ma\u00f1ana y tarde. Apto para mastitis cl\u00ednica y subcl\u00ednica. Consultar al m\u00e9dico veterinario para dosis y duraci\u00f3n del tratamiento.<\/p>\n<p>[\/vc_column_text][\/vc_column][\/vc_row]<\/p>\n<\/div>","protected":false},"excerpt":{"rendered":"<p>Vetisure es un producto 100% natural de uso t\u00f3pico, dise\u00f1ado para limpiar, curar y tratar infecciones y heridas en la piel y mucosas. Su acci\u00f3n imita a los neutr\u00f3filos del sistema inmune del animal, sin antibi\u00f3ticos ni qu\u00edmicos. Adem\u00e1s, es seguro para ser lamido o ingerido, gracias a su tecnolog\u00eda alemana avanzada.<\/p>\n","protected":false},"featured_media":1356,"comment_status":"open","ping_status":"closed","template":"","meta":[],"product_brand":[],"product_cat":[15],"product_tag":[],"class_list":{"0":"post-1355","1":"product","2":"type-product","3":"status-publish","4":"has-post-thumbnail","6":"product_cat-uncategorized","8":"first","9":"outofstock","10":"shipping-taxable","11":"purchasable","12":"product-type-simple"},"jetpack_sharing_enabled":true,"_links":{"self":[{"href":"https:\/\/www.todoparamascotas.co\/index.php?rest_route=\/wp\/v2\/product\/1355","targetHints":{"allow":["GET"]}}],"collection":[{"href":"https:\/\/www.todoparamascotas.co\/index.php?rest_route=\/wp\/v2\/product"}],"about":[{"href":"https:\/\/www.todoparamascotas.co\/index.php?rest_route=\/wp\/v2\/types\/product"}],"replies":[{"embeddable":true,"href":"https:\/\/www.todoparamascotas.co\/index.php?rest_route=%2Fwp%2Fv2%2Fcomments&post=1355"}],"wp:featuredmedia":[{"embeddable":true,"href":"https:\/\/www.todoparamascotas.co\/index.php?rest_route=\/wp\/v2\/media\/1356"}],"wp:attachment":[{"href":"https:\/\/www.todoparamascotas.co\/index.php?rest_route=%2Fwp%2Fv2%2Fmedia&parent=1355"}],"wp:term":[{"taxonomy":"product_brand","embeddable":true,"href":"https:\/\/www.todoparamascotas.co\/index.php?rest_route=%2Fwp%2Fv2%2Fproduct_brand&post=1355"},{"taxonomy":"product_cat","embeddable":true,"href":"https:\/\/www.todoparamascotas.co\/index.php?rest_route=%2Fwp%2Fv2%2Fproduct_cat&post=1355"},{"taxonomy":"product_tag","embeddable":true,"href":"https:\/\/www.todoparamascotas.co\/index.php?rest_route=%2Fwp%2Fv2%2Fproduct_tag&post=1355"}],"curies":[{"name":"wp","href":"https:\/\/api.w.org\/{rel}","templated":true}]}}