{"id":137,"date":"2019-07-24T03:38:48","date_gmt":"2019-07-24T03:38:48","guid":{"rendered":"http:\/\/sw-themes.com\/porto_dummy\/?post_type=product&#038;p=137"},"modified":"2025-08-20T19:02:33","modified_gmt":"2025-08-20T19:02:33","slug":"product-name-4","status":"publish","type":"product","link":"https:\/\/www.todoparamascotas.co\/?product=product-name-4","title":{"rendered":"Bravecto Antiparasitario Perros de 4.5 a 10 Kg Tableta 250 mg"},"content":{"rendered":"<div class=\"wpb-content-wrapper\"><p>[vc_row el_class=\u00bbm-b-md\u00bb][vc_column][vc_column_text]<\/p>\n<h3><span style=\"font-size: 16px;\">\u00bfQu\u00e9 es <strong>Bravecto<\/strong>?<\/span><\/h3>\n<p>Bravecto es una tableta masticable de uso veterinario para el tratamiento de infestaciones por garrapatas, pulgas, \u00e1caros de la sarna demod\u00e9cica y sarc\u00f3ptica y por el \u00e1caro Otodectes spp. Previene la transmisi\u00f3n de Babesia canis en perros.<\/p>\n<h3><span style=\"font-size: 16px;\">\u00bfPara qu\u00e9 sirve <strong>Bravecto<\/strong>?<\/span><\/h3>\n<p>Para el control de infestaciones por garrapatas y pulgas en perros con actividad inmediata y de larga duraci\u00f3n durante 12 semanas. Proporciona una actividad para matar garrapatas (adultas y juveniles) y pulgas (Ctenocephalides felis y Ctenocephalides canis).<\/p>\n<p>Bravecto provee protecci\u00f3n contra infecciones por Babesia canis transmitida por garrapatas del g\u00e9nero Dermacentor reticulatus debido a la muerte de las garrapatas antes de que la transmisi\u00f3n de la enfermedad ocurra. Esta protecci\u00f3n se ha demostrado por un periodo de 12 semanas posteriores al tratamiento. Para el tratamiento de la demodicosis causada por Demodex spp., sarna sarc\u00f3ptica e infestaciones por \u00e1caros Otodectes spp. en perros.<\/p>\n<h3><span style=\"font-size: 16px;\">\u00bfC\u00f3mo se usa <strong>Bravecto<\/strong>?<\/span><\/h3>\n<p>Bravecto\u00ae es una tableta masticable y es bien aceptada por la mayor\u00eda de los perros. Si el animal no toma la tableta voluntariamente, puede administrarla junto con el alimento o d\u00e1rsela directamente en el hocico. Se debe observar al perro durante la administraci\u00f3n para confirmar que haya tragado la tableta.<\/p>\n<p>Las tabletas masticables deben administrarse de acuerdo con la siguiente tabla (correspondiente a una dosis de 25-56 mg de fluralaner\/kg dentro de un rango de peso del perro).[\/vc_column_text][\/vc_column][\/vc_row][vc_row el_class=\u00bbm-b-md\u00bb css=\u00bb.vc_custom_1511248807031{padding-left: 40px !important;}\u00bb][vc_column]<style>.porto-info-list6c31a765bb0ad3faae98fa77663c91cc i { color: #21293c;font-size: 16px; }<\/style><ul class=\"porto-info-list  porto-info-list6c31a765bb0ad3faae98fa77663c91cc wpb_custom_a8283160c59238d5e464cd213570c9f4\"><li class=\"porto-info-list-item  wpb_custom_205edc6de9e53bd4458e8a5265d85879\"><i class=\"porto-info-icon fa fa-check-circle\"><\/i><div class=\"porto-info-list-item-desc\">Any Product types that You want &#8211; Simple, Configurable<\/div><\/li><li class=\"porto-info-list-item  wpb_custom_205edc6de9e53bd4458e8a5265d85879\"><i class=\"porto-info-icon fa fa-check-circle\"><\/i><div class=\"porto-info-list-item-desc\">Downloadable\/Digital Products, Virtual Products<\/div><\/li><li class=\"porto-info-list-item  wpb_custom_205edc6de9e53bd4458e8a5265d85879\"><i class=\"porto-info-icon fa fa-check-circle\"><\/i><div class=\"porto-info-list-item-desc\">Inventory Management with Backordered items<\/div><\/li><\/ul>[\/vc_column][\/vc_row][vc_row][vc_column][vc_column_text]Sed do eiusmod tempor incididunt ut labore et dolore magna aliqua. Ut enim ad minim veniam, quis nostrud exercitation ullamco laboris nisi ut aliquip ex ea commodo consequat.[\/vc_column_text][\/vc_column][\/vc_row]<\/p>\n<\/div>","protected":false},"excerpt":{"rendered":"<p>Bravecto verde 250 mg, tableta masticable para el tratamiento de infestaciones por garrapatas, pulgas, \u00e1caros de la sarna demod\u00e9cica y sarc\u00f3ptica<\/p>\n","protected":false},"featured_media":508,"comment_status":"open","ping_status":"closed","template":"","meta":[],"product_brand":[],"product_cat":[61,51],"product_tag":[],"class_list":{"0":"post-137","1":"product","2":"type-product","3":"status-publish","4":"has-post-thumbnail","6":"product_cat-antipulgas","7":"product_cat-kitchen","9":"first","10":"outofstock","11":"shipping-taxable","12":"purchasable","13":"product-type-simple"},"jetpack_sharing_enabled":true,"_links":{"self":[{"href":"https:\/\/www.todoparamascotas.co\/index.php?rest_route=\/wp\/v2\/product\/137","targetHints":{"allow":["GET"]}}],"collection":[{"href":"https:\/\/www.todoparamascotas.co\/index.php?rest_route=\/wp\/v2\/product"}],"about":[{"href":"https:\/\/www.todoparamascotas.co\/index.php?rest_route=\/wp\/v2\/types\/product"}],"replies":[{"embeddable":true,"href":"https:\/\/www.todoparamascotas.co\/index.php?rest_route=%2Fwp%2Fv2%2Fcomments&post=137"}],"wp:featuredmedia":[{"embeddable":true,"href":"https:\/\/www.todoparamascotas.co\/index.php?rest_route=\/wp\/v2\/media\/508"}],"wp:attachment":[{"href":"https:\/\/www.todoparamascotas.co\/index.php?rest_route=%2Fwp%2Fv2%2Fmedia&parent=137"}],"wp:term":[{"taxonomy":"product_brand","embeddable":true,"href":"https:\/\/www.todoparamascotas.co\/index.php?rest_route=%2Fwp%2Fv2%2Fproduct_brand&post=137"},{"taxonomy":"product_cat","embeddable":true,"href":"https:\/\/www.todoparamascotas.co\/index.php?rest_route=%2Fwp%2Fv2%2Fproduct_cat&post=137"},{"taxonomy":"product_tag","embeddable":true,"href":"https:\/\/www.todoparamascotas.co\/index.php?rest_route=%2Fwp%2Fv2%2Fproduct_tag&post=137"}],"curies":[{"name":"wp","href":"https:\/\/api.w.org\/{rel}","templated":true}]}}