{"id":138,"date":"2019-07-24T03:39:45","date_gmt":"2019-07-24T03:39:45","guid":{"rendered":"http:\/\/sw-themes.com\/porto_dummy\/?post_type=product&#038;p=138"},"modified":"2025-01-16T21:28:14","modified_gmt":"2025-01-16T21:28:14","slug":"wooden-box","status":"publish","type":"product","link":"https:\/\/www.todoparamascotas.co\/?product=wooden-box","title":{"rendered":"Alimento para Tortugas Tetra ReptoMin 24 gr"},"content":{"rendered":"<div class=\"wpb-content-wrapper\"><p>[vc_row el_class=\u00bbm-b-md\u00bb][vc_column][vc_column_text]<\/p>\n<h3><span style=\"font-size: 16px;\">\u00bfQu\u00e9 es <strong>ReptoMin<\/strong>?<\/span><\/h3>\n<p>ReptoMin es un alimento en sticks completo de primera calidad para tortugas acu\u00e1ticas que incorpora todos los nutrientes, vitaminas y minerales esenciales.<\/p>\n<h3><span style=\"font-size: 16px;\">\u00bfPara qu\u00e9 sirve <strong>ReptoMin<\/strong>?<\/span><\/h3>\n<ul>\n<li>Caparazones sanos y huesos fuertes gracias a una \u00f3ptima proporci\u00f3n calcio-f\u00f3sforo.<\/li>\n<li>Aporta los nutrientes necesarios para proporcionaruna nutrici\u00f3n completa y equilibrada. ReptoMin evita que se produzcan patolog\u00edas debido a estados carenciales de vitaminas.<\/li>\n<li>Reduce los olores desagradables gracias a su f\u00f3rmula con extracto de yuca.<\/li>\n<li>La elevada digestibilidad resulta en un agua m\u00e1s limpia.<\/li>\n<\/ul>\n<h3><span style=\"font-size: 16px;\">\u00bfC\u00f3mo se usa <strong>ReptoMin<\/strong>?<\/span><\/h3>\n<p>Rociar ReptoMin varias veces al d\u00eda en peque\u00f1as porciones.<\/p>\n<p>Evite sobrealimentar a sus tortugas de agua. No olvide retirar el alimento acumulado sin consumir del acuaterrario.[\/vc_column_text][\/vc_column][\/vc_row][vc_row][vc_column][vc_column_text]Sed do eiusmod tempor incididunt ut labore et dolore magna aliqua. Ut enim ad minim veniam, quis nostrud exercitation ullamco laboris nisi ut aliquip ex ea commodo consequat.[\/vc_column_text][\/vc_column][\/vc_row]<\/p>\n<\/div>","protected":false},"excerpt":{"rendered":"<p>Alimento de primera calidad nutricionalmente equilibrado para tortugas acu\u00e1ticas<\/p>\n","protected":false},"featured_media":487,"comment_status":"open","ping_status":"closed","template":"","meta":[],"product_brand":[],"product_cat":[55,56],"product_tag":[],"class_list":{"0":"post-138","1":"product","2":"type-product","3":"status-publish","4":"has-post-thumbnail","6":"product_cat-office","7":"product_cat-outdoor","9":"first","10":"outofstock","11":"sale","12":"featured","13":"shipping-taxable","14":"purchasable","15":"product-type-simple"},"jetpack_sharing_enabled":true,"_links":{"self":[{"href":"https:\/\/www.todoparamascotas.co\/index.php?rest_route=\/wp\/v2\/product\/138","targetHints":{"allow":["GET"]}}],"collection":[{"href":"https:\/\/www.todoparamascotas.co\/index.php?rest_route=\/wp\/v2\/product"}],"about":[{"href":"https:\/\/www.todoparamascotas.co\/index.php?rest_route=\/wp\/v2\/types\/product"}],"replies":[{"embeddable":true,"href":"https:\/\/www.todoparamascotas.co\/index.php?rest_route=%2Fwp%2Fv2%2Fcomments&post=138"}],"wp:featuredmedia":[{"embeddable":true,"href":"https:\/\/www.todoparamascotas.co\/index.php?rest_route=\/wp\/v2\/media\/487"}],"wp:attachment":[{"href":"https:\/\/www.todoparamascotas.co\/index.php?rest_route=%2Fwp%2Fv2%2Fmedia&parent=138"}],"wp:term":[{"taxonomy":"product_brand","embeddable":true,"href":"https:\/\/www.todoparamascotas.co\/index.php?rest_route=%2Fwp%2Fv2%2Fproduct_brand&post=138"},{"taxonomy":"product_cat","embeddable":true,"href":"https:\/\/www.todoparamascotas.co\/index.php?rest_route=%2Fwp%2Fv2%2Fproduct_cat&post=138"},{"taxonomy":"product_tag","embeddable":true,"href":"https:\/\/www.todoparamascotas.co\/index.php?rest_route=%2Fwp%2Fv2%2Fproduct_tag&post=138"}],"curies":[{"name":"wp","href":"https:\/\/api.w.org\/{rel}","templated":true}]}}