{"id":521,"date":"2022-03-26T19:53:22","date_gmt":"2022-03-26T19:53:22","guid":{"rendered":"https:\/\/todoparamascotas.co\/?post_type=product&#038;p=521"},"modified":"2024-07-04T03:36:53","modified_gmt":"2024-07-04T03:36:53","slug":"brillapel-emulsion-x-130-ml","status":"publish","type":"product","link":"https:\/\/www.todoparamascotas.co\/?product=brillapel-emulsion-x-130-ml","title":{"rendered":"Brillapel Emulsi\u00f3n x 130 ml"},"content":{"rendered":"<div class=\"wpb-content-wrapper\"><p>[vc_row][vc_column][vc_column_text]<\/p>\n<h3><span style=\"font-size: 16px;\">\u00bfQu\u00e9 es <strong>Brillapel<\/strong>?<\/span><\/h3>\n<p>Brillapel emulsi\u00f3n es un suplemento alimenticio para la piel y el pelo de perros y gatos de todas las razas y edades a base de vitaminas, minerales, y \u00e1cidos grasos.<\/p>\n<h3><span style=\"font-size: 16px;\">\u00bfPara qu\u00e9 sirve <strong>Brillapel<\/strong>?<\/span><\/h3>\n<p>Indicado como coadyuvante que nutren y da vida a la piel y el pelaje de los animales dom\u00e9sticos. De igual manera Brillapel es adecuado para afecciones en la piel y pelaje de las mascotas protege, desarrolla y revitaliza el pelo y la piel. R\u00e1pidos resultados y nutrici\u00f3n garantizada.<\/p>\n<h3><span style=\"font-size: 16px;\">\u00bfC\u00f3mo suministrar <strong>Brillapel<\/strong>?<\/span><\/h3>\n<p>Suministrar Brillapel emulsi\u00f3n mezclado con el alimento h\u00famedo o seco a raz\u00f3n diaria de:<\/p>\n<ul>\n<li>Gatos: 1 ml por cada 2 Kilogramos de peso.<\/li>\n<li>Perros: 1 ml por cada 5 Kilogramos de peso.<\/li>\n<li>Hembras gestantes 2 ml por cada 5 Kilogramos de peso.<\/li>\n<\/ul>\n<p>[\/vc_column_text][\/vc_column][\/vc_row]<\/p>\n<\/div>","protected":false},"excerpt":{"rendered":"<p>Suplemento alimenticio Brillapel para la piel y el pelo de los animales dom\u00e9sticos.<\/p>\n","protected":false},"featured_media":522,"comment_status":"open","ping_status":"closed","template":"","meta":[],"product_brand":[],"product_cat":[72],"product_tag":[],"class_list":{"0":"post-521","1":"product","2":"type-product","3":"status-publish","4":"has-post-thumbnail","6":"product_cat-suplementos","8":"first","9":"outofstock","10":"shipping-taxable","11":"purchasable","12":"product-type-simple"},"jetpack_sharing_enabled":true,"_links":{"self":[{"href":"https:\/\/www.todoparamascotas.co\/index.php?rest_route=\/wp\/v2\/product\/521","targetHints":{"allow":["GET"]}}],"collection":[{"href":"https:\/\/www.todoparamascotas.co\/index.php?rest_route=\/wp\/v2\/product"}],"about":[{"href":"https:\/\/www.todoparamascotas.co\/index.php?rest_route=\/wp\/v2\/types\/product"}],"replies":[{"embeddable":true,"href":"https:\/\/www.todoparamascotas.co\/index.php?rest_route=%2Fwp%2Fv2%2Fcomments&post=521"}],"wp:featuredmedia":[{"embeddable":true,"href":"https:\/\/www.todoparamascotas.co\/index.php?rest_route=\/wp\/v2\/media\/522"}],"wp:attachment":[{"href":"https:\/\/www.todoparamascotas.co\/index.php?rest_route=%2Fwp%2Fv2%2Fmedia&parent=521"}],"wp:term":[{"taxonomy":"product_brand","embeddable":true,"href":"https:\/\/www.todoparamascotas.co\/index.php?rest_route=%2Fwp%2Fv2%2Fproduct_brand&post=521"},{"taxonomy":"product_cat","embeddable":true,"href":"https:\/\/www.todoparamascotas.co\/index.php?rest_route=%2Fwp%2Fv2%2Fproduct_cat&post=521"},{"taxonomy":"product_tag","embeddable":true,"href":"https:\/\/www.todoparamascotas.co\/index.php?rest_route=%2Fwp%2Fv2%2Fproduct_tag&post=521"}],"curies":[{"name":"wp","href":"https:\/\/api.w.org\/{rel}","templated":true}]}}