{"id":530,"date":"2022-03-28T23:34:58","date_gmt":"2022-03-28T23:34:58","guid":{"rendered":"https:\/\/todoparamascotas.co\/?post_type=product&#038;p=530"},"modified":"2024-08-31T00:25:40","modified_gmt":"2024-08-31T00:25:40","slug":"ciclorac-antimicrobiano-para-perros-gatos","status":"publish","type":"product","link":"https:\/\/www.todoparamascotas.co\/?product=ciclorac-antimicrobiano-para-perros-gatos","title":{"rendered":"Ciclorac Antimicrobiano para Perros Gatos"},"content":{"rendered":"<div class=\"wpb-content-wrapper\"><p>[vc_row][vc_column][vc_column_text]<\/p>\n<h3><span style=\"font-size: 16px;\">\u00bfQu\u00e9 es <strong>Ciclorac<\/strong>?<\/span><\/h3>\n<p>Ciclorac es un compuesto antimicrobiano patentado y aprobado por la FDA que inhibe en segundos la s\u00edntesis de ATP y prote\u00ednas de los microorganismos. Biol\u00f3gicamente, el HOCl es una mol\u00e9cula que sintetiza el sistema inmune en humanos y animales.<\/p>\n<h3><span style=\"font-size: 16px;\">\u00bfPara qu\u00e9 sirve <strong>Ciclorac<\/strong>?<\/span><\/h3>\n<p>Estos son algunos de los beneficios de usar Ciclorac:<\/p>\n<ul>\n<li>Acelera la regeneraci\u00f3n de tejido.<\/li>\n<li>Facilita limpieza y cuidados pre y post-quir\u00fargicos.<\/li>\n<li>Controla infecciones. Efecto antimicrobiano.<\/li>\n<li>No mancha, no irrita, no arde, no requiere enjuague.<\/li>\n<li>Ciclorac es \u00fatil tambi\u00e9n para tratar lesiones en la piel de mascotas, mucosas infectadas, para la limpieza de absesos y quemaduras.<\/li>\n<\/ul>\n<h3><span style=\"font-size: 16px;\">\u00bfC\u00f3mo usar <strong>Ciclorac<\/strong>?<\/span><\/h3>\n<p>Aplicar 1 o 2 slpash de Ciclorac piel y heridas en la zona afectada de tu mascota. Para obtener mejores resultados en heridas con alto grado de infecci\u00f3n es recomendable realizar el procedimiento de curaci\u00f3n varias veces al d\u00eda. Instaurar terapia antibi\u00f3tica en los casos que lo ameriten. En caso de no poseer gasa o ap\u00f3sito vaselinado para favorecer la humedad del \u00e1rea, irrigue sobre la gasa y la lesi\u00f3n Ciclorac piel y heridas dos veces al d\u00eda.[\/vc_column_text][\/vc_column][\/vc_row]<\/p>\n<\/div>","protected":false},"excerpt":{"rendered":"<p>Ciclorac piel y heridas la nueva tendencia en el cuidado y manejo de todo tipo de heridas. Antimicrobiano, cicatrizante y desinfectante para perros y gatos de 120 ml<\/p>\n","protected":false},"featured_media":531,"comment_status":"open","ping_status":"closed","template":"","meta":[],"product_brand":[],"product_cat":[82],"product_tag":[],"class_list":{"0":"post-530","1":"product","2":"type-product","3":"status-publish","4":"has-post-thumbnail","6":"product_cat-medicamentos","8":"first","9":"outofstock","10":"shipping-taxable","11":"purchasable","12":"product-type-variable"},"jetpack_sharing_enabled":true,"_links":{"self":[{"href":"https:\/\/www.todoparamascotas.co\/index.php?rest_route=\/wp\/v2\/product\/530","targetHints":{"allow":["GET"]}}],"collection":[{"href":"https:\/\/www.todoparamascotas.co\/index.php?rest_route=\/wp\/v2\/product"}],"about":[{"href":"https:\/\/www.todoparamascotas.co\/index.php?rest_route=\/wp\/v2\/types\/product"}],"replies":[{"embeddable":true,"href":"https:\/\/www.todoparamascotas.co\/index.php?rest_route=%2Fwp%2Fv2%2Fcomments&post=530"}],"wp:featuredmedia":[{"embeddable":true,"href":"https:\/\/www.todoparamascotas.co\/index.php?rest_route=\/wp\/v2\/media\/531"}],"wp:attachment":[{"href":"https:\/\/www.todoparamascotas.co\/index.php?rest_route=%2Fwp%2Fv2%2Fmedia&parent=530"}],"wp:term":[{"taxonomy":"product_brand","embeddable":true,"href":"https:\/\/www.todoparamascotas.co\/index.php?rest_route=%2Fwp%2Fv2%2Fproduct_brand&post=530"},{"taxonomy":"product_cat","embeddable":true,"href":"https:\/\/www.todoparamascotas.co\/index.php?rest_route=%2Fwp%2Fv2%2Fproduct_cat&post=530"},{"taxonomy":"product_tag","embeddable":true,"href":"https:\/\/www.todoparamascotas.co\/index.php?rest_route=%2Fwp%2Fv2%2Fproduct_tag&post=530"}],"curies":[{"name":"wp","href":"https:\/\/api.w.org\/{rel}","templated":true}]}}