{"id":532,"date":"2022-03-28T23:50:07","date_gmt":"2022-03-28T23:50:07","guid":{"rendered":"https:\/\/todoparamascotas.co\/?post_type=product&#038;p=532"},"modified":"2024-03-29T22:02:04","modified_gmt":"2024-03-29T22:02:04","slug":"clorhexin-spray-x-120-ml","status":"publish","type":"product","link":"https:\/\/www.todoparamascotas.co\/?product=clorhexin-spray-x-120-ml","title":{"rendered":"Clorhexin spray x 120 ml"},"content":{"rendered":"<div class=\"wpb-content-wrapper\"><p>[vc_row][vc_column][vc_column_text]<\/p>\n<h3><span style=\"font-size: 16px;\">\u00bfQu\u00e9 es <strong>Clorhexin en spray<\/strong>?<\/span><\/h3>\n<p>Clorhexin spray es un antis\u00e9ptico t\u00f3pico formulado a base de Clorhexidina que act\u00faa contra bacterias, hongos y levaduras. Clorhexin es muy efectivo en el tratamiento de heridas en la mascota.<\/p>\n<h3><span style=\"font-size: 16px;\">\u00bfPara qu\u00e9 sirve <strong>Clorhexin spray<\/strong>?<\/span><\/h3>\n<p>\u00datil para lavado y desinfecci\u00f3n de heridas, antisepsia pre-quir\u00fargica, coadyuvante en patolog\u00edas d\u00e9rmicas, lavado antis\u00e9ptico de pleura y peritoneo, lavado y desinfecci\u00f3n del conducto auditivo externo, lavado prepucial y vaginal, patolog\u00edas bucofar\u00edngeas. Igualmente para desinfecci\u00f3n de objetos inanimados.<\/p>\n<h3><span style=\"font-size: 16px;\">\u00bfC\u00f3mo utilizar <strong>Clorhexin en spray<\/strong>?<\/span><\/h3>\n<p>Aplicar directamente en el \u00e1rea a tratar.<\/p>\n<p>Limpie el \u00e1rea afectada y atomice directamente sobre la herida, para que la soluci\u00f3n tenga contacto con la piel, removiendo el exceso con una gasa est\u00e9ril.<\/p>\n<p>Adem\u00e1s para lavado antis\u00e9ptico de quemaduras, pleura y peritoneo debe diluirse 1 mL de Clorhexin spray en 10 mL de suero fisiol\u00f3gico est\u00e9ril.<\/p>\n<p>Para desinfecci\u00f3n de instrumentos limpios realizar inmersi\u00f3n en la soluci\u00f3n durante dos minutos.[\/vc_column_text][\/vc_column][\/vc_row]<\/p>\n<\/div>","protected":false},"excerpt":{"rendered":"<p>Clorhexin spray es una Soluci\u00f3n antis\u00e9ptica, \u00fatil para lavado y desinfecci\u00f3n para perros, gatos y equinos<\/p>\n","protected":false},"featured_media":533,"comment_status":"open","ping_status":"closed","template":"","meta":[],"product_brand":[],"product_cat":[82],"product_tag":[],"class_list":{"0":"post-532","1":"product","2":"type-product","3":"status-publish","4":"has-post-thumbnail","6":"product_cat-medicamentos","8":"first","9":"instock","10":"shipping-taxable","11":"purchasable","12":"product-type-simple"},"jetpack_sharing_enabled":true,"_links":{"self":[{"href":"https:\/\/www.todoparamascotas.co\/index.php?rest_route=\/wp\/v2\/product\/532","targetHints":{"allow":["GET"]}}],"collection":[{"href":"https:\/\/www.todoparamascotas.co\/index.php?rest_route=\/wp\/v2\/product"}],"about":[{"href":"https:\/\/www.todoparamascotas.co\/index.php?rest_route=\/wp\/v2\/types\/product"}],"replies":[{"embeddable":true,"href":"https:\/\/www.todoparamascotas.co\/index.php?rest_route=%2Fwp%2Fv2%2Fcomments&post=532"}],"wp:featuredmedia":[{"embeddable":true,"href":"https:\/\/www.todoparamascotas.co\/index.php?rest_route=\/wp\/v2\/media\/533"}],"wp:attachment":[{"href":"https:\/\/www.todoparamascotas.co\/index.php?rest_route=%2Fwp%2Fv2%2Fmedia&parent=532"}],"wp:term":[{"taxonomy":"product_brand","embeddable":true,"href":"https:\/\/www.todoparamascotas.co\/index.php?rest_route=%2Fwp%2Fv2%2Fproduct_brand&post=532"},{"taxonomy":"product_cat","embeddable":true,"href":"https:\/\/www.todoparamascotas.co\/index.php?rest_route=%2Fwp%2Fv2%2Fproduct_cat&post=532"},{"taxonomy":"product_tag","embeddable":true,"href":"https:\/\/www.todoparamascotas.co\/index.php?rest_route=%2Fwp%2Fv2%2Fproduct_tag&post=532"}],"curies":[{"name":"wp","href":"https:\/\/api.w.org\/{rel}","templated":true}]}}