{"id":534,"date":"2022-03-29T00:01:55","date_gmt":"2022-03-29T00:01:55","guid":{"rendered":"https:\/\/todoparamascotas.co\/?post_type=product&#038;p=534"},"modified":"2025-08-20T18:58:30","modified_gmt":"2025-08-20T18:58:30","slug":"colirio-zoo-gotas-10-ml","status":"publish","type":"product","link":"https:\/\/www.todoparamascotas.co\/?product=colirio-zoo-gotas-10-ml","title":{"rendered":"Colirio Zoo Gotas 10 ml"},"content":{"rendered":"<div class=\"wpb-content-wrapper\"><p>[vc_row][vc_column][vc_column_text]<\/p>\n<h3><span style=\"font-size: 16px;\">\u00bfQu\u00e9 es <strong>Colirio Zoo<\/strong>?<\/span><\/h3>\n<p>Colirio Zoo es una soluci\u00f3n oft\u00e1lmica (ojos) y \u00f3tica (oidos) antibi\u00f3tico y antinflamatorio. Por esta raz\u00f3n Colirio Zoo est\u00e1 indicaco en todas las especies para el tratamiento de alteraciones oculares y \u00f3ticas causadas por infecciones, traumas, l\u00edquidos, gases y otros agentes irritantes.<\/p>\n<h3><span style=\"font-size: 16px;\">\u00bfPara qu\u00e9 sirve <strong>Colirio Zoo<\/strong>?<\/span><\/h3>\n<p>Algunos de los usos de Colirio Zoo son: Blefaritis: Inflamaci\u00f3n de los p\u00e1rpados. Conjuntivitis: Inflamaci\u00f3n de la conjuntiva ocular. Queratitis: Inflamaci\u00f3n de la c\u00f3rnea. Infecciones e inflamaciones del o\u00eddo (otitis) ocasionadas por microorganismos sensibles a los componentes. Alivia r\u00e1pidamente el dolor y el prurito presentes en las afecciones de los ojos y o\u00eddos de los animales, evitando que se automutilen.<\/p>\n<h3><span style=\"font-size: 16px;\">\u00bfC\u00f3mo usar <strong>Colirio Zoo<\/strong>?<\/span><\/h3>\n<ul>\n<li><strong>Ojos<\/strong>: 1 \u2013 3 gotas en cada ojo, cada 3 \u2013 6 horas, seg\u00fan el grado de lesi\u00f3n y la prescripci\u00f3n del M\u00e9dico Veterinario.<\/li>\n<li><strong>O\u00eddos<\/strong>: Despu\u00e9s de haber extra\u00eddo todo el cerumen y material purulento con glicerina carbonatada, aplicar 10 gotas en cada o\u00eddo cada 6 horas durante 8 d\u00edas seguidos como m\u00ednimo.<\/li>\n<\/ul>\n<p>[\/vc_column_text][\/vc_column][\/vc_row]<\/p>\n<\/div>","protected":false},"excerpt":{"rendered":"<p>Colirio Zoo est\u00e1 indicaco en todas las especies para el tratamiento de alteraciones oculares y \u00f3ticas causadas por infecciones, traumas, l\u00edquidos, gases y otros agentes irritantes<\/p>\n","protected":false},"featured_media":535,"comment_status":"open","ping_status":"closed","template":"","meta":[],"product_brand":[],"product_cat":[82],"product_tag":[],"class_list":{"0":"post-534","1":"product","2":"type-product","3":"status-publish","4":"has-post-thumbnail","6":"product_cat-medicamentos","8":"first","9":"instock","10":"shipping-taxable","11":"purchasable","12":"product-type-simple"},"jetpack_sharing_enabled":true,"_links":{"self":[{"href":"https:\/\/www.todoparamascotas.co\/index.php?rest_route=\/wp\/v2\/product\/534","targetHints":{"allow":["GET"]}}],"collection":[{"href":"https:\/\/www.todoparamascotas.co\/index.php?rest_route=\/wp\/v2\/product"}],"about":[{"href":"https:\/\/www.todoparamascotas.co\/index.php?rest_route=\/wp\/v2\/types\/product"}],"replies":[{"embeddable":true,"href":"https:\/\/www.todoparamascotas.co\/index.php?rest_route=%2Fwp%2Fv2%2Fcomments&post=534"}],"wp:featuredmedia":[{"embeddable":true,"href":"https:\/\/www.todoparamascotas.co\/index.php?rest_route=\/wp\/v2\/media\/535"}],"wp:attachment":[{"href":"https:\/\/www.todoparamascotas.co\/index.php?rest_route=%2Fwp%2Fv2%2Fmedia&parent=534"}],"wp:term":[{"taxonomy":"product_brand","embeddable":true,"href":"https:\/\/www.todoparamascotas.co\/index.php?rest_route=%2Fwp%2Fv2%2Fproduct_brand&post=534"},{"taxonomy":"product_cat","embeddable":true,"href":"https:\/\/www.todoparamascotas.co\/index.php?rest_route=%2Fwp%2Fv2%2Fproduct_cat&post=534"},{"taxonomy":"product_tag","embeddable":true,"href":"https:\/\/www.todoparamascotas.co\/index.php?rest_route=%2Fwp%2Fv2%2Fproduct_tag&post=534"}],"curies":[{"name":"wp","href":"https:\/\/api.w.org\/{rel}","templated":true}]}}