{"id":549,"date":"2022-03-29T22:31:23","date_gmt":"2022-03-29T22:31:23","guid":{"rendered":"https:\/\/todoparamascotas.co\/?post_type=product&#038;p=549"},"modified":"2024-10-01T14:55:42","modified_gmt":"2024-10-01T14:55:42","slug":"dermapel-suplemento-nutricional-perros-y-gatos-x-300-g","status":"publish","type":"product","link":"https:\/\/www.todoparamascotas.co\/?product=dermapel-suplemento-nutricional-perros-y-gatos-x-300-g","title":{"rendered":"Dermapel Suplemento Nutricional Perros y Gatos x 300 g"},"content":{"rendered":"<div class=\"wpb-content-wrapper\"><p>[vc_row][vc_column][vc_column_text]<\/p>\n<h3><span style=\"font-size: 16px;\">\u00bfQu\u00e9 es <strong>Dermapel<\/strong>?<\/span><\/h3>\n<p>Es un suplemento en povlo de vitaminas y minerales con Omega 3 y 6 biodisponibles para mejorar la piel, apariencia y brillo del pelaje de perros y gatos.<\/p>\n<p>Por esta raz\u00f3n mejora el metabolismo, especialmente el de los elementos y \u00e1cidos grasos que intervienen en la sanidad de la piel, la mantiene libre de descamaci\u00f3n y alergias. Contiene Zinc y \u00c1cidos grasos para nutrir y evitar la ca\u00edda del pelo. \u00datil en caso de seborrea, xerosis, dermatitis at\u00f3pica. Pelo brillante y abundante.<\/p>\n<h3><span style=\"font-size: 16px;\">\u00bfPara qu\u00e9 sirve <strong>Dermapel<\/strong>?<\/span><\/h3>\n<p>Se usa para superar deficiencias de vitaminas, Zinc y \u00e1cidos grasos omega 3 y 6, igualmente, para mejorar la calidad de la piel y del pelo de perros y gatos.<\/p>\n<h3><span style=\"font-size: 16px;\">\u00bfC\u00f3mo suministrar <strong>Dermapel<\/strong>?<\/span><\/h3>\n<p>Suministre diariamente v\u00eda oral mezclado con alimento en las siguientes cantidades:<\/p>\n<ul>\n<li><strong>Perros de m\u00e1s de 25 kg de peso<\/strong>: 30 gramos diarios equivalentes a tres cucharadas.<\/li>\n<li><strong>Perros entre 10 y 25 kg de peso<\/strong>: 20 gramos diarios equivalentes a dos cucharadas.<\/li>\n<li><strong>Perros menores de 10 kg de peso<\/strong>: 10 gramos diarios equivalentes a una cucharada.<\/li>\n<li><strong>Gatos de hasta 5 kg de peso<\/strong>: 5 gramos diarios equivalentes a media cucharada.<\/li>\n<\/ul>\n<p>Una cucharada sopera de Dermapel pesa aproximadamente 10 g. La dosis puede modificarse seg\u00fan criterio del M\u00e9dico Veterinario o Zootecnista.[\/vc_column_text][\/vc_column][\/vc_row]<\/p>\n<\/div>","protected":false},"excerpt":{"rendered":"<p>Suplemento de vitaminas y minerales con Omega 3 y 6 biodisponibles para mejorar la piel, apariencia y brillo del pelaje de perros y gatos.<\/p>\n","protected":false},"featured_media":550,"comment_status":"open","ping_status":"closed","template":"","meta":[],"product_brand":[],"product_cat":[72],"product_tag":[],"class_list":{"0":"post-549","1":"product","2":"type-product","3":"status-publish","4":"has-post-thumbnail","6":"product_cat-suplementos","8":"first","9":"outofstock","10":"shipping-taxable","11":"purchasable","12":"product-type-simple"},"jetpack_sharing_enabled":true,"_links":{"self":[{"href":"https:\/\/www.todoparamascotas.co\/index.php?rest_route=\/wp\/v2\/product\/549","targetHints":{"allow":["GET"]}}],"collection":[{"href":"https:\/\/www.todoparamascotas.co\/index.php?rest_route=\/wp\/v2\/product"}],"about":[{"href":"https:\/\/www.todoparamascotas.co\/index.php?rest_route=\/wp\/v2\/types\/product"}],"replies":[{"embeddable":true,"href":"https:\/\/www.todoparamascotas.co\/index.php?rest_route=%2Fwp%2Fv2%2Fcomments&post=549"}],"wp:featuredmedia":[{"embeddable":true,"href":"https:\/\/www.todoparamascotas.co\/index.php?rest_route=\/wp\/v2\/media\/550"}],"wp:attachment":[{"href":"https:\/\/www.todoparamascotas.co\/index.php?rest_route=%2Fwp%2Fv2%2Fmedia&parent=549"}],"wp:term":[{"taxonomy":"product_brand","embeddable":true,"href":"https:\/\/www.todoparamascotas.co\/index.php?rest_route=%2Fwp%2Fv2%2Fproduct_brand&post=549"},{"taxonomy":"product_cat","embeddable":true,"href":"https:\/\/www.todoparamascotas.co\/index.php?rest_route=%2Fwp%2Fv2%2Fproduct_cat&post=549"},{"taxonomy":"product_tag","embeddable":true,"href":"https:\/\/www.todoparamascotas.co\/index.php?rest_route=%2Fwp%2Fv2%2Fproduct_tag&post=549"}],"curies":[{"name":"wp","href":"https:\/\/api.w.org\/{rel}","templated":true}]}}