{"id":552,"date":"2022-03-30T21:23:27","date_gmt":"2022-03-30T21:23:27","guid":{"rendered":"https:\/\/todoparamascotas.co\/?post_type=product&#038;p=552"},"modified":"2025-08-20T18:42:36","modified_gmt":"2025-08-20T18:42:36","slug":"descensor-vet-antibiotico-perros-gatos-30-tabletas","status":"publish","type":"product","link":"https:\/\/www.todoparamascotas.co\/?product=descensor-vet-antibiotico-perros-gatos-30-tabletas","title":{"rendered":"Descensor Vet Antibi\u00f3tico Perros Gatos 30 Tabletas"},"content":{"rendered":"<div class=\"wpb-content-wrapper\"><p>[vc_row][vc_column][vc_column_text]<\/p>\n<h3><span style=\"font-size: 16px;\">\u00bfQu\u00e9 es <strong>Descensor vet<\/strong>?<\/span><\/h3>\n<p>Descensor Vet 200 mg es un antibi\u00f3tico semisint\u00e9tico de amplio espectro para el tratamiento de enfermedades infecciosas causadas por bacterias gram positivas, gram negativas y microorganismos de los grupos Chlamydi\u00e6, Mycoplasmatace\u00e6 y Ricketsiace\u00e6. Para el tratamiento de ehrlichiosis canina y afecciones buco-dentarias infecciosas causada por microorganismos sensibles en perros y gatos.<\/p>\n<h3><span style=\"font-size: 16px;\">\u00bfPara qu\u00e9 sirve <strong>Descensor vet<\/strong> de 200 mg?<\/span><\/h3>\n<p>Este antibi\u00f3tico tambi\u00e9n est\u00e1 indicado para otras enfermedades de origen infeccioso en perros y gatos causadas por bacterias grampositivas como: Stafilococcus sp, Streptococcus sp, Bacillus anthracis, Clostridium sp, Corynebacterium sp; por bacterias gramnegativas: Escherichia coli, Salmonella sp, Klebsiella sp, Pasteurella sp, Bordetella sp; Campylobacter sp, Leptospira sp, Porphyromona sp y contra Mycoplasmas, Rickettsias (Ehrlichia sp) y Espiroquetas.<\/p>\n<p>La Doxiciclina es activo contra patogenos causantes de mal olor bucal ubicados en la placa dentaria de perros y gatos viejos, como Porphyromona gingivalis, Porphyromona endodontalis, Porphyromona circumdentaria y Porphyromona salivosa, patogenos que se encuentran en procesos inflamatorios y abcesos orales, por lo que se require tratamiento adicional con antisepticos dentales como Clorhexidina.<\/p>\n<h3><span style=\"font-size: 16px;\">\u00bfC\u00f3mo suministrar <strong>Descensor vet<\/strong> de 200 mg?<\/span><\/h3>\n<p>En perros y gatos, administrar una tableta de Descensor Vet v\u00eda oral por cada 20 kg de peso, lo cual equivale a 10 mg de Doxiciclina (Hyclato) por cada kg de peso, cada 24 horas durante 3 a 5 d\u00edas en afecciones agudas y subagudas y hasta por 10 d\u00edas en afecciones cr\u00f3nicas.[\/vc_column_text][\/vc_column][\/vc_row]<\/p>\n<\/div>","protected":false},"excerpt":{"rendered":"<p>Descensor Vet est\u00e1 indicado para el tratamiento de ehrlichiosis canina y afecciones buco-dentarias infecciosas causada por microorganismos sensibles en perros y gatos como: estomatitis, gingivitis, periodontitis, piorreas, mal olor bucal, infecci\u00f3n renal y tegido tegumentario.<\/p>\n","protected":false},"featured_media":554,"comment_status":"open","ping_status":"closed","template":"","meta":[],"product_brand":[],"product_cat":[99],"product_tag":[],"class_list":{"0":"post-552","1":"product","2":"type-product","3":"status-publish","4":"has-post-thumbnail","6":"product_cat-antibioticos","8":"first","9":"outofstock","10":"shipping-taxable","11":"purchasable","12":"product-type-simple"},"jetpack_sharing_enabled":true,"_links":{"self":[{"href":"https:\/\/www.todoparamascotas.co\/index.php?rest_route=\/wp\/v2\/product\/552","targetHints":{"allow":["GET"]}}],"collection":[{"href":"https:\/\/www.todoparamascotas.co\/index.php?rest_route=\/wp\/v2\/product"}],"about":[{"href":"https:\/\/www.todoparamascotas.co\/index.php?rest_route=\/wp\/v2\/types\/product"}],"replies":[{"embeddable":true,"href":"https:\/\/www.todoparamascotas.co\/index.php?rest_route=%2Fwp%2Fv2%2Fcomments&post=552"}],"wp:featuredmedia":[{"embeddable":true,"href":"https:\/\/www.todoparamascotas.co\/index.php?rest_route=\/wp\/v2\/media\/554"}],"wp:attachment":[{"href":"https:\/\/www.todoparamascotas.co\/index.php?rest_route=%2Fwp%2Fv2%2Fmedia&parent=552"}],"wp:term":[{"taxonomy":"product_brand","embeddable":true,"href":"https:\/\/www.todoparamascotas.co\/index.php?rest_route=%2Fwp%2Fv2%2Fproduct_brand&post=552"},{"taxonomy":"product_cat","embeddable":true,"href":"https:\/\/www.todoparamascotas.co\/index.php?rest_route=%2Fwp%2Fv2%2Fproduct_cat&post=552"},{"taxonomy":"product_tag","embeddable":true,"href":"https:\/\/www.todoparamascotas.co\/index.php?rest_route=%2Fwp%2Fv2%2Fproduct_tag&post=552"}],"curies":[{"name":"wp","href":"https:\/\/api.w.org\/{rel}","templated":true}]}}