{"id":557,"date":"2022-03-30T22:06:10","date_gmt":"2022-03-30T22:06:10","guid":{"rendered":"https:\/\/todoparamascotas.co\/?post_type=product&#038;p=557"},"modified":"2024-10-07T22:37:59","modified_gmt":"2024-10-07T22:37:59","slug":"edupet-repelente-para-perros-y-gatos-1-lt","status":"publish","type":"product","link":"https:\/\/www.todoparamascotas.co\/?product=edupet-repelente-para-perros-y-gatos-1-lt","title":{"rendered":"Edupet repelente para perros y gatos 1 Lt"},"content":{"rendered":"<div class=\"wpb-content-wrapper\"><p>[vc_row][vc_column][vc_column_text]<\/p>\n<h3><span style=\"font-size: 16px;\">\u00bfQu\u00e9 es <strong>Edupet<\/strong>?<\/span><\/h3>\n<p>Edupet es un repelente para perros y gatos que basa su acci\u00f3n en propiedades arom\u00e1ticas y aprovecha los sentidos qu\u00edmicos del animal y sus h\u00e1bitos de demarcaci\u00f3n territorial para actuar en los lugares precisos a fin de evitar la deposici\u00f3n repetitiva y obligando al canino o felino correspondiente a buscar otras zonas de deposici\u00f3n.<\/p>\n<h3><span style=\"font-size: 16px;\">\u00bfPara qu\u00e9 sirve <strong>Edupet<\/strong>?<\/span><\/h3>\n<p>Edupet se utiliza sobre los sitios donde ellos (gatos o perros) se acostumbran a hacer sus deposiciones s\u00f3lidas y l\u00edquidas o provocan alg\u00fan da\u00f1o en el piso, las plantas y\/o el c\u00e9sped.<\/p>\n<h3><span style=\"font-size: 16px;\">\u00bfC\u00f3mo usar <strong>Edupet<\/strong>?<\/span><\/h3>\n<p>Es un repelente de aplicaci\u00f3n directa.<\/p>\n<p>Lavar las zonas Afectadas, Agitar bien el envase antes de cada aplicaci\u00f3n, pulverizar el repelente en forma abundante sobre las superficies donde no desea que los animales marquen territorio. Aplicar cada dos d\u00edas, terminar manteni\u00e9ndolo 1 vez cada 7 a 10 d\u00edas.<\/p>\n<p>Se aplica sobre superficie porosa o absorbente para que el producto quede fijado, se usa en interiores de casas, apartamentos y espacios cerrados. No c\u00e9sped ni tierra.[\/vc_column_text][\/vc_column][\/vc_row]<\/p>\n<\/div>","protected":false},"excerpt":{"rendered":"<p>El repelente Edupet es una emulsi\u00f3n fluida acuosa de aplicaci\u00f3n directa. No se utiliza sobre los animales, sino en la superficies donde no se desea que los animales hagan repetitivamente sus deposiciones.<\/p>\n","protected":false},"featured_media":558,"comment_status":"open","ping_status":"closed","template":"","meta":[],"product_brand":[],"product_cat":[89],"product_tag":[],"class_list":{"0":"post-557","1":"product","2":"type-product","3":"status-publish","4":"has-post-thumbnail","6":"product_cat-otros-hogar","8":"first","9":"outofstock","10":"shipping-taxable","11":"purchasable","12":"product-type-simple"},"jetpack_sharing_enabled":true,"_links":{"self":[{"href":"https:\/\/www.todoparamascotas.co\/index.php?rest_route=\/wp\/v2\/product\/557","targetHints":{"allow":["GET"]}}],"collection":[{"href":"https:\/\/www.todoparamascotas.co\/index.php?rest_route=\/wp\/v2\/product"}],"about":[{"href":"https:\/\/www.todoparamascotas.co\/index.php?rest_route=\/wp\/v2\/types\/product"}],"replies":[{"embeddable":true,"href":"https:\/\/www.todoparamascotas.co\/index.php?rest_route=%2Fwp%2Fv2%2Fcomments&post=557"}],"wp:featuredmedia":[{"embeddable":true,"href":"https:\/\/www.todoparamascotas.co\/index.php?rest_route=\/wp\/v2\/media\/558"}],"wp:attachment":[{"href":"https:\/\/www.todoparamascotas.co\/index.php?rest_route=%2Fwp%2Fv2%2Fmedia&parent=557"}],"wp:term":[{"taxonomy":"product_brand","embeddable":true,"href":"https:\/\/www.todoparamascotas.co\/index.php?rest_route=%2Fwp%2Fv2%2Fproduct_brand&post=557"},{"taxonomy":"product_cat","embeddable":true,"href":"https:\/\/www.todoparamascotas.co\/index.php?rest_route=%2Fwp%2Fv2%2Fproduct_cat&post=557"},{"taxonomy":"product_tag","embeddable":true,"href":"https:\/\/www.todoparamascotas.co\/index.php?rest_route=%2Fwp%2Fv2%2Fproduct_tag&post=557"}],"curies":[{"name":"wp","href":"https:\/\/api.w.org\/{rel}","templated":true}]}}