{"id":559,"date":"2022-04-01T00:59:52","date_gmt":"2022-04-01T00:59:52","guid":{"rendered":"https:\/\/todoparamascotas.co\/?post_type=product&#038;p=559"},"modified":"2022-09-07T01:12:36","modified_gmt":"2022-09-07T01:12:36","slug":"eliminador-de-manchas-y-olores-para-perros-natures-miracle","status":"publish","type":"product","link":"https:\/\/www.todoparamascotas.co\/?product=eliminador-de-manchas-y-olores-para-perros-natures-miracle","title":{"rendered":"Eliminador de Manchas y Olores para Perros Nature\u2019s Miracle"},"content":{"rendered":"<div class=\"wpb-content-wrapper\"><p>[vc_row][vc_column][vc_column_text]<\/p>\n<h3><span style=\"font-size: 16px;\">\u00bfQu\u00e9 es <strong>Nature\u00b4s Miracle Advanced<\/strong>?<\/span><\/h3>\n<p>Natures Miracle es un potente removedor de manchas y olores producidos por los perros en las heces, v\u00f3mitos, babeo y otros olores org\u00e1nicos. Su formula enzim\u00e1tica elimina el problema de ra\u00edz.<\/p>\n<h3><span style=\"font-size: 16px;\">\u00bfPara qu\u00e9 sirve <strong>Nature\u00b4s Miracle Advanced<\/strong>?<\/span><\/h3>\n<p>Ideal para limpiar desechos org\u00e1nicos de tu mascota (orina de Perro, heces, v\u00f3mitos, baba y otras manchas y olores org\u00e1nicos). Refrescante aroma a Lim\u00f3n.<\/p>\n<h3><span style=\"font-size: 16px;\">\u00bfC\u00f3mo se usa <strong>Nature\u00b4s Miracle Advanced<\/strong>?<\/span><\/h3>\n<ol>\n<li>Limpia con un trapo seco lo m\u00e1s que se pueda la mancha.<\/li>\n<li>Agita bien el producto.<\/li>\n<li>Coloca el producto directamente sobre la mancha o agente generador del mal olor hasta cubrirlo.<\/li>\n<li>Deja actuar por 15 minutos. (Si son manchas severas se recomienda tallar con un cepillo suave por un minuto y despu\u00e9s dejar el producto 15 minutos).<\/li>\n<li>Por \u00faltimo, limpia con un trapo seco y deja secar por 24 horas.<\/li>\n<\/ol>\n<p>[\/vc_column_text][\/vc_column][\/vc_row]<\/p>\n<\/div>","protected":false},"excerpt":{"rendered":"<p>Removedor de manchas y olores avanzado para perros Nature\u00b4s Miracle<\/p>\n","protected":false},"featured_media":560,"comment_status":"open","ping_status":"closed","template":"","meta":[],"product_brand":[],"product_cat":[15],"product_tag":[],"class_list":{"0":"post-559","1":"product","2":"type-product","3":"status-publish","4":"has-post-thumbnail","6":"product_cat-uncategorized","8":"first","9":"instock","10":"shipping-taxable","11":"purchasable","12":"product-type-simple"},"jetpack_sharing_enabled":true,"_links":{"self":[{"href":"https:\/\/www.todoparamascotas.co\/index.php?rest_route=\/wp\/v2\/product\/559","targetHints":{"allow":["GET"]}}],"collection":[{"href":"https:\/\/www.todoparamascotas.co\/index.php?rest_route=\/wp\/v2\/product"}],"about":[{"href":"https:\/\/www.todoparamascotas.co\/index.php?rest_route=\/wp\/v2\/types\/product"}],"replies":[{"embeddable":true,"href":"https:\/\/www.todoparamascotas.co\/index.php?rest_route=%2Fwp%2Fv2%2Fcomments&post=559"}],"wp:featuredmedia":[{"embeddable":true,"href":"https:\/\/www.todoparamascotas.co\/index.php?rest_route=\/wp\/v2\/media\/560"}],"wp:attachment":[{"href":"https:\/\/www.todoparamascotas.co\/index.php?rest_route=%2Fwp%2Fv2%2Fmedia&parent=559"}],"wp:term":[{"taxonomy":"product_brand","embeddable":true,"href":"https:\/\/www.todoparamascotas.co\/index.php?rest_route=%2Fwp%2Fv2%2Fproduct_brand&post=559"},{"taxonomy":"product_cat","embeddable":true,"href":"https:\/\/www.todoparamascotas.co\/index.php?rest_route=%2Fwp%2Fv2%2Fproduct_cat&post=559"},{"taxonomy":"product_tag","embeddable":true,"href":"https:\/\/www.todoparamascotas.co\/index.php?rest_route=%2Fwp%2Fv2%2Fproduct_tag&post=559"}],"curies":[{"name":"wp","href":"https:\/\/api.w.org\/{rel}","templated":true}]}}