{"id":561,"date":"2022-04-01T01:18:50","date_gmt":"2022-04-01T01:18:50","guid":{"rendered":"https:\/\/todoparamascotas.co\/?post_type=product&#038;p=561"},"modified":"2023-07-30T17:51:55","modified_gmt":"2023-07-30T17:51:55","slug":"engystol-gotas-orales-en-frasco-30-ml","status":"publish","type":"product","link":"https:\/\/www.todoparamascotas.co\/?product=engystol-gotas-orales-en-frasco-30-ml","title":{"rendered":"Engystol Gotas Orales en Frasco 30 ml"},"content":{"rendered":"<div class=\"wpb-content-wrapper\"><p>[vc_row][vc_column][vc_column_text]<\/p>\n<h3><span style=\"font-size: 16px;\">\u00bfQu\u00e9 es <strong>Engystol Oral<\/strong>?<\/span><\/h3>\n<p>Engystol es un medicamento de origen natural (homeop\u00e1tico) para perros y gatos que potencializa el sistema inmunol\u00f3gico con efecto directo sobre el agente etiol\u00f3gico. Asimismo funciona como tratamiento preventivo y curativo de patolog\u00edas relacionadas con viremias<\/p>\n<h3><span style=\"font-size: 16px;\">\u00bfPara qu\u00e9 sirve <strong>Engystol Oral<\/strong>?<\/span><\/h3>\n<p>Para prevenir y tratar enfermedades virales y rickettsiales. Adem\u00e1s fortalece el sistema inmune, disminuye el riesgo de infecci\u00f3n y favorece la recuperaci\u00f3n r\u00e1pida de la mascota.<\/p>\n<h3><span style=\"font-size: 16px;\">\u00bfC\u00f3mo se usa <strong>Engystol Oral<\/strong>?<\/span><\/h3>\n<p>Es ideal para ser suministrado en perros, gatos, aves ornamentales, bovinos, equinos, caprinos, burros, ovinos, porcinos, conejos y roedores.<\/p>\n<table style=\"height: 99px;\" width=\"401\">\n<tbody>\n<tr>\n<td width=\"224\">Animal<\/td>\n<td width=\"127\">Dosis<\/td>\n<\/tr>\n<tr>\n<td>Perros de gran tama\u00f1o<\/td>\n<td>2 a 3 veces 20 gotas<\/td>\n<\/tr>\n<tr>\n<td>Perros de tama\u00f1o medio<\/td>\n<td>2 a 3 veces 10 gotas<\/td>\n<\/tr>\n<tr>\n<td>Perros de peque\u00f1o tama\u00f1o, gatos:<\/td>\n<td>2 a 3 veces 7 gotas<\/td>\n<\/tr>\n<\/tbody>\n<\/table>\n<p>&nbsp;<\/p>\n<p>[\/vc_column_text][\/vc_column][\/vc_row]<\/p>\n<\/div>","protected":false},"excerpt":{"rendered":"<p>Engystol ha demostrado cient\u00edficamente que reduce de forma significativa la duraci\u00f3n y la intensidad de los s\u00edntomas durante una infecci\u00f3n aguda y ayuda a proteger frente a infecciones posteriores.<\/p>\n","protected":false},"featured_media":562,"comment_status":"open","ping_status":"closed","template":"","meta":[],"product_brand":[],"product_cat":[82],"product_tag":[],"class_list":{"0":"post-561","1":"product","2":"type-product","3":"status-publish","4":"has-post-thumbnail","6":"product_cat-medicamentos","8":"first","9":"instock","10":"shipping-taxable","11":"purchasable","12":"product-type-simple"},"jetpack_sharing_enabled":true,"_links":{"self":[{"href":"https:\/\/www.todoparamascotas.co\/index.php?rest_route=\/wp\/v2\/product\/561","targetHints":{"allow":["GET"]}}],"collection":[{"href":"https:\/\/www.todoparamascotas.co\/index.php?rest_route=\/wp\/v2\/product"}],"about":[{"href":"https:\/\/www.todoparamascotas.co\/index.php?rest_route=\/wp\/v2\/types\/product"}],"replies":[{"embeddable":true,"href":"https:\/\/www.todoparamascotas.co\/index.php?rest_route=%2Fwp%2Fv2%2Fcomments&post=561"}],"wp:featuredmedia":[{"embeddable":true,"href":"https:\/\/www.todoparamascotas.co\/index.php?rest_route=\/wp\/v2\/media\/562"}],"wp:attachment":[{"href":"https:\/\/www.todoparamascotas.co\/index.php?rest_route=%2Fwp%2Fv2%2Fmedia&parent=561"}],"wp:term":[{"taxonomy":"product_brand","embeddable":true,"href":"https:\/\/www.todoparamascotas.co\/index.php?rest_route=%2Fwp%2Fv2%2Fproduct_brand&post=561"},{"taxonomy":"product_cat","embeddable":true,"href":"https:\/\/www.todoparamascotas.co\/index.php?rest_route=%2Fwp%2Fv2%2Fproduct_cat&post=561"},{"taxonomy":"product_tag","embeddable":true,"href":"https:\/\/www.todoparamascotas.co\/index.php?rest_route=%2Fwp%2Fv2%2Fproduct_tag&post=561"}],"curies":[{"name":"wp","href":"https:\/\/api.w.org\/{rel}","templated":true}]}}