{"id":563,"date":"2022-04-02T17:06:24","date_gmt":"2022-04-02T17:06:24","guid":{"rendered":"https:\/\/todoparamascotas.co\/?post_type=product&#038;p=563"},"modified":"2026-02-13T17:15:51","modified_gmt":"2026-02-13T17:15:51","slug":"enzy-pro-suplemento-nutricional-para-perros-y-gatos-60-tab","status":"publish","type":"product","link":"https:\/\/www.todoparamascotas.co\/?product=enzy-pro-suplemento-nutricional-para-perros-y-gatos-60-tab","title":{"rendered":"Enzy Pro Suplemento Nutricional para Perros y Gatos 60 tab"},"content":{"rendered":"<div class=\"wpb-content-wrapper\"><p>[vc_row][vc_column][vc_column_text]<\/p>\n<h3><span style=\"font-size: 16px;\">\u00bfQu\u00e9 es <strong>Enzy Pro<\/strong>?<\/span><\/h3>\n<p>Enzy Pro es un suplemento alimenticio con enzimas digestivas y prebi\u00f3ticos que favorecen la digesti\u00f3n de prote\u00ednas, grasas y carbohidratos. Los prebi\u00f3ticos promueven el buen funcionamiento del sistema digestivo y el fortalecimiento inmunol\u00f3gico.<\/p>\n<h3><span style=\"font-size: 16px;\">\u00bfPara qu\u00e9 sirve <strong>Enzy Pro<\/strong>?<\/span><\/h3>\n<p>Posee enzimas digestivas naturales y probi\u00f3ticos para una adecuada digesti\u00f3n.<br \/>\nEs una formula especializada desarrollada para optimizar la absorci\u00f3n de nutrientes en perros y gatos.<\/p>\n<p>Ayuda a prevenir enfermedades como la diarrea cr\u00f3nica intermitente, v\u00f3mitos, perdida de peso o falta de apetito.<\/p>\n<p>Favorece al sistema digestivo y ayuda a fortalecer el sistema inmunol\u00f3gico.<\/p>\n<h3><span style=\"font-size: 16px;\">\u00bfC\u00f3mo usar <strong>Enzy Pro<\/strong>?<\/span><\/h3>\n<p>Via oral, las mascotas usualmente gustan del sabor de la tableta. Por otra parte si existe rechazo, pulverizar y mezclarse con la leche o con la comida. Suministrado diariamente con la comida. El tiempo de uso podr\u00e1 ser modificado de acuerdo con la orientaci\u00f3n del m\u00e9dico veterinario.[\/vc_column_text][\/vc_column][\/vc_row]<\/p>\n<\/div>","protected":false},"excerpt":{"rendered":"<p>Enzy Pro suplemento alimenticio con enzimas digestivas y prebi\u00f3ticos que favorecen la digesti\u00f3n de prote\u00ednas, grasas y carbohidratos.<\/p>\n","protected":false},"featured_media":1233,"comment_status":"open","ping_status":"closed","template":"","meta":[],"product_brand":[],"product_cat":[72],"product_tag":[],"class_list":{"0":"post-563","1":"product","2":"type-product","3":"status-publish","4":"has-post-thumbnail","6":"product_cat-suplementos","8":"first","9":"instock","10":"shipping-taxable","11":"purchasable","12":"product-type-simple"},"jetpack_sharing_enabled":true,"_links":{"self":[{"href":"https:\/\/www.todoparamascotas.co\/index.php?rest_route=\/wp\/v2\/product\/563","targetHints":{"allow":["GET"]}}],"collection":[{"href":"https:\/\/www.todoparamascotas.co\/index.php?rest_route=\/wp\/v2\/product"}],"about":[{"href":"https:\/\/www.todoparamascotas.co\/index.php?rest_route=\/wp\/v2\/types\/product"}],"replies":[{"embeddable":true,"href":"https:\/\/www.todoparamascotas.co\/index.php?rest_route=%2Fwp%2Fv2%2Fcomments&post=563"}],"wp:featuredmedia":[{"embeddable":true,"href":"https:\/\/www.todoparamascotas.co\/index.php?rest_route=\/wp\/v2\/media\/1233"}],"wp:attachment":[{"href":"https:\/\/www.todoparamascotas.co\/index.php?rest_route=%2Fwp%2Fv2%2Fmedia&parent=563"}],"wp:term":[{"taxonomy":"product_brand","embeddable":true,"href":"https:\/\/www.todoparamascotas.co\/index.php?rest_route=%2Fwp%2Fv2%2Fproduct_brand&post=563"},{"taxonomy":"product_cat","embeddable":true,"href":"https:\/\/www.todoparamascotas.co\/index.php?rest_route=%2Fwp%2Fv2%2Fproduct_cat&post=563"},{"taxonomy":"product_tag","embeddable":true,"href":"https:\/\/www.todoparamascotas.co\/index.php?rest_route=%2Fwp%2Fv2%2Fproduct_tag&post=563"}],"curies":[{"name":"wp","href":"https:\/\/api.w.org\/{rel}","templated":true}]}}