{"id":569,"date":"2022-04-02T17:45:24","date_gmt":"2022-04-02T17:45:24","guid":{"rendered":"https:\/\/todoparamascotas.co\/?post_type=product&#038;p=569"},"modified":"2024-03-18T16:57:41","modified_gmt":"2024-03-18T16:57:41","slug":"garrabano-garrapaticida-pulguicida-sarnicida-x-33-ml","status":"publish","type":"product","link":"https:\/\/www.todoparamascotas.co\/?product=garrabano-garrapaticida-pulguicida-sarnicida-x-33-ml","title":{"rendered":"Garraba\u00f1o Garrapaticida Pulguicida Sarnicida x 33 ml"},"content":{"rendered":"<div class=\"wpb-content-wrapper\"><p>[vc_row][vc_column][vc_column_text]<\/p>\n<h3><span style=\"font-size: 16px;\">\u00bfQu\u00e9 es <strong>Garraba\u00f1o<\/strong>?<\/span><\/h3>\n<p>Garraba\u00f1o es una soluci\u00f3n emulsionable de Amitraz al 12.5% para uso externo con acci\u00f3n ectoparasiticida, piojicida y acaricida (garrapatas y \u00e1caros de la sarna).<\/p>\n<h3><span style=\"font-size: 16px;\">\u00bfPara qu\u00e9 sirve <strong>Garraba\u00f1o<\/strong>?<\/span><\/h3>\n<p>En perros para el tratamiento y control de las infestaciones por garrapatas, pulgas y \u00e1caros de la sarna: Rhipicephalus sanguineus, Ctenocephalides canis, Demodex canis, Sarcoptes scabiel var. Canis. En Bovinos para el tratamiento y control de las garrapatas Rhipicephalus microplus y Amblyomma cajennense.<\/p>\n<h3><span style=\"font-size: 16px;\">\u00bfC\u00f3mo se usa <strong>Garraba\u00f1o<\/strong>?<\/span><\/h3>\n<p><strong>En bovinos<\/strong> aplicar mediante ba\u00f1o por aspersi\u00f3n a raz\u00f3n de 33 ml por cada 20 litros de agua. (Bombas de mano y espalda o manga rociadora). A fin de lograr un efectivo control de las garrapatas Rhipicephalus microplus, el ganado debe ba\u00f1arse cada 21 d\u00edas. Sin embargo, en las infestaciones GRAVES, es recomendable ba\u00f1ar cada 10 d\u00edas. Para el control de garrapata Amblyomma cajennense, el ba\u00f1o repetirse cada 7 d\u00edas.<\/p>\n<p>La diluci\u00f3n debe prepararse inmediatamente antes de usarse, ya que el contenido del producto se degrada si se deja preparado en reposo.<\/p>\n<p><strong>En perros<\/strong> contra garrapatas y pulgas: seg\u00fan el n\u00famero y talla de los perros a tratar se podr\u00e1n realizar las siguientes diluciones en agua: Frasco de 33 ml en 16 litros o usando jeringas: 16 ml en 8 litros u 8 ml en 4 litros. Siempre empleando la cantidad necesaria para ba\u00f1ar completamente al perro, se utilizar\u00e1 en forma aproximada 1 litro de la diluci\u00f3n hecha para ba\u00f1ar perros de talla peque\u00f1a, 2 litros para talla mediana y 3 litros para talla grande. Repetir el tratamiento 15 a 20 d\u00edas despu\u00e9s o a criterio del m\u00e9dico veterinario.[\/vc_column_text][\/vc_column][\/vc_row]<\/p>\n<\/div>","protected":false},"excerpt":{"rendered":"<p>Soluci\u00f3n emulsionable ba\u00f1o garrapaticida, pulguicida, sarnicida para perros con amitraz al 12.5%<\/p>\n","protected":false},"featured_media":570,"comment_status":"open","ping_status":"closed","template":"","meta":[],"product_brand":[],"product_cat":[61],"product_tag":[],"class_list":{"0":"post-569","1":"product","2":"type-product","3":"status-publish","4":"has-post-thumbnail","6":"product_cat-antipulgas","8":"first","9":"outofstock","10":"shipping-taxable","11":"purchasable","12":"product-type-simple"},"jetpack_sharing_enabled":true,"_links":{"self":[{"href":"https:\/\/www.todoparamascotas.co\/index.php?rest_route=\/wp\/v2\/product\/569","targetHints":{"allow":["GET"]}}],"collection":[{"href":"https:\/\/www.todoparamascotas.co\/index.php?rest_route=\/wp\/v2\/product"}],"about":[{"href":"https:\/\/www.todoparamascotas.co\/index.php?rest_route=\/wp\/v2\/types\/product"}],"replies":[{"embeddable":true,"href":"https:\/\/www.todoparamascotas.co\/index.php?rest_route=%2Fwp%2Fv2%2Fcomments&post=569"}],"wp:featuredmedia":[{"embeddable":true,"href":"https:\/\/www.todoparamascotas.co\/index.php?rest_route=\/wp\/v2\/media\/570"}],"wp:attachment":[{"href":"https:\/\/www.todoparamascotas.co\/index.php?rest_route=%2Fwp%2Fv2%2Fmedia&parent=569"}],"wp:term":[{"taxonomy":"product_brand","embeddable":true,"href":"https:\/\/www.todoparamascotas.co\/index.php?rest_route=%2Fwp%2Fv2%2Fproduct_brand&post=569"},{"taxonomy":"product_cat","embeddable":true,"href":"https:\/\/www.todoparamascotas.co\/index.php?rest_route=%2Fwp%2Fv2%2Fproduct_cat&post=569"},{"taxonomy":"product_tag","embeddable":true,"href":"https:\/\/www.todoparamascotas.co\/index.php?rest_route=%2Fwp%2Fv2%2Fproduct_tag&post=569"}],"curies":[{"name":"wp","href":"https:\/\/api.w.org\/{rel}","templated":true}]}}