{"id":595,"date":"2022-04-03T00:02:13","date_gmt":"2022-04-03T00:02:13","guid":{"rendered":"https:\/\/todoparamascotas.co\/?post_type=product&#038;p=595"},"modified":"2022-04-03T00:14:35","modified_gmt":"2022-04-03T00:14:35","slug":"alimento-para-perro-acana-duck-pear-recipe","status":"publish","type":"product","link":"https:\/\/www.todoparamascotas.co\/?product=alimento-para-perro-acana-duck-pear-recipe","title":{"rendered":"Alimento para Perro Acana Duck &#038; Pear Recipe"},"content":{"rendered":"<div class=\"wpb-content-wrapper\"><p>[vc_row][vc_column][vc_column_text]<\/p>\n<h3><span style=\"font-size: 16px;\">\u00bfQu\u00e9 es <strong>Acana Singles Duck &amp; Pear Recipe<\/strong>?<\/span><\/h3>\n<p>Los alimentos para perro Acana son ricos en prote\u00edna de origen animal con un delicioso sabor que a las mascotas les encanta, y est\u00e1n balanceados con nutritivas frutas, vegetales y hierbas bot\u00e1nicas.<\/p>\n<h3><span style=\"font-size: 16px;\">Beneficios de suministrar <strong>Acana Singles Duck &amp; Pear Recipe<\/strong><\/span><\/h3>\n<p>Con pocos ingredientes para mascotas con est\u00f3magos sensibles.<\/p>\n<p>Acana Singles son las mejores dietas preparadas con un selecto y limitado n\u00famero de ingredientes que hemos hecho hasta ahora.<\/p>\n<ul>\n<li>65% de ingredientes de origen animal de gran calidad.<\/li>\n<li>35% de vegetales frutas y hierbas bot\u00e1nicas.<\/li>\n<li>Vitaminas y minerales esenciales.<\/li>\n<li>0% de gluten, papa o tapioca.<\/li>\n<\/ul>\n<p><strong>Rico en prote\u00edna de origen animal.<\/strong> A\u00fan m\u00e1s ingredientes frescos y crudos excluyendo los guisantes o aislados de prote\u00edna vegetal.<\/p>\n<p><strong>Ayuda a la salud del sistema circulatorio e inmune. <\/strong>Enriquecido con taurina, vitaminas y minerales esenciales para la salud del sistema circulatorio e inmune.<\/p>\n<p><strong>Salud digestiva. <\/strong>El camote es un super alimento rico en fibra que ayuda a la salud estomacal en general.[\/vc_column_text][\/vc_column][\/vc_row]<\/p>\n<\/div>","protected":false},"excerpt":{"rendered":"<p>Acana siempre va m\u00e1s alla, Acana singles son las mejores dietas preparadas con un selecto y limitado n\u00famero de ingredientes. Ricos en prote\u00edna de origen animal<\/p>\n","protected":false},"featured_media":0,"comment_status":"open","ping_status":"closed","template":"","meta":[],"product_brand":[],"product_cat":[15],"product_tag":[],"class_list":{"0":"post-595","1":"product","2":"type-product","3":"status-publish","5":"product_cat-uncategorized","7":"first","8":"instock","9":"shipping-taxable","10":"product-type-simple"},"jetpack_sharing_enabled":true,"_links":{"self":[{"href":"https:\/\/www.todoparamascotas.co\/index.php?rest_route=\/wp\/v2\/product\/595","targetHints":{"allow":["GET"]}}],"collection":[{"href":"https:\/\/www.todoparamascotas.co\/index.php?rest_route=\/wp\/v2\/product"}],"about":[{"href":"https:\/\/www.todoparamascotas.co\/index.php?rest_route=\/wp\/v2\/types\/product"}],"replies":[{"embeddable":true,"href":"https:\/\/www.todoparamascotas.co\/index.php?rest_route=%2Fwp%2Fv2%2Fcomments&post=595"}],"wp:attachment":[{"href":"https:\/\/www.todoparamascotas.co\/index.php?rest_route=%2Fwp%2Fv2%2Fmedia&parent=595"}],"wp:term":[{"taxonomy":"product_brand","embeddable":true,"href":"https:\/\/www.todoparamascotas.co\/index.php?rest_route=%2Fwp%2Fv2%2Fproduct_brand&post=595"},{"taxonomy":"product_cat","embeddable":true,"href":"https:\/\/www.todoparamascotas.co\/index.php?rest_route=%2Fwp%2Fv2%2Fproduct_cat&post=595"},{"taxonomy":"product_tag","embeddable":true,"href":"https:\/\/www.todoparamascotas.co\/index.php?rest_route=%2Fwp%2Fv2%2Fproduct_tag&post=595"}],"curies":[{"name":"wp","href":"https:\/\/api.w.org\/{rel}","templated":true}]}}